{"id":823,"date":"2019-01-21T00:15:46","date_gmt":"2019-01-20T23:15:46","guid":{"rendered":"https:\/\/ojer.pl\/?page_id=823"},"modified":"2023-02-12T21:55:22","modified_gmt":"2023-02-12T20:55:22","slug":"radna-dzielnicy-wawer-dzialania-informacje-z-rady","status":"publish","type":"page","link":"https:\/\/ojer.pl\/?page_id=823","title":{"rendered":"Radna Dzielnicy Wawer \u2013 dzia\u0142ania"},"content":{"rendered":"\n<div class=\"wp-block-media-text alignwide is-stacked-on-mobile\"><figure class=\"wp-block-media-text__media\"><img loading=\"lazy\" decoding=\"async\" width=\"805\" height=\"1024\" src=\"https:\/\/ojer.pl\/wp-content\/uploads\/2022\/01\/20220120_185354-805x1024.jpg\" alt=\"\" class=\"wp-image-1249 size-full\" srcset=\"https:\/\/ojer.pl\/wp-content\/uploads\/2022\/01\/20220120_185354-805x1024.jpg 805w, https:\/\/ojer.pl\/wp-content\/uploads\/2022\/01\/20220120_185354-236x300.jpg 236w, https:\/\/ojer.pl\/wp-content\/uploads\/2022\/01\/20220120_185354-768x977.jpg 768w, https:\/\/ojer.pl\/wp-content\/uploads\/2022\/01\/20220120_185354-1207x1536.jpg 1207w, https:\/\/ojer.pl\/wp-content\/uploads\/2022\/01\/20220120_185354.jpg 1396w\" sizes=\"auto, (max-width: 805px) 100vw, 805px\" \/><\/figure><div class=\"wp-block-media-text__content\">\n<p><br>Le\u015bne place zabaw dobrze wpisuj\u0105 si\u0119 w wawerski krajobraz. Ju\u017c wcze\u015bniej pisa\u0142am, \u017ce staram si\u0119 o taki plac niedaleko przedszkola i szko\u0142y w Mi\u0119dzylesiu.&nbsp; Mam nadziej\u0119, \u017ce ju\u017c nic jemu nie zagrozi. \ud83d\ude42<br>Wa\u017cne jest dla mnie r\u00f3wnie\u017c zlikwidowanie&nbsp; ka\u0142u\u017c i wszelkich zastoin wody w Wawrze. Niektore pami\u0119tam sprzed 40 lat. Ta sprawa jest dla mnie priorytetowa. Spotka\u0144 w tej sprawie by\u0142o wiele i jest to temat nr 1 dla mnie.&nbsp; Niektore uda\u0142o si\u0119 zlikwidowa\u0107 ale to kropla w morzu potrzeb. Mam nadziej\u0119 \u017ce uda si\u0119 zrobi\u0107 znacznie wi\u0119cej.<br>Bior\u0119 udzia\u0142 i jeste\u015bmy po pierwszych rozmowach dotycz\u0105cych poszerzenia ulicy Bursztynowej.&nbsp; Jest tam w\u0105sko i niebezpiecznie.<br>W tym roku mam nadziej\u0119, \u017ce powstan\u0105 ju\u017c \u0142awki w lesie na drodze do Macier\u00f3wki.&nbsp; Je\u017celi chodzi o interpelacj\u0119, kt\u00f3re sk\u0142adam mo\u017cecie je znale\u017a\u0107 na bip. Niektore s\u0105 zrealizowane niekt\u00f3re czekaj\u0105 na realizacji.<\/p>\n<\/div><\/div>\n\n\n<p>Interpelacji- interwencji&nbsp; sk\u0142adane przeze mnie w Dzielnicy Wawer z\u0142o\u017cy\u0142am ponad 30 i&nbsp; znajduj\u0105 si\u0119&nbsp;<\/p>\n<p><a href=\"https:\/\/bip.warszawa.pl\/Menu_podmiotowe\/dzielnice\/Targowek\/Rada_2018_2023\/interpelacje_zapytania\/default.htm?Radny=Anna+Ojer&amp;Organ=2&amp;Dzielnica=13&amp;Kadencja=3&amp;srh=1\">tutaj<\/a>: <a href=\"https:\/\/bip.warszawa.pl\/Menu_podmiotowe\/dzielnice\/Targowek\/Rada_2018_2023\/interpelacje_zapytania\/default.htm?Radny=Anna+Ojer&amp;Organ=2&amp;Dzielnica=13&amp;Kadencja=3&amp;srh=1\">Interpelacje i zapytania (bip.warszawa.pl)<\/a><\/p>\n<p>Interpelacje\/zapytanie w sprawie:<\/p>\n<ul>\n<li>przej\u015bcia dla pieszych w Rado\u015bci,<\/li>\n<li>kina w WCK w Mi\u0119dzylesiu,<\/li>\n<li>przywr\u00f3cenia cz\u0119stotliwo\u015bci kursowania autobusu 125,<\/li>\n<li>zg\u0142oszenia mieszkanki dotyczy dzia\u0142ek miejskich,<\/li>\n<li>progu zwalniaj\u0105cego,<\/li>\n<li>znaku zakazu parkowania ul. Pilawska,<\/li>\n<li>o\u015bwietlenia,<\/li>\n<li>nasadze\u0144 drzew i innej ro\u015blinno\u015bci,<\/li>\n<li>znaku zakazu parkowania,<\/li>\n<li>naprawy p\u0142otu oraz jego podwy\u017cszenie,<\/li>\n<li>Czyszczenia i przegl\u0105du klimatyzacji w Wawerskich Klubach Kultury,<\/li>\n<li>sprawdzenia bezpiecze\u0144stwa na ul. Zwole\u0144skiej,<\/li>\n<li>zagospodarowania terenu przy przej\u015bciu przez ul. Po\u017caryskiego na plac zabaw,<\/li>\n<li>weryfikacji stanu drzewa,<\/li>\n<li>wykonania progu zwalniaj\u0105cego,<\/li>\n<li>wykonania chodnika,<\/li>\n<li>zmiany godzin pracy przychodni przy ul. \u017bega\u0144skiej,<\/li>\n<li>utworzenia przystamku ZTM,<\/li>\n<li>zapewnienia bezpiecze\u0144stwa przy Przedszkolu nr 84 przy ul. Dworcowej w Mi\u0119dzylesiu,<\/li>\n<li>uporz\u0105dkowania terenu przy ulicy \u017bega\u0144skiej r\u00f3g Bielszowickiej,<\/li>\n<li>zabezpieczenia przej\u015bcia dla pieszych w niejscu zw\u0119\u017cenia chodnika przy ul. Bys\u0142awskiej,<\/li>\n<li>weryfikacji stanu drzew na obszarze SP nr 138,<\/li>\n<li>sprawdzenia poprawno\u015bci ewakuacji przeprowadzonych w przedszkolach ( w zwi\u0105zku z informacjami o pod\u0142o\u017ceniu bomby w dniu 27 czerwca 2019r),<\/li>\n<li>przeprowadzenia kontroli legalno\u015bci parkingu przy ul. Wojtyszki,<\/li>\n<li>zmiany sposobu odprowadzania zastoin wodnych na skrzy\u017cowaniu ul. Poprzecznej z ul. Trawiast\u0105<\/li>\n<li>usuni\u0119cia zastoin wodnych powstaj\u0105cych po opadach deszczu przy ul. \u015awiebodzi\u0144skiej r\u00f3g Po\u017caryskiego<\/li>\n<li>usuni\u0119cia zastoin wodnych powstaj\u0105cych po opadach deszczu przy ul. Dzidka Warszawiaka,<\/li>\n<li>zamontowania \u015bmietnika na placu zabaw na rogu ulic Mr\u00f3wczej i Odeskiej,<\/li>\n<li>ustawienia znak\u00f3w pierwsze\u0144stwa przejazdu przy zbiegu ulic Kolarskiej i Po\u017caryskiego,<\/li>\n<li>poprawienia\/ulepszenia odwodnienia powierzchniowego oraz studni ch\u0142onnych na ulicach Patriot\u00f3w, Trakt Lubelski oraz Przewodowej<\/li>\n<li>odwodnienia ulicy Bystrzyckiej oraz Wilgi<\/li>\n<li>odwodnienia ulic<\/li>\n<li>usuni\u0119cia zastoin wodnych na ulicach nale\u017c\u0105cych do ZDM<\/li>\n<li>usuni\u0119cia zastoin wodnych powstaj\u0105cych po opadach deszczowych<\/li>\n<li>cyklicznej konserwacji row\u00f3w ch\u0142onny<\/li>\n<li>remontu ulicy \u0179r\u00f3dlanej<\/li>\n<li>budowy chodnika przy ulicy Dworcowej<\/li>\n<li>sieci wodoci\u0105gowej i kanalizacyjnej,<\/li>\n<li>naprawienia p\u0142otu przy dworcu PKP Mi\u0119dzylesie,<\/li>\n<li>usuni\u0119cia konstrukcji zabawowych (zje\u017cd\u017calni oraz hu\u015btawki) na placu zabaw w Mi\u0119dzylesiu przy ul. Po\u017caryskiego,<\/li>\n<li>remontu mostku przy ul. Bylicowej nad Kana\u0142kiem Wawerskim<\/li>\n<\/ul>\n<table class=\"InterpelacjeResults\">\n<tbody>\n<tr class=\"WyszInterpelacjeParzysta\">\n<td rowspan=\"2\">&nbsp;<\/td>\n<\/tr>\n<\/tbody>\n<\/table>\n<p>Je\u017celi mog\u0119 pomoc w sprawach dotycz\u0105cych Dzielnicy zapraszam do <a href=\"https:\/\/ojer.pl\/?page_id=26\">kontaktu<\/a>.&nbsp;<\/p>\n\n\n<div class=\"wp-block-media-text alignwide is-stacked-on-mobile\"><figure class=\"wp-block-media-text__media\"><img loading=\"lazy\" decoding=\"async\" width=\"1024\" height=\"768\" src=\"https:\/\/ojer.pl\/wp-content\/uploads\/2022\/09\/FB_IMG_1664033873272-1-1024x768.jpg\" alt=\"\" class=\"wp-image-1487 size-full\" srcset=\"https:\/\/ojer.pl\/wp-content\/uploads\/2022\/09\/FB_IMG_1664033873272-1-1024x768.jpg 1024w, https:\/\/ojer.pl\/wp-content\/uploads\/2022\/09\/FB_IMG_1664033873272-1-300x225.jpg 300w, https:\/\/ojer.pl\/wp-content\/uploads\/2022\/09\/FB_IMG_1664033873272-1-768x576.jpg 768w, https:\/\/ojer.pl\/wp-content\/uploads\/2022\/09\/FB_IMG_1664033873272-1-380x285.jpg 380w, https:\/\/ojer.pl\/wp-content\/uploads\/2022\/09\/FB_IMG_1664033873272-1-285x214.jpg 285w, https:\/\/ojer.pl\/wp-content\/uploads\/2022\/09\/FB_IMG_1664033873272-1.jpg 1080w\" sizes=\"auto, (max-width: 1024px) 100vw, 1024px\" \/><\/figure><div class=\"wp-block-media-text__content\">\n<ul class=\"wp-block-list\"><li>Nowe miejsce w Wawrze z bud\u017cetu obywatelskiego. Niewielki skwer ale fajne miejsce w centrum Wawra. <\/li><\/ul>\n<\/div><\/div>\n\n\n\n<div class=\"wp-block-media-text alignwide is-stacked-on-mobile\" style=\"grid-template-columns:51% auto\"><figure class=\"wp-block-media-text__media\"><img loading=\"lazy\" decoding=\"async\" width=\"813\" height=\"1024\" src=\"https:\/\/ojer.pl\/wp-content\/uploads\/2023\/01\/FB_IMG_1671723715249-813x1024.jpg\" alt=\"\" class=\"wp-image-1533 size-full\" srcset=\"https:\/\/ojer.pl\/wp-content\/uploads\/2023\/01\/FB_IMG_1671723715249-813x1024.jpg 813w, https:\/\/ojer.pl\/wp-content\/uploads\/2023\/01\/FB_IMG_1671723715249-238x300.jpg 238w, https:\/\/ojer.pl\/wp-content\/uploads\/2023\/01\/FB_IMG_1671723715249-768x967.jpg 768w, https:\/\/ojer.pl\/wp-content\/uploads\/2023\/01\/FB_IMG_1671723715249.jpg 1080w\" sizes=\"auto, (max-width: 813px) 100vw, 813px\" \/><\/figure><div class=\"wp-block-media-text__content\">\n<blockquote class=\"wp-block-quote is-layout-flow wp-block-quote-is-layout-flow\"><p>Od kilku lat wspieramy razem potrzebuj\u0105cych w Wawrze<\/p><\/blockquote>\n<\/div><\/div>\n\n\n\n<div class=\"wp-block-media-text alignwide is-stacked-on-mobile\"><figure class=\"wp-block-media-text__media\"><img loading=\"lazy\" decoding=\"async\" width=\"1024\" height=\"576\" src=\"https:\/\/ojer.pl\/wp-content\/uploads\/2023\/02\/20230207_0954090-1024x576.jpg\" alt=\"\" class=\"wp-image-1548 size-full\" srcset=\"https:\/\/ojer.pl\/wp-content\/uploads\/2023\/02\/20230207_0954090-1024x576.jpg 1024w, https:\/\/ojer.pl\/wp-content\/uploads\/2023\/02\/20230207_0954090-300x169.jpg 300w, https:\/\/ojer.pl\/wp-content\/uploads\/2023\/02\/20230207_0954090-768x432.jpg 768w, https:\/\/ojer.pl\/wp-content\/uploads\/2023\/02\/20230207_0954090-1536x864.jpg 1536w, https:\/\/ojer.pl\/wp-content\/uploads\/2023\/02\/20230207_0954090-2048x1152.jpg 2048w\" sizes=\"auto, (max-width: 1024px) 100vw, 1024px\" \/><\/figure><div class=\"wp-block-media-text__content\">\n<p class=\"has-large-font-size\">Z nadle\u015bniczym i mieszka\u0144cami rozmawiamy o zmianach jakie zachodz\u0105 w naszym lesie ( droga na Macier\u00f3wk\u0119)<\/p>\n<\/div><\/div>\n\n\n\n<p><\/p>\n\n\n\n<p><\/p>\n\n\n\n<p><strong>Petycja<\/strong><\/p>\n\n\n\n<p><strong>Do Zarz\u0105du Transport Miejskiego w Warszawie<\/strong><\/p>\n\n\n\n<p><strong>Jako mieszka\u0144cy Wawra, wyst\u0119pujemy z pro\u015bb\u0105 o zwi\u0119kszenie cz\u0119stotliwo\u015bci kursowania autobusu 319, a tak\u017ce wprowadzenie kurs\u00f3w w weekendy. Obecnie, cz\u0119stotliwo\u015b\u0107 kursowania autobus\u00f3w jest zbyt ma\u0142a. Brak kurs\u00f3w w weekendy utrudnia&nbsp; dojazd osobom pracuj\u0105cym i ucz\u0105cym sie w weekend.<\/strong><\/p>\n\n\n\n<p>Autobus 319 to jedyna przeprawa przez nowy most dla os\u00f3b, kt\u00f3re nie posiadaj\u0105 samochodu.<\/p>\n\n\n\n<p><strong>Wierzymy, \u017ce zwi\u0119kszenie intensywno\u015bci kursowania autobusu 319 oraz wprowadzenie kurs\u00f3w w weekendy przyniesie korzy\u015bci zar\u00f3wno dla mieszka\u0144c\u00f3w jak i dla miasta. B\u0119dzie to krok w kierunku bardziej zr\u00f3wnowa\u017conego i efektywnego transportu publicznego.&nbsp;<\/strong><\/p>\n\n\n\n<p>Prosimy o rozwa\u017cenie naszej pro\u015bby i podj\u0119cie dzia\u0142a\u0144 w celu jej spe\u0142nienia.&nbsp;<\/p>\n\n\n\n<p><strong>Anna Ojer&nbsp;Radna Dzielnicy Wawer&nbsp;<\/strong><\/p>\n\n\n\n<p>Mieszka\u0144cy Wawra<\/p>\n\n\n\n<p><\/p>\n\n\n\n<p>Zapraszam do g\u0142osowania<\/p>\n\n\n\n<p><a href=\"https:\/\/www.petycjeonline.com\/autobus_319_-_zwikszenie_czstotliwo_kursowania_w_tygodniu_oraz_kursowanie_w_weekendy\">https:\/\/www.petycjeonline.com\/autobus_319_-_zwikszenie_czstotliwo_kursowania_w_tygodniu_oraz_kursowanie_w_weekendy<\/a><\/p>\n","protected":false},"excerpt":{"rendered":"<p>Le\u015bne place zabaw dobrze wpisuj\u0105 si\u0119 w wawerski krajobraz. Ju\u017c wcze\u015bniej pisa\u0142am, \u017ce staram si\u0119 o taki plac niedaleko przedszkola i szko\u0142y w Mi\u0119dzylesiu.&nbsp; Mam nadziej\u0119, \u017ce ju\u017c nic jemu nie zagrozi. \ud83d\ude42Wa\u017cne jest dla mnie r\u00f3wnie\u017c zlikwidowanie&nbsp; ka\u0142u\u017c i wszelkich zastoin wody w Wawrze. Niektore pami\u0119tam sprzed 40 lat. Ta sprawa jest dla mnie<\/p>\n<p class=\"more-link\"><a href=\"https:\/\/ojer.pl\/?page_id=823\" class=\"themebutton\">Read More<\/a><\/p>\n","protected":false},"author":1,"featured_media":0,"parent":0,"menu_order":0,"comment_status":"closed","ping_status":"closed","template":"","meta":{"footnotes":""},"class_list":["post-823","page","type-page","status-publish","hentry"],"_links":{"self":[{"href":"https:\/\/ojer.pl\/index.php?rest_route=\/wp\/v2\/pages\/823","targetHints":{"allow":["GET"]}}],"collection":[{"href":"https:\/\/ojer.pl\/index.php?rest_route=\/wp\/v2\/pages"}],"about":[{"href":"https:\/\/ojer.pl\/index.php?rest_route=\/wp\/v2\/types\/page"}],"author":[{"embeddable":true,"href":"https:\/\/ojer.pl\/index.php?rest_route=\/wp\/v2\/users\/1"}],"replies":[{"embeddable":true,"href":"https:\/\/ojer.pl\/index.php?rest_route=%2Fwp%2Fv2%2Fcomments&post=823"}],"version-history":[{"count":20,"href":"https:\/\/ojer.pl\/index.php?rest_route=\/wp\/v2\/pages\/823\/revisions"}],"predecessor-version":[{"id":1553,"href":"https:\/\/ojer.pl\/index.php?rest_route=\/wp\/v2\/pages\/823\/revisions\/1553"}],"wp:attachment":[{"href":"https:\/\/ojer.pl\/index.php?rest_route=%2Fwp%2Fv2%2Fmedia&parent=823"}],"curies":[{"name":"wp","href":"https:\/\/api.w.org\/{rel}","templated":true}]}}