{"id":78,"date":"2018-07-04T23:43:42","date_gmt":"2018-07-04T21:43:42","guid":{"rendered":"http:\/\/ojer.pl\/?page_id=78"},"modified":"2022-08-20T14:19:06","modified_gmt":"2022-08-20T12:19:06","slug":"w-prasie-2","status":"publish","type":"page","link":"https:\/\/ojer.pl\/?page_id=78","title":{"rendered":"W internecie"},"content":{"rendered":"<p>W internecie, w radiu:<\/p>\n<p><a href=\"https:\/\/warszawiankaroku.um.warszawa.pl\/2018\/\">Konkurs &#8222;Warszawianka Roku&#8221;<\/a><\/p>\n<p><a href=\"https:\/\/www.polskieradio.pl\/7\/5570\/Artykul\/2068280,Kobieta-o-wielkim-sercu\">&#8222;Kobieta o wielkim sercu&#8221; &#8211; Polskie Radio<\/a><\/p>\n<p><a href=\"https:\/\/www.gosc.pl\/doc\/4731584.Anna-od-pomagania\">&#8222;Anna od pomagania&#8221; &#8211; Go\u015b\u0107 <\/a><\/p>\n<p><a href=\"https:\/\/kobieta.onet.pl\/dziecko\/male-dziecko\/choroby-dzieciece\/zarazeni-wirusem-pomagania-sos-mieszkancy-wawra-rodzicom-z-centrum-zdrowia-dziecka-wywiad\/f20jl78\">&#8222;Zara\u017ceni wirusem pomagania. SOS \u2013 mieszka\u0144cy Wawra rodzicom z Centrum Zdrowia Dziecka&#8221; &#8211; Onet.pl<\/a><\/p>\n<p><a href=\"https:\/\/kobieta.onet.pl\/zdrowie\/wiadomosci\/rodzice-ktorzy-stracili-dziecko-potrzebuja-pomocy-jest-apel-do-ministra-zdrowia\/2xxkmvl\">&#8222;Rodzice, kt\u00f3rzy stracili dziecko, potrzebuj\u0105 pomocy. Jest apel do Ministra Zdrowia&#8221; &#8211; Onet.pl<\/a><\/p>\n<p><a href=\"http:\/\/zdrowie.dziennik.pl\/dziecko\/artykuly\/537002,rodzice-rodzicom-wsparciem-w-szpitalnym-zyciu-jakiej-pomocy-potrzebuja.html\">&#8222;Rodzice rodzicom wsparciem w szpitalnym \u017cyciu. Jakiej pomocy potrzebuj\u0105?&#8221; &#8211; dziennik.pl<\/a><\/p>\n<p><a href=\"https:\/\/theworldnews.net\/pl-news\/rzad-chce-pomagac-rodzicom-ktorzy-straca-dziecko\">&#8222;Rz\u0105d chce pomaga\u0107 rodzicom, kt\u00f3rzy strac\u0105 dziecko&#8221; &#8211; theworldnew<\/a><\/p>\n<p><a href=\"https:\/\/spolecznik20.pl\/spoldzielnia-pomyslow\/958\">Wygrany konkurs &#8211; Spo\u0142ecznik20<\/a><\/p>\n<p><a href=\"http:\/\/natemat.pl\/210787\">&#8222;Wszystkie twarze dobra&#8221; &#8211; Orange<\/a><\/p>\n<p><a href=\"http:\/\/www.rp.pl\/Rzad-PiS\/303269933-Rzad-chce-pomagac-rodzicom-ktorzy-straca-dziecko.html\">&#8222;Rz\u0105d chce pomaga\u0107 rodzicom, kt\u00f3rzy strac\u0105 dziecko&#8221; &#8211; Rzeczpospolita<\/a><\/p>\n<p><a href=\"http:\/\/warszawa.wyborcza.pl\/warszawa\/1,34862,20021089,pomoc-rodzicom-w-centrum-zdrowia-dziecka.html\">&#8222;Pom\u00f3c rodzicom w Centrum Zdrowia Dziecka&#8221; &#8211; Gazeta Wyborcza<\/a><\/p>\n<p><a href=\"http:\/\/tustolica.pl\/rozpacz-matki-bezradny-szpital-pomogli-mieszkancy-wawra_76991\">&#8222;Pomogli mieszka\u0144cy Wawra&#8221; &#8211; Tustolica<\/a><\/p>\n<p><a href=\"https:\/\/stowarzyszeniewawer.pl\/twoje-nowinki\">&#8222;Mieszka\u0144cy Wawra pomagaj\u0105 potrzebuj\u0105cym&#8221; &#8211; Stowarzyszenie Wawer<\/a><\/p>\n<p><a href=\"http:\/\/www.wiadomoscisasiedzkie.pl\/news\/110\/n\/9489\">&#8222;Mieszka\u0144cy Wawra pomagaj\u0105 rodzicom dzieci z Centrum Zdrowia Dziecka&#8221; &#8211; Wiadomo\u015bci S\u0105siedzkie<\/a><\/p>\n<p><a href=\"http:\/\/tustolica.pl\/tysiace-chetnych-do-pomocy-kapitalna-akcja-w-wawrze_74324\">&#8222;Tysi\u0105ce ch\u0119tnych do pomocy. Kapitalna akcja w Wawrze&#8221; &#8211; TuWawer<\/a><\/p>\n<p><a href=\"http:\/\/gazetawawerska.pl\/2017\/10\/17\/mieszkancy-wawra-polaczyli-sily-aby-pomoc-potrzebujacym\/\">&#8222;Mieszka\u0144cy Wawra po\u0142\u0105czyli si\u0142y aby pom\u00f3c potrzebuj\u0105cym.&#8221; &#8211; Gazeta Wawerska <\/a><\/p>\n<p><a href=\"https:\/\/iwawer.pl\/artykul\/potrzebny-paczkomat-w\/260957\">&#8222;Potrzebny paczkomat w CZD. Podpisujemy petycj\u0119!&#8221; &#8211; iWawer<\/a><\/p>\n<p><a href=\"http:\/\/www.bajkowa.waw.pl\/index.php?p=main&amp;what=1220\">&#8222;PIKNIK RODZINNY MAZOWIECKIEJ FUNDACJI RODZIN ZAST\u0118PCZYCH W Z\u0104BKACH&#8221; &#8211; Szko\u0142a przy ul. Bajkowej<\/a><\/p>\n<p><a href=\"http:\/\/ktocojakwawer.blogspot.com\/2017\/01\/anna-ojer-mieszkanka-redaktorka.html\">&#8222;ANNA OJER &#8211; mieszkanka, redaktorka, wolontariuszka&#8221; &#8211; Kto co jak<\/a><\/p>\n<p><a href=\"https:\/\/nauka.trojmiasto.pl\/AMW-ufundowala-dzwon-pacjentom-oddzialu-onkologicznego-n108383.html\">&#8222;AMW ufundowa\u0142a dzwon pacjentom oddzia\u0142u onkologicznego&#8221; &#8211; Tr\u00f3jmiasto<\/a><\/p>\n<p><a href=\"https:\/\/www.polskieradio.pl\/80\/1007\/Artykul\/1668245,Pomocni-reportaz-Jakuba-Tarki\">&#8222;Pomocni&#8221; &#8211; Polskie Radio<\/a><\/p>\n","protected":false},"excerpt":{"rendered":"<p>W internecie, w radiu: Konkurs &#8222;Warszawianka Roku&#8221; &#8222;Kobieta o wielkim sercu&#8221; &#8211; Polskie Radio &#8222;Anna od pomagania&#8221; &#8211; Go\u015b\u0107 &#8222;Zara\u017ceni wirusem pomagania. SOS \u2013 mieszka\u0144cy Wawra rodzicom z Centrum Zdrowia Dziecka&#8221; &#8211; Onet.pl &#8222;Rodzice, kt\u00f3rzy stracili dziecko, potrzebuj\u0105 pomocy. Jest apel do Ministra Zdrowia&#8221; &#8211; Onet.pl &#8222;Rodzice rodzicom wsparciem w szpitalnym \u017cyciu. Jakiej pomocy potrzebuj\u0105?&#8221;<\/p>\n<p class=\"more-link\"><a href=\"https:\/\/ojer.pl\/?page_id=78\" class=\"themebutton\">Read More<\/a><\/p>\n","protected":false},"author":1,"featured_media":0,"parent":0,"menu_order":0,"comment_status":"closed","ping_status":"closed","template":"","meta":{"footnotes":""},"class_list":["post-78","page","type-page","status-publish","hentry"],"_links":{"self":[{"href":"https:\/\/ojer.pl\/index.php?rest_route=\/wp\/v2\/pages\/78","targetHints":{"allow":["GET"]}}],"collection":[{"href":"https:\/\/ojer.pl\/index.php?rest_route=\/wp\/v2\/pages"}],"about":[{"href":"https:\/\/ojer.pl\/index.php?rest_route=\/wp\/v2\/types\/page"}],"author":[{"embeddable":true,"href":"https:\/\/ojer.pl\/index.php?rest_route=\/wp\/v2\/users\/1"}],"replies":[{"embeddable":true,"href":"https:\/\/ojer.pl\/index.php?rest_route=%2Fwp%2Fv2%2Fcomments&post=78"}],"version-history":[{"count":24,"href":"https:\/\/ojer.pl\/index.php?rest_route=\/wp\/v2\/pages\/78\/revisions"}],"predecessor-version":[{"id":1456,"href":"https:\/\/ojer.pl\/index.php?rest_route=\/wp\/v2\/pages\/78\/revisions\/1456"}],"wp:attachment":[{"href":"https:\/\/ojer.pl\/index.php?rest_route=%2Fwp%2Fv2%2Fmedia&parent=78"}],"curies":[{"name":"wp","href":"https:\/\/api.w.org\/{rel}","templated":true}]}}