{"id":77,"date":"2018-07-04T23:43:42","date_gmt":"2018-07-04T21:43:42","guid":{"rendered":"http:\/\/ojer.pl\/?page_id=77"},"modified":"2022-08-20T14:15:39","modified_gmt":"2022-08-20T12:15:39","slug":"w-telewizji","status":"publish","type":"page","link":"https:\/\/ojer.pl\/?page_id=77","title":{"rendered":"W telewizji"},"content":{"rendered":"<p>W TV:<\/p>\n<p><a href=\"https:\/\/ojer.pl\/wp-content\/uploads\/2019\/09\/69663988_1347404208771357_2483779750485557248_n.jpg\"><img loading=\"lazy\" decoding=\"async\" class=\"alignnone size-medium wp-image-879\" src=\"https:\/\/ojer.pl\/wp-content\/uploads\/2019\/09\/69663988_1347404208771357_2483779750485557248_n-300x300.jpg\" alt=\"\" width=\"300\" height=\"300\" srcset=\"https:\/\/ojer.pl\/wp-content\/uploads\/2019\/09\/69663988_1347404208771357_2483779750485557248_n-300x300.jpg 300w, https:\/\/ojer.pl\/wp-content\/uploads\/2019\/09\/69663988_1347404208771357_2483779750485557248_n-150x150.jpg 150w, https:\/\/ojer.pl\/wp-content\/uploads\/2019\/09\/69663988_1347404208771357_2483779750485557248_n-120x120.jpg 120w, https:\/\/ojer.pl\/wp-content\/uploads\/2019\/09\/69663988_1347404208771357_2483779750485557248_n-105x105.jpg 105w, https:\/\/ojer.pl\/wp-content\/uploads\/2019\/09\/69663988_1347404208771357_2483779750485557248_n-570x570.jpg 570w, https:\/\/ojer.pl\/wp-content\/uploads\/2019\/09\/69663988_1347404208771357_2483779750485557248_n-380x380.jpg 380w, https:\/\/ojer.pl\/wp-content\/uploads\/2019\/09\/69663988_1347404208771357_2483779750485557248_n-285x285.jpg 285w, https:\/\/ojer.pl\/wp-content\/uploads\/2019\/09\/69663988_1347404208771357_2483779750485557248_n.jpg 741w\" sizes=\"auto, (max-width: 300px) 100vw, 300px\" \/><\/a><\/p>\n<p><a href=\"https:\/\/vod.tvp.pl\/video\/magazyn-ekspresu-reporterow\/14032017\/29178984\">Magazyn Expressu Reporter\u00f3w<\/a><\/p>\n<p><a href=\"https:\/\/vod.tvp.pl\/video\/magazyn-ekspresu-reporterow,specjalne-wydanie-swiateczne-24122017,35305345\">Magazyn Expressu Reporter\u00f3w wydanie \u015bwi\u0105teczne<\/a><\/p>\n<p><a href=\"http:\/\/www.nowa.tv\/24-godziny\/grupa-z-wawra-pomaga-rodzicom-z-czd,763\/\">Telewizja Nowa<\/a><\/p>\n<p><a href=\"http:\/\/www.nowa.tv\/24-godziny\/dzwon-zwyciezcy-zawisl-w-centrum-zdrowia-dziecka,635\/\">Telewizja Nowa<\/a><\/p>\n<p><a href=\"https:\/\/pytanienasniadanie.tvp.pl\/29485749\/sos-mieszkancy-wawra-rodzicom-z-czd\">Pytanie na \u015aniadanie<\/a><\/p>\n<p><a href=\"https:\/\/warszawa.tvp.pl\/40886342\/16012019\">Przewodnik po duszy. Anna Ojer\u00a0<\/a><\/p>\n\n\n<p><\/p>\n","protected":false},"excerpt":{"rendered":"<p>W TV: Magazyn Expressu Reporter\u00f3w Magazyn Expressu Reporter\u00f3w wydanie \u015bwi\u0105teczne Telewizja Nowa Telewizja Nowa Pytanie na \u015aniadanie Przewodnik po duszy. Anna Ojer\u00a0<\/p>\n","protected":false},"author":1,"featured_media":0,"parent":0,"menu_order":0,"comment_status":"closed","ping_status":"closed","template":"","meta":{"footnotes":""},"class_list":["post-77","page","type-page","status-publish","hentry"],"_links":{"self":[{"href":"https:\/\/ojer.pl\/index.php?rest_route=\/wp\/v2\/pages\/77","targetHints":{"allow":["GET"]}}],"collection":[{"href":"https:\/\/ojer.pl\/index.php?rest_route=\/wp\/v2\/pages"}],"about":[{"href":"https:\/\/ojer.pl\/index.php?rest_route=\/wp\/v2\/types\/page"}],"author":[{"embeddable":true,"href":"https:\/\/ojer.pl\/index.php?rest_route=\/wp\/v2\/users\/1"}],"replies":[{"embeddable":true,"href":"https:\/\/ojer.pl\/index.php?rest_route=%2Fwp%2Fv2%2Fcomments&post=77"}],"version-history":[{"count":10,"href":"https:\/\/ojer.pl\/index.php?rest_route=\/wp\/v2\/pages\/77\/revisions"}],"predecessor-version":[{"id":1455,"href":"https:\/\/ojer.pl\/index.php?rest_route=\/wp\/v2\/pages\/77\/revisions\/1455"}],"wp:attachment":[{"href":"https:\/\/ojer.pl\/index.php?rest_route=%2Fwp%2Fv2%2Fmedia&parent=77"}],"curies":[{"name":"wp","href":"https:\/\/api.w.org\/{rel}","templated":true}]}}