{"id":75,"date":"2018-07-04T23:43:42","date_gmt":"2018-07-04T21:43:42","guid":{"rendered":"http:\/\/ojer.pl\/?page_id=75"},"modified":"2022-09-24T19:25:29","modified_gmt":"2022-09-24T17:25:29","slug":"jak-pomagamy","status":"publish","type":"page","link":"https:\/\/ojer.pl\/?page_id=75","title":{"rendered":"Jak pomagamy"},"content":{"rendered":"<p>\u00a0<\/p>\n<p>\u00a0<\/p>\n<center><a href=\"http:\/\/ojer.pl\/wp-content\/uploads\/2018\/07\/14355697_603026279870803_5208360373458169084_n.png\"><img loading=\"lazy\" decoding=\"async\" class=\"alignnone  wp-image-625\" src=\"http:\/\/ojer.pl\/wp-content\/uploads\/2018\/07\/14355697_603026279870803_5208360373458169084_n-300x168.png\" alt=\"\" width=\"607\" height=\"340\" srcset=\"https:\/\/ojer.pl\/wp-content\/uploads\/2018\/07\/14355697_603026279870803_5208360373458169084_n-300x168.png 300w, https:\/\/ojer.pl\/wp-content\/uploads\/2018\/07\/14355697_603026279870803_5208360373458169084_n.png 479w\" sizes=\"auto, (max-width: 607px) 100vw, 607px\" \/><\/a><\/center>\n<p>\u00a0<\/p>\n<p>Jak mo\u017cna pom\u00f3c rodzicowi w szpitalu? To bardzo proste. Mo\u017cna zawie\u017a\u0107 \u0142\u00f3\u017cko aby mia\u0142 na czym spa\u0107, koc, poduszk\u0119, \u015brodki czysto\u015bci wszystko to co potrzebne aby rodzic m\u00f3g\u0142 stworzy\u0107 sobie w szpitalu namiastk\u0119 domu. Aby m\u00f3g\u0142 w godnych warunkach przetrwa\u0107 kolejne dni, tygodnie a nawet miesi\u0105ce. Nieraz trzeba zrobi\u0107 pranie, zakupy, podrzuci\u0107 do ostatniego poci\u0105gu w danym dniu a nieraz wystarczy rozmowa.<br \/>Zdarza si\u0119, \u017ce w poranek wigilijny zawozimy rodzicom potrawy \u015bwi\u0105teczne&#8230;.<br \/>Zdarza si\u0119, \u017ce zawozimy w\u00f3zek dla dziecka, aby rodzic nie musia\u0142 nosi\u0107 dziecka na r\u0119kach by m\u00f3g\u0142 odpocz\u0105\u0107&#8230;<br \/>Zdarza si\u0119, \u017ce zawozimy w upalny dzie\u0144 wiatrak&#8230;<br \/>Zdarza si\u0119, \u017ce kto\u015b robi nale\u015bniki i zawozi dla dziecka, kt\u00f3re w szpitalu jest ju\u017c wiele miesi\u0119cy&#8230;<br \/>Zdarza si\u0119, \u017ce kto\u015b zawozi buty dla mamy kt\u00f3rej tak nogi spuch\u0142y \u017ce nie ma jak wr\u00f3ci\u0107 do domu&#8230;.<br \/>Zdarza si\u0119, \u017ce organizujemy urodziny 18 letniej mamie przebywaj\u0105cej w szpitalu z chorym dzieckiem&#8230;.<\/p>\n<p>Wszystko mo\u017ce si\u0119 zdarzy\u0107&#8230;<\/p>\n<p>Opr\u00f3cz dora\u017anej niemal codziennej pomocy rodzicom, przeprowadzamy sta\u0142e akcje u\u0142atwiaj\u0105ce im \u017cycie w szpitalu.<br \/>Uzupe\u0142niamy kuchenki rodzic\u00f3w na oddzia\u0142ach. Przywozimy talerze, sztu\u0107ce, czajniki. A wszystko po to aby u\u0142atwi\u0107 rodzicom w szpitalu \u017cycie, kt\u00f3re i tak nie jest tam proste.<br \/>W T\u0142usty czwartek cz\u0119stujemy rodzic\u00f3w p\u0105czkami, na \u015bwi\u0119ta organizujemy prezenty dla rodzic\u00f3w i dzieci.<br \/>Z wygranych konkurs\u00f3w i dzi\u0119ki wspania\u0142ym darczy\u0144com przekazali\u015bmy do szpitala ponad 20 sof, ponad 40 \u0142\u00f3\u017cek polowych \u2013 aby rodzice mogli si\u0119 wyspa\u0107 i odpocz\u0105\u0107.<\/p>\n<p>Pomoc kierujemy nie tylko do rodzic\u00f3w ale i do dzieci.<\/p>\n<p>Organizujemy k\u0105ciki dla dzieci, uzupe\u0142niamy zabawki w k\u0105ciakach, przekazujemy zabawki do gabinet\u00f3w a wszystko po to aby dzieci chocia\u017c przez chwil\u0119 zapomnia\u0142y o tym gdzie s\u0105.<\/p>\n<p>\u00a0<\/p>\n<p><a href=\"http:\/\/ojer.pl\/wp-content\/uploads\/2018\/07\/20953985_844257519086031_3589179267619482215_n-1.png\"><img loading=\"lazy\" decoding=\"async\" class=\"alignnone  wp-image-605\" src=\"http:\/\/ojer.pl\/wp-content\/uploads\/2018\/07\/20953985_844257519086031_3589179267619482215_n-1-225x300.png\" alt=\"\" width=\"409\" height=\"545\" srcset=\"https:\/\/ojer.pl\/wp-content\/uploads\/2018\/07\/20953985_844257519086031_3589179267619482215_n-1-225x300.png 225w, https:\/\/ojer.pl\/wp-content\/uploads\/2018\/07\/20953985_844257519086031_3589179267619482215_n-1.png 360w\" sizes=\"auto, (max-width: 409px) 100vw, 409px\" \/><\/a><\/p>\n<p>Przygotowujemy akcje tematyczne np.<\/p>\n<p>\u00a0<\/p>\n<p>\u00a0<\/p>\n<center><a href=\"http:\/\/ojer.pl\/wp-content\/uploads\/2018\/07\/13781803_632773553567763_5782449402571735938_n.jpg\"><img loading=\"lazy\" decoding=\"async\" class=\"wp-image-558 alignleft\" src=\"http:\/\/ojer.pl\/wp-content\/uploads\/2018\/07\/13781803_632773553567763_5782449402571735938_n-300x168.jpg\" alt=\"\" width=\"414\" height=\"232\" srcset=\"https:\/\/ojer.pl\/wp-content\/uploads\/2018\/07\/13781803_632773553567763_5782449402571735938_n-300x168.jpg 300w, https:\/\/ojer.pl\/wp-content\/uploads\/2018\/07\/13781803_632773553567763_5782449402571735938_n.jpg 350w\" sizes=\"auto, (max-width: 414px) 100vw, 414px\" \/><\/a><br \/>&#8211; Akcja&#8221; O\u017cywania zabawek&#8221; &#8211; zbierali\u015bmy baterie aby zabawki w szpitalu mog\u0142y zosta\u0107 o\u017cywione,( akcja by\u0142a organizowana 2x)<br \/>Do akcji w\u0142\u0105czy\u0142o si\u0119 kilkadziesi\u0105t szk\u00f3\u0142, przedszkoli, firm i wiele os\u00f3b prywatnych.\n<p>\u00a0<\/p>\n<p>\u00a0<\/p>\n<p><a href=\"http:\/\/ojer.pl\/wp-content\/uploads\/2018\/07\/31252998_975246719320443_5373164677635956671_n.png\"><img loading=\"lazy\" decoding=\"async\" class=\"wp-image-550 aligncenter\" src=\"http:\/\/ojer.pl\/wp-content\/uploads\/2018\/07\/31252998_975246719320443_5373164677635956671_n-300x225.png\" alt=\"\" width=\"667\" height=\"501\" srcset=\"https:\/\/ojer.pl\/wp-content\/uploads\/2018\/07\/31252998_975246719320443_5373164677635956671_n-300x225.png 300w, https:\/\/ojer.pl\/wp-content\/uploads\/2018\/07\/31252998_975246719320443_5373164677635956671_n-380x285.png 380w, https:\/\/ojer.pl\/wp-content\/uploads\/2018\/07\/31252998_975246719320443_5373164677635956671_n-285x214.png 285w, https:\/\/ojer.pl\/wp-content\/uploads\/2018\/07\/31252998_975246719320443_5373164677635956671_n.png 480w\" sizes=\"auto, (max-width: 667px) 100vw, 667px\" \/><\/a><\/p>\n<p><a href=\"http:\/\/ojer.pl\/wp-content\/uploads\/2018\/07\/15267764_1209432312475206_6272992843266471726_n.png\">&#8211; Akcja Balon dla ka\u017cdego dziecka &#8211; zebrali\u015bmy ponad 600 helowych balon\u00f3w i przekazali\u015bmy dzieciom.<\/a><\/p>\n<p>\u00a0<\/p>\n<p><a style=\"font-size: revert;\" href=\"http:\/\/ojer.pl\/wp-content\/uploads\/2018\/07\/15723450_716890485156069_4980021567578242601_o.png\"><img loading=\"lazy\" decoding=\"async\" class=\"wp-image-627 aligncenter\" src=\"http:\/\/ojer.pl\/wp-content\/uploads\/2018\/07\/15723450_716890485156069_4980021567578242601_o-300x132.png\" alt=\"\" width=\"543\" height=\"239\" srcset=\"https:\/\/ojer.pl\/wp-content\/uploads\/2018\/07\/15723450_716890485156069_4980021567578242601_o-300x132.png 300w, https:\/\/ojer.pl\/wp-content\/uploads\/2018\/07\/15723450_716890485156069_4980021567578242601_o-768x338.png 768w, https:\/\/ojer.pl\/wp-content\/uploads\/2018\/07\/15723450_716890485156069_4980021567578242601_o-1024x450.png 1024w, https:\/\/ojer.pl\/wp-content\/uploads\/2018\/07\/15723450_716890485156069_4980021567578242601_o.png 1228w\" sizes=\"auto, (max-width: 543px) 100vw, 543px\" \/><\/a><\/p>\n<p style=\"text-align: left;\">&#8211; Akcja Pluszak na sale wybudze\u0144 po operacji \u2013 aby dziecko po wybudzeniu mia\u0142o przy sobie ma\u0142ego pluszowego przyjaciela.<\/p>\n<p>\u00a0<\/p>\n<p>\u00a0<\/p>\n<\/center><center>\n<p>\u00a0<\/p>\n<p>&#8211; Akcja &#8222;Iskierka \u015bwi\u0105teczna&#8221; organizowana ju\u017c dwukrotnie \u2013 wszystkim dzieciom w szpitalu przekazali\u015bmy torb\u0119 pe\u0142n\u0105 zabawek.<\/p>\n<p><a href=\"http:\/\/ojer.pl\/wp-content\/uploads\/2018\/07\/13653012_634918976686554_5850960633250344615_o-1.png\"><img loading=\"lazy\" decoding=\"async\" class=\"wp-image-548 aligncenter\" src=\"http:\/\/ojer.pl\/wp-content\/uploads\/2018\/07\/13653012_634918976686554_5850960633250344615_o-1-300x200.png\" alt=\"\" width=\"536\" height=\"358\" srcset=\"https:\/\/ojer.pl\/wp-content\/uploads\/2018\/07\/13653012_634918976686554_5850960633250344615_o-1-300x200.png 300w, https:\/\/ojer.pl\/wp-content\/uploads\/2018\/07\/13653012_634918976686554_5850960633250344615_o-1-380x254.png 380w, https:\/\/ojer.pl\/wp-content\/uploads\/2018\/07\/13653012_634918976686554_5850960633250344615_o-1-285x190.png 285w, https:\/\/ojer.pl\/wp-content\/uploads\/2018\/07\/13653012_634918976686554_5850960633250344615_o-1.png 486w\" sizes=\"auto, (max-width: 536px) 100vw, 536px\" \/><\/a><br \/>&#8211; Akcja karuzela nad \u0142\u00f3\u017ceczko szpitalne \u2013 zebrali\u015bmy i powiesili\u015bmy w szpitalu kilkadziesi\u0105t karuzel graj\u0105cych dla<br \/>niemowl\u0105t.<\/p>\n<p><a href=\"http:\/\/ojer.pl\/wp-content\/uploads\/2018\/07\/24796314_896816090496840_4729349160526286984_n.png\"><img loading=\"lazy\" decoding=\"async\" class=\"wp-image-547 aligncenter\" src=\"http:\/\/ojer.pl\/wp-content\/uploads\/2018\/07\/24796314_896816090496840_4729349160526286984_n-300x225.png\" alt=\"\" width=\"487\" height=\"365\" srcset=\"https:\/\/ojer.pl\/wp-content\/uploads\/2018\/07\/24796314_896816090496840_4729349160526286984_n-300x225.png 300w, https:\/\/ojer.pl\/wp-content\/uploads\/2018\/07\/24796314_896816090496840_4729349160526286984_n-380x285.png 380w, https:\/\/ojer.pl\/wp-content\/uploads\/2018\/07\/24796314_896816090496840_4729349160526286984_n-285x214.png 285w, https:\/\/ojer.pl\/wp-content\/uploads\/2018\/07\/24796314_896816090496840_4729349160526286984_n.png 480w\" sizes=\"auto, (max-width: 487px) 100vw, 487px\" \/><\/a><br \/>&#8211; Akcja \u015bwie\u017cak \u2013 zebrali\u015bmy kilkaset pluszak\u00f3w tzw. \u015bwie\u017cak\u00f3w. By\u0142a to duza akcja og\u00f3lnopolska. Z ca\u0142ego kraju ludzie przysy\u0142ali naklejki aby\u015bmy mogli uzbiera\u0107 tyle \u015bwie\u017cak\u00f3w aby starczy\u0142o dla ka\u017cdego dziecka.<\/p>\n<p><a href=\"http:\/\/ojer.pl\/wp-content\/uploads\/2018\/07\/DSC_9044v2.png\"><img loading=\"lazy\" decoding=\"async\" class=\"wp-image-560 aligncenter\" src=\"http:\/\/ojer.pl\/wp-content\/uploads\/2018\/07\/DSC_9044v2.png\" alt=\"\" width=\"592\" height=\"394\" \/><\/a><br \/>Z Inicjatywy SOS ze wsparciem Akademii Marynarki Wojennej na oddziale onkologii zosta\u0142 powieszony dzwon zwyci\u0119stwa. Dzwon, kt\u00f3rym biciem oznajmiany jest koniec walki z tym trudnym przeciwnikiem.<\/p>\n<p><a href=\"http:\/\/ojer.pl\/wp-content\/uploads\/2018\/07\/13987643_640722446106207_4020108805501512747_o.png\"><img loading=\"lazy\" decoding=\"async\" class=\"alignnone size-medium wp-image-556\" src=\"http:\/\/ojer.pl\/wp-content\/uploads\/2018\/07\/13987643_640722446106207_4020108805501512747_o-300x169.png\" alt=\"\" width=\"300\" height=\"169\" srcset=\"https:\/\/ojer.pl\/wp-content\/uploads\/2018\/07\/13987643_640722446106207_4020108805501512747_o-300x169.png 300w, https:\/\/ojer.pl\/wp-content\/uploads\/2018\/07\/13987643_640722446106207_4020108805501512747_o-768x432.png 768w, https:\/\/ojer.pl\/wp-content\/uploads\/2018\/07\/13987643_640722446106207_4020108805501512747_o.png 1024w\" sizes=\"auto, (max-width: 300px) 100vw, 300px\" \/><\/a><a href=\"http:\/\/ojer.pl\/wp-content\/uploads\/2018\/07\/13626952_623551334489985_6568090888668536206_n.png\"><img loading=\"lazy\" decoding=\"async\" class=\"alignnone size-medium wp-image-588\" src=\"http:\/\/ojer.pl\/wp-content\/uploads\/2018\/07\/13626952_623551334489985_6568090888668536206_n-169x300.png\" alt=\"\" width=\"169\" height=\"300\" srcset=\"https:\/\/ojer.pl\/wp-content\/uploads\/2018\/07\/13626952_623551334489985_6568090888668536206_n-169x300.png 169w, https:\/\/ojer.pl\/wp-content\/uploads\/2018\/07\/13626952_623551334489985_6568090888668536206_n.png 324w\" sizes=\"auto, (max-width: 169px) 100vw, 169px\" \/><\/a><a href=\"http:\/\/ojer.pl\/wp-content\/uploads\/2018\/07\/13754615_631834426995009_8529033246883196627_n.png\"><img loading=\"lazy\" decoding=\"async\" class=\"alignnone size-medium wp-image-589\" src=\"http:\/\/ojer.pl\/wp-content\/uploads\/2018\/07\/13754615_631834426995009_8529033246883196627_n-180x300.png\" alt=\"\" width=\"180\" height=\"300\" srcset=\"https:\/\/ojer.pl\/wp-content\/uploads\/2018\/07\/13754615_631834426995009_8529033246883196627_n-180x300.png 180w, https:\/\/ojer.pl\/wp-content\/uploads\/2018\/07\/13754615_631834426995009_8529033246883196627_n.png 345w\" sizes=\"auto, (max-width: 180px) 100vw, 180px\" \/><\/a><br \/>Przekazali\u015bmy golarki ( dla dzieci szykowanych na zabiegi), suszarki do w\u0142os\u00f3w dla dzieci korzystaj\u0105cych z basenu, pufy aby wygodniej by\u0142o oczekiwa\u0107 w kolejce do gabinetu w poradni.<\/p>\n<p><a href=\"http:\/\/ojer.pl\/wp-content\/uploads\/2018\/07\/21686367_858606630984453_5587761181259793786_n.png\"><img loading=\"lazy\" decoding=\"async\" class=\"alignnone size-medium wp-image-578\" src=\"http:\/\/ojer.pl\/wp-content\/uploads\/2018\/07\/21686367_858606630984453_5587761181259793786_n-225x300.png\" alt=\"\" width=\"225\" height=\"300\" srcset=\"https:\/\/ojer.pl\/wp-content\/uploads\/2018\/07\/21686367_858606630984453_5587761181259793786_n-225x300.png 225w, https:\/\/ojer.pl\/wp-content\/uploads\/2018\/07\/21686367_858606630984453_5587761181259793786_n.png 504w\" sizes=\"auto, (max-width: 225px) 100vw, 225px\" \/><\/a><a href=\"http:\/\/ojer.pl\/wp-content\/uploads\/2018\/07\/21766504_859187117593071_4633833834116412701_n.png\"><img loading=\"lazy\" decoding=\"async\" class=\"alignnone size-medium wp-image-579\" src=\"http:\/\/ojer.pl\/wp-content\/uploads\/2018\/07\/21766504_859187117593071_4633833834116412701_n-225x300.png\" alt=\"\" width=\"225\" height=\"300\" srcset=\"https:\/\/ojer.pl\/wp-content\/uploads\/2018\/07\/21766504_859187117593071_4633833834116412701_n-225x300.png 225w, https:\/\/ojer.pl\/wp-content\/uploads\/2018\/07\/21766504_859187117593071_4633833834116412701_n.png 504w\" sizes=\"auto, (max-width: 225px) 100vw, 225px\" \/><\/a><br \/>&#8211; Przekazali\u015bmy r\u00f3wnie\u017c wiele w\u00f3zk\u00f3w rodzicom w CZD<\/p>\n<p><a href=\"http:\/\/ojer.pl\/wp-content\/uploads\/2018\/07\/13432153_612696138908838_3008739535352193319_n.png\"><img loading=\"lazy\" decoding=\"async\" class=\"alignnone size-medium wp-image-581\" src=\"http:\/\/ojer.pl\/wp-content\/uploads\/2018\/07\/13432153_612696138908838_3008739535352193319_n-169x300.png\" alt=\"\" width=\"169\" height=\"300\" srcset=\"https:\/\/ojer.pl\/wp-content\/uploads\/2018\/07\/13432153_612696138908838_3008739535352193319_n-169x300.png 169w, https:\/\/ojer.pl\/wp-content\/uploads\/2018\/07\/13432153_612696138908838_3008739535352193319_n.png 270w\" sizes=\"auto, (max-width: 169px) 100vw, 169px\" \/><\/a><br \/>-Przekazali\u015bmy wiele zabawek drobnych do gabinet\u00f3w jako pocieszenie po wizycie<\/p>\n<p><a href=\"http:\/\/ojer.pl\/wp-content\/uploads\/2018\/07\/13241262_10209572173691027_5335940582459630421_n.png\"><img loading=\"lazy\" decoding=\"async\" class=\"wp-image-586 aligncenter\" src=\"http:\/\/ojer.pl\/wp-content\/uploads\/2018\/07\/13241262_10209572173691027_5335940582459630421_n-225x300.png\" alt=\"\" width=\"585\" height=\"780\" srcset=\"https:\/\/ojer.pl\/wp-content\/uploads\/2018\/07\/13241262_10209572173691027_5335940582459630421_n-225x300.png 225w, https:\/\/ojer.pl\/wp-content\/uploads\/2018\/07\/13241262_10209572173691027_5335940582459630421_n.png 432w\" sizes=\"auto, (max-width: 585px) 100vw, 585px\" \/><\/a><br \/>&#8211; uzupe\u0142niamy ksi\u0105\u017cki w bookstopach szpitalnych<\/p>\n<p><a href=\"http:\/\/ojer.pl\/wp-content\/uploads\/2018\/07\/czd-basen.png\"><img loading=\"lazy\" decoding=\"async\" class=\"alignnone  wp-image-611\" src=\"http:\/\/ojer.pl\/wp-content\/uploads\/2018\/07\/czd-basen.png\" alt=\"\" width=\"578\" height=\"697\" \/><\/a><br \/>&#8211; Dzi\u0119ki wspania\u0142ym ludziom pomagamy r\u00f3wnie\u017c na basenie w CZD<\/p>\n<p><a href=\"http:\/\/ojer.pl\/wp-content\/uploads\/2018\/07\/16830650_746322072212910_4409295225685529245_n.png\"><img loading=\"lazy\" decoding=\"async\" class=\"alignnone size-medium wp-image-600\" src=\"http:\/\/ojer.pl\/wp-content\/uploads\/2018\/07\/16830650_746322072212910_4409295225685529245_n-225x300.png\" alt=\"\" width=\"225\" height=\"300\" srcset=\"https:\/\/ojer.pl\/wp-content\/uploads\/2018\/07\/16830650_746322072212910_4409295225685529245_n-225x300.png 225w, https:\/\/ojer.pl\/wp-content\/uploads\/2018\/07\/16830650_746322072212910_4409295225685529245_n.png 360w\" sizes=\"auto, (max-width: 225px) 100vw, 225px\" \/><\/a><a href=\"http:\/\/ojer.pl\/wp-content\/uploads\/2018\/07\/17309786_1124110117700462_1504675486708488518_n.png\"><img loading=\"lazy\" decoding=\"async\" class=\"alignnone  wp-image-601\" src=\"http:\/\/ojer.pl\/wp-content\/uploads\/2018\/07\/17309786_1124110117700462_1504675486708488518_n-300x169.png\" alt=\"\" width=\"554\" height=\"312\" srcset=\"https:\/\/ojer.pl\/wp-content\/uploads\/2018\/07\/17309786_1124110117700462_1504675486708488518_n-300x169.png 300w, https:\/\/ojer.pl\/wp-content\/uploads\/2018\/07\/17309786_1124110117700462_1504675486708488518_n.png 576w\" sizes=\"auto, (max-width: 554px) 100vw, 554px\" \/><\/a><br \/>&#8211; Uzupe\u0142niamy kuchenki<\/p>\n<p>To tylko niekt\u00f3re nasze dzia\u0142ania. Zapraszam na grup\u0119 na FB tam ka\u017cdego dnia co\u015b dobrego si\u0119 dzieje.<\/p>\n<p>\u00a0<\/p>\n<p>\u00a0<\/p>\n<\/center>\n<p>\u00a0<\/p>\n\n\n<figure class=\"wp-block-gallery aligncenter columns-1 is-cropped wp-block-gallery-1 is-layout-flex wp-block-gallery-is-layout-flex\"><ul class=\"blocks-gallery-grid\"><li class=\"blocks-gallery-item\"><figure><a href=\"https:\/\/ojer.pl\/wp-content\/uploads\/2021\/12\/FB_IMG_1638979760186.jpg\"><img loading=\"lazy\" decoding=\"async\" width=\"480\" height=\"640\" src=\"https:\/\/ojer.pl\/wp-content\/uploads\/2021\/12\/FB_IMG_1638979760186.jpg\" alt=\"\" data-id=\"1092\" data-full-url=\"https:\/\/ojer.pl\/wp-content\/uploads\/2021\/12\/FB_IMG_1638979760186.jpg\" data-link=\"https:\/\/ojer.pl\/?attachment_id=1092#main\" class=\"wp-image-1092\" srcset=\"https:\/\/ojer.pl\/wp-content\/uploads\/2021\/12\/FB_IMG_1638979760186.jpg 480w, https:\/\/ojer.pl\/wp-content\/uploads\/2021\/12\/FB_IMG_1638979760186-225x300.jpg 225w\" sizes=\"auto, (max-width: 480px) 100vw, 480px\" \/><\/a><\/figure><\/li><\/ul><\/figure>\n\n\n\n<p>Pomoc dla szpitali dla doros\u0142ych jest r\u00f3wnie\u017c bardzo wa\u017cna. Tworzymy w szpitalach k\u0105ciki kuchenne wyposa\u017cone w lod\u00f3wki, mikrofale, czajniki.<\/p>\n\n\n\n<div class=\"wp-block-media-text alignwide is-stacked-on-mobile\"><figure class=\"wp-block-media-text__media\"><img loading=\"lazy\" decoding=\"async\" width=\"1024\" height=\"768\" src=\"https:\/\/ojer.pl\/wp-content\/uploads\/2022\/09\/FB_IMG_1664038501968-1024x768.jpg\" alt=\"\" class=\"wp-image-1490 size-full\" srcset=\"https:\/\/ojer.pl\/wp-content\/uploads\/2022\/09\/FB_IMG_1664038501968-1024x768.jpg 1024w, https:\/\/ojer.pl\/wp-content\/uploads\/2022\/09\/FB_IMG_1664038501968-300x225.jpg 300w, https:\/\/ojer.pl\/wp-content\/uploads\/2022\/09\/FB_IMG_1664038501968-768x576.jpg 768w, https:\/\/ojer.pl\/wp-content\/uploads\/2022\/09\/FB_IMG_1664038501968-380x285.jpg 380w, https:\/\/ojer.pl\/wp-content\/uploads\/2022\/09\/FB_IMG_1664038501968-285x214.jpg 285w, https:\/\/ojer.pl\/wp-content\/uploads\/2022\/09\/FB_IMG_1664038501968.jpg 1080w\" sizes=\"auto, (max-width: 1024px) 100vw, 1024px\" \/><\/figure><div class=\"wp-block-media-text__content\">\n<ul class=\"wp-block-list\"><li>Nasze miejsce gdzie spotykamy si\u0119 i magazynujemy potrzebne rzeczy<\/li><\/ul>\n<\/div><\/div>\n","protected":false},"excerpt":{"rendered":"<p>\u00a0 \u00a0 \u00a0 Jak mo\u017cna pom\u00f3c rodzicowi w szpitalu? To bardzo proste. Mo\u017cna zawie\u017a\u0107 \u0142\u00f3\u017cko aby mia\u0142 na czym spa\u0107, koc, poduszk\u0119, \u015brodki czysto\u015bci wszystko to co potrzebne aby rodzic m\u00f3g\u0142 stworzy\u0107 sobie w szpitalu namiastk\u0119 domu. Aby m\u00f3g\u0142 w godnych warunkach przetrwa\u0107 kolejne dni, tygodnie a nawet miesi\u0105ce. Nieraz trzeba zrobi\u0107 pranie, zakupy, podrzuci\u0107<\/p>\n<p class=\"more-link\"><a href=\"https:\/\/ojer.pl\/?page_id=75\" class=\"themebutton\">Read More<\/a><\/p>\n","protected":false},"author":1,"featured_media":0,"parent":0,"menu_order":0,"comment_status":"closed","ping_status":"closed","template":"","meta":{"footnotes":""},"class_list":["post-75","page","type-page","status-publish","hentry"],"_links":{"self":[{"href":"https:\/\/ojer.pl\/index.php?rest_route=\/wp\/v2\/pages\/75","targetHints":{"allow":["GET"]}}],"collection":[{"href":"https:\/\/ojer.pl\/index.php?rest_route=\/wp\/v2\/pages"}],"about":[{"href":"https:\/\/ojer.pl\/index.php?rest_route=\/wp\/v2\/types\/page"}],"author":[{"embeddable":true,"href":"https:\/\/ojer.pl\/index.php?rest_route=\/wp\/v2\/users\/1"}],"replies":[{"embeddable":true,"href":"https:\/\/ojer.pl\/index.php?rest_route=%2Fwp%2Fv2%2Fcomments&post=75"}],"version-history":[{"count":43,"href":"https:\/\/ojer.pl\/index.php?rest_route=\/wp\/v2\/pages\/75\/revisions"}],"predecessor-version":[{"id":1491,"href":"https:\/\/ojer.pl\/index.php?rest_route=\/wp\/v2\/pages\/75\/revisions\/1491"}],"wp:attachment":[{"href":"https:\/\/ojer.pl\/index.php?rest_route=%2Fwp%2Fv2%2Fmedia&parent=75"}],"curies":[{"name":"wp","href":"https:\/\/api.w.org\/{rel}","templated":true}]}}