{"id":62,"date":"2018-07-04T23:41:49","date_gmt":"2018-07-04T21:41:49","guid":{"rendered":"http:\/\/ojer.pl\/?page_id=62"},"modified":"2018-09-24T14:30:14","modified_gmt":"2018-09-24T12:30:14","slug":"w-prasie","status":"publish","type":"page","link":"https:\/\/ojer.pl\/?page_id=62","title":{"rendered":"Media"},"content":{"rendered":"<p>W TV:<\/p>\n<p><a href=\"http:\/\/ojer.pl\/wp-content\/uploads\/2018\/07\/25552066_904833546361761_7697957546633733528_n.png\"><img loading=\"lazy\" decoding=\"async\" src=\"http:\/\/ojer.pl\/wp-content\/uploads\/2018\/07\/25552066_904833546361761_7697957546633733528_n-300x300.png\" alt=\"\" width=\"300\" height=\"300\" class=\"alignnone size-medium wp-image-608\" srcset=\"https:\/\/ojer.pl\/wp-content\/uploads\/2018\/07\/25552066_904833546361761_7697957546633733528_n-300x300.png 300w, https:\/\/ojer.pl\/wp-content\/uploads\/2018\/07\/25552066_904833546361761_7697957546633733528_n-150x150.png 150w, https:\/\/ojer.pl\/wp-content\/uploads\/2018\/07\/25552066_904833546361761_7697957546633733528_n-120x120.png 120w, https:\/\/ojer.pl\/wp-content\/uploads\/2018\/07\/25552066_904833546361761_7697957546633733528_n-105x105.png 105w, https:\/\/ojer.pl\/wp-content\/uploads\/2018\/07\/25552066_904833546361761_7697957546633733528_n-380x380.png 380w, https:\/\/ojer.pl\/wp-content\/uploads\/2018\/07\/25552066_904833546361761_7697957546633733528_n-285x285.png 285w, https:\/\/ojer.pl\/wp-content\/uploads\/2018\/07\/25552066_904833546361761_7697957546633733528_n.png 480w\" sizes=\"auto, (max-width: 300px) 100vw, 300px\" \/><\/a> <\/p>\n<p><a href=\"https:\/\/vod.tvp.pl\/video\/magazyn-ekspresu-reporterow\/14032017\/29178984\">Magazyn Expressu Reporter\u00f3w<\/a><\/p>\n<p><a href=\"https:\/\/vod.tvp.pl\/video\/magazyn-ekspresu-reporterow,specjalne-wydanie-swiateczne-24122017,35305345\">Magazyn Expressu Reporter\u00f3w wydanie \u015bwi\u0105teczne<\/a><\/p>\n<p><a href=\"http:\/\/www.nowa.tv\/24-godziny\/grupa-z-wawra-pomaga-rodzicom-z-czd,763\/\">Telewizja Nowa<\/a><\/p>\n<p><a href=\"http:\/\/www.nowa.tv\/24-godziny\/dzwon-zwyciezcy-zawisl-w-centrum-zdrowia-dziecka,635\/\">Telewizja Nowa<\/a><\/p>\n<p><a href=\"https:\/\/pytanienasniadanie.tvp.pl\/29485749\/sos-mieszkancy-wawra-rodzicom-z-czd\">Pytanie na \u015aniadanie<\/a><\/p>\n<p>W prasie:<\/p>\n<p>Fakt 2016 str. 1<\/p>\n<p>\u201eSzpitalna Samopomoc rodzic\u00f3w\u201d<\/p>\n<p><a href=\"http:\/\/ojer.pl\/wp-content\/uploads\/2018\/07\/IMG_20180713_203457.png\"><img loading=\"lazy\" decoding=\"async\" src=\"http:\/\/ojer.pl\/wp-content\/uploads\/2018\/07\/IMG_20180713_203457-225x300.png\" alt=\"\" width=\"225\" height=\"300\" class=\"alignnone size-medium wp-image-435\" srcset=\"https:\/\/ojer.pl\/wp-content\/uploads\/2018\/07\/IMG_20180713_203457-225x300.png 225w, https:\/\/ojer.pl\/wp-content\/uploads\/2018\/07\/IMG_20180713_203457.png 450w\" sizes=\"auto, (max-width: 225px) 100vw, 225px\" \/><\/a><\/p>\n<p>Gazeta Wyborcza 05\/05\/2016 str 3<\/p>\n<p>\u201ePom\u00f3c rodzicom w CZD\u201d<\/p>\n<p><a href=\"http:\/\/ojer.pl\/wp-content\/uploads\/2018\/07\/IMG_20180713_205916.png\"><img loading=\"lazy\" decoding=\"async\" src=\"http:\/\/ojer.pl\/wp-content\/uploads\/2018\/07\/IMG_20180713_205916-225x300.png\" alt=\"\" width=\"225\" height=\"300\" class=\"alignnone size-medium wp-image-490\" srcset=\"https:\/\/ojer.pl\/wp-content\/uploads\/2018\/07\/IMG_20180713_205916-225x300.png 225w, https:\/\/ojer.pl\/wp-content\/uploads\/2018\/07\/IMG_20180713_205916-768x1024.png 768w, https:\/\/ojer.pl\/wp-content\/uploads\/2018\/07\/IMG_20180713_205916.png 1368w\" sizes=\"auto, (max-width: 225px) 100vw, 225px\" \/><\/a><\/p>\n<p>Wawerskie wiadomo\u015bci s\u0105siedzkie 06\/2016 nr 64 str.4<\/p>\n<p>\u201eMieszka\u0144cy Wawra pomagaj\u0105 rodzicom dzieci  z Centrum Zdrowia Dziecka\u201d<\/p>\n<p><a href=\"http:\/\/ojer.pl\/wp-content\/uploads\/2018\/07\/IMG_20180713_203346.png\"><img loading=\"lazy\" decoding=\"async\" src=\"http:\/\/ojer.pl\/wp-content\/uploads\/2018\/07\/IMG_20180713_203346-300x225.png\" alt=\"\" width=\"300\" height=\"225\" class=\"alignnone size-medium wp-image-488\" srcset=\"https:\/\/ojer.pl\/wp-content\/uploads\/2018\/07\/IMG_20180713_203346-300x225.png 300w, https:\/\/ojer.pl\/wp-content\/uploads\/2018\/07\/IMG_20180713_203346-768x576.png 768w, https:\/\/ojer.pl\/wp-content\/uploads\/2018\/07\/IMG_20180713_203346-1024x768.png 1024w, https:\/\/ojer.pl\/wp-content\/uploads\/2018\/07\/IMG_20180713_203346-380x285.png 380w, https:\/\/ojer.pl\/wp-content\/uploads\/2018\/07\/IMG_20180713_203346-285x214.png 285w, https:\/\/ojer.pl\/wp-content\/uploads\/2018\/07\/IMG_20180713_203346.png 1824w\" sizes=\"auto, (max-width: 300px) 100vw, 300px\" \/><\/a><\/p>\n<p>B\u0119d\u0119 mam\u0105 06\/2016 nr 6(48)  str.9<\/p>\n<p>\u201e Pomoc z dowozem na oddzia\u0142\u201d<\/p>\n<p><a href=\"http:\/\/ojer.pl\/wp-content\/uploads\/2018\/07\/IMG_20180713_204202.png\"><img loading=\"lazy\" decoding=\"async\" src=\"http:\/\/ojer.pl\/wp-content\/uploads\/2018\/07\/IMG_20180713_204202-300x225.png\" alt=\"\" width=\"300\" height=\"225\" class=\"alignnone size-medium wp-image-491\" srcset=\"https:\/\/ojer.pl\/wp-content\/uploads\/2018\/07\/IMG_20180713_204202-300x225.png 300w, https:\/\/ojer.pl\/wp-content\/uploads\/2018\/07\/IMG_20180713_204202-768x576.png 768w, https:\/\/ojer.pl\/wp-content\/uploads\/2018\/07\/IMG_20180713_204202-1024x768.png 1024w, https:\/\/ojer.pl\/wp-content\/uploads\/2018\/07\/IMG_20180713_204202-380x285.png 380w, https:\/\/ojer.pl\/wp-content\/uploads\/2018\/07\/IMG_20180713_204202-285x214.png 285w, https:\/\/ojer.pl\/wp-content\/uploads\/2018\/07\/IMG_20180713_204202.png 1824w\" sizes=\"auto, (max-width: 300px) 100vw, 300px\" \/><\/a><\/p>\n<p>Chwila dla Ciebie 21\/07\/2016 nr 29 (11104)<\/p>\n<p>\u201eTe mamy potrzebuj\u0105 naszej pomocy\u201d<\/p>\n<p><a href=\"http:\/\/ojer.pl\/wp-content\/uploads\/2018\/07\/IMG_20180713_203600.png\"><img loading=\"lazy\" decoding=\"async\" src=\"http:\/\/ojer.pl\/wp-content\/uploads\/2018\/07\/IMG_20180713_203600-225x300.png\" alt=\"\" width=\"225\" height=\"300\" class=\"alignnone size-medium wp-image-492\" srcset=\"https:\/\/ojer.pl\/wp-content\/uploads\/2018\/07\/IMG_20180713_203600-225x300.png 225w, https:\/\/ojer.pl\/wp-content\/uploads\/2018\/07\/IMG_20180713_203600-768x1024.png 768w, https:\/\/ojer.pl\/wp-content\/uploads\/2018\/07\/IMG_20180713_203600.png 1368w\" sizes=\"auto, (max-width: 225px) 100vw, 225px\" \/><\/a><\/p>\n<p>Wr\u00f3\u017cka nr 1\/2017 str.24<\/p>\n<p>\u201eOkruchy cytrynowego ciasta\u201d<\/p>\n<p><a href=\"http:\/\/ojer.pl\/wp-content\/uploads\/2018\/07\/IMG_20180713_210309.png\"><img loading=\"lazy\" decoding=\"async\" src=\"http:\/\/ojer.pl\/wp-content\/uploads\/2018\/07\/IMG_20180713_210309-300x225.png\" alt=\"\" width=\"300\" height=\"225\" class=\"alignnone size-medium wp-image-493\" srcset=\"https:\/\/ojer.pl\/wp-content\/uploads\/2018\/07\/IMG_20180713_210309-300x225.png 300w, https:\/\/ojer.pl\/wp-content\/uploads\/2018\/07\/IMG_20180713_210309-768x576.png 768w, https:\/\/ojer.pl\/wp-content\/uploads\/2018\/07\/IMG_20180713_210309-1024x768.png 1024w, https:\/\/ojer.pl\/wp-content\/uploads\/2018\/07\/IMG_20180713_210309-380x285.png 380w, https:\/\/ojer.pl\/wp-content\/uploads\/2018\/07\/IMG_20180713_210309-285x214.png 285w, https:\/\/ojer.pl\/wp-content\/uploads\/2018\/07\/IMG_20180713_210309.png 1824w\" sizes=\"auto, (max-width: 300px) 100vw, 300px\" \/><\/a><br \/>\n<a href=\"http:\/\/ojer.pl\/wp-content\/uploads\/2018\/07\/IMG_20180713_210204.png\"><img loading=\"lazy\" decoding=\"async\" src=\"http:\/\/ojer.pl\/wp-content\/uploads\/2018\/07\/IMG_20180713_210204-300x225.png\" alt=\"\" width=\"300\" height=\"225\" class=\"alignnone size-medium wp-image-499\" srcset=\"https:\/\/ojer.pl\/wp-content\/uploads\/2018\/07\/IMG_20180713_210204-300x225.png 300w, https:\/\/ojer.pl\/wp-content\/uploads\/2018\/07\/IMG_20180713_210204-768x576.png 768w, https:\/\/ojer.pl\/wp-content\/uploads\/2018\/07\/IMG_20180713_210204-1024x768.png 1024w, https:\/\/ojer.pl\/wp-content\/uploads\/2018\/07\/IMG_20180713_210204-380x285.png 380w, https:\/\/ojer.pl\/wp-content\/uploads\/2018\/07\/IMG_20180713_210204-285x214.png 285w, https:\/\/ojer.pl\/wp-content\/uploads\/2018\/07\/IMG_20180713_210204.png 1824w\" sizes=\"auto, (max-width: 300px) 100vw, 300px\" \/><\/a><\/p>\n<p>Gazeta S\u0105siedzka (Weso\u0142a) nr.40 stycze\u0144\/luty 2017 str.20<\/p>\n<p>\u201e Tak niewiele potrzeba aby zdzia\u0142a\u0107 tak wiele..\u201d<\/p>\n<p><a href=\"http:\/\/ojer.pl\/wp-content\/uploads\/2018\/07\/IMG_20180713_204915.png\"><img loading=\"lazy\" decoding=\"async\" src=\"http:\/\/ojer.pl\/wp-content\/uploads\/2018\/07\/IMG_20180713_204915-300x225.png\" alt=\"\" width=\"300\" height=\"225\" class=\"alignnone size-medium wp-image-494\" srcset=\"https:\/\/ojer.pl\/wp-content\/uploads\/2018\/07\/IMG_20180713_204915-300x225.png 300w, https:\/\/ojer.pl\/wp-content\/uploads\/2018\/07\/IMG_20180713_204915-768x576.png 768w, https:\/\/ojer.pl\/wp-content\/uploads\/2018\/07\/IMG_20180713_204915-1024x768.png 1024w, https:\/\/ojer.pl\/wp-content\/uploads\/2018\/07\/IMG_20180713_204915-380x285.png 380w, https:\/\/ojer.pl\/wp-content\/uploads\/2018\/07\/IMG_20180713_204915-285x214.png 285w, https:\/\/ojer.pl\/wp-content\/uploads\/2018\/07\/IMG_20180713_204915.png 1824w\" sizes=\"auto, (max-width: 300px) 100vw, 300px\" \/><\/a><\/p>\n<p>Dobre Rady 03\/2017 str.94<\/p>\n<p>\u201ePomagamy rodzicom chorych dzieci\u201d<\/p>\n<p><a href=\"http:\/\/ojer.pl\/wp-content\/uploads\/2018\/07\/IMG_20180713_204526.png\"><img loading=\"lazy\" decoding=\"async\" src=\"http:\/\/ojer.pl\/wp-content\/uploads\/2018\/07\/IMG_20180713_204526-300x225.png\" alt=\"\" width=\"300\" height=\"225\" class=\"alignnone size-medium wp-image-495\" srcset=\"https:\/\/ojer.pl\/wp-content\/uploads\/2018\/07\/IMG_20180713_204526-300x225.png 300w, https:\/\/ojer.pl\/wp-content\/uploads\/2018\/07\/IMG_20180713_204526-768x576.png 768w, https:\/\/ojer.pl\/wp-content\/uploads\/2018\/07\/IMG_20180713_204526-1024x768.png 1024w, https:\/\/ojer.pl\/wp-content\/uploads\/2018\/07\/IMG_20180713_204526-380x285.png 380w, https:\/\/ojer.pl\/wp-content\/uploads\/2018\/07\/IMG_20180713_204526-285x214.png 285w, https:\/\/ojer.pl\/wp-content\/uploads\/2018\/07\/IMG_20180713_204526.png 1824w\" sizes=\"auto, (max-width: 300px) 100vw, 300px\" \/><\/a><\/p>\n<p>Takie jest \u017cycie 20\/04\/2017 nr 8 (697) str.38<\/p>\n<p>\u201e \u0141a\u0144cuszek dobrych serc\u201d<\/p>\n<p><a href=\"http:\/\/ojer.pl\/wp-content\/uploads\/2018\/07\/IMG_20180713_205726.png\"><img loading=\"lazy\" decoding=\"async\" src=\"http:\/\/ojer.pl\/wp-content\/uploads\/2018\/07\/IMG_20180713_205726-300x225.png\" alt=\"\" width=\"300\" height=\"225\" class=\"alignnone size-medium wp-image-496\" srcset=\"https:\/\/ojer.pl\/wp-content\/uploads\/2018\/07\/IMG_20180713_205726-300x225.png 300w, https:\/\/ojer.pl\/wp-content\/uploads\/2018\/07\/IMG_20180713_205726-768x576.png 768w, https:\/\/ojer.pl\/wp-content\/uploads\/2018\/07\/IMG_20180713_205726-1024x768.png 1024w, https:\/\/ojer.pl\/wp-content\/uploads\/2018\/07\/IMG_20180713_205726-380x285.png 380w, https:\/\/ojer.pl\/wp-content\/uploads\/2018\/07\/IMG_20180713_205726-285x214.png 285w, https:\/\/ojer.pl\/wp-content\/uploads\/2018\/07\/IMG_20180713_205726.png 1824w\" sizes=\"auto, (max-width: 300px) 100vw, 300px\" \/><\/a><\/p>\n<p>Tina 26\/04\/2017 nr 9 str.14<\/p>\n<p>\u201eWzruszy\u0142 mnie los matek chorych dzieci z CZD\u201d<\/p>\n<p><a href=\"http:\/\/ojer.pl\/wp-content\/uploads\/2018\/07\/IMG_20180713_205322.png\"><img loading=\"lazy\" decoding=\"async\" src=\"http:\/\/ojer.pl\/wp-content\/uploads\/2018\/07\/IMG_20180713_205322-300x225.png\" alt=\"\" width=\"300\" height=\"225\" class=\"alignnone size-medium wp-image-497\" srcset=\"https:\/\/ojer.pl\/wp-content\/uploads\/2018\/07\/IMG_20180713_205322-300x225.png 300w, https:\/\/ojer.pl\/wp-content\/uploads\/2018\/07\/IMG_20180713_205322-768x576.png 768w, https:\/\/ojer.pl\/wp-content\/uploads\/2018\/07\/IMG_20180713_205322-1024x768.png 1024w, https:\/\/ojer.pl\/wp-content\/uploads\/2018\/07\/IMG_20180713_205322-380x285.png 380w, https:\/\/ojer.pl\/wp-content\/uploads\/2018\/07\/IMG_20180713_205322-285x214.png 285w, https:\/\/ojer.pl\/wp-content\/uploads\/2018\/07\/IMG_20180713_205322.png 1824w\" sizes=\"auto, (max-width: 300px) 100vw, 300px\" \/><\/a><\/p>\n<p>Dziennik Gazeta Prawna 7-9\/10\/2016 nr 195(4342)<\/p>\n<p>\u201eWielkie serca kt\u00f3re rusz\u0105 nawet Pomnik\u201d<\/p>\n<p><a href=\"http:\/\/ojer.pl\/wp-content\/uploads\/2018\/07\/IMG_20180713_203932.png\"><img loading=\"lazy\" decoding=\"async\" src=\"http:\/\/ojer.pl\/wp-content\/uploads\/2018\/07\/IMG_20180713_203932-225x300.png\" alt=\"\" width=\"225\" height=\"300\" class=\"alignnone size-medium wp-image-498\" srcset=\"https:\/\/ojer.pl\/wp-content\/uploads\/2018\/07\/IMG_20180713_203932-225x300.png 225w, https:\/\/ojer.pl\/wp-content\/uploads\/2018\/07\/IMG_20180713_203932-768x1024.png 768w, https:\/\/ojer.pl\/wp-content\/uploads\/2018\/07\/IMG_20180713_203932.png 1368w\" sizes=\"auto, (max-width: 225px) 100vw, 225px\" \/><\/a><\/p>\n<p>Rzeczpospolita 25\/01\/2017  str. R5<\/p>\n<p>\u201ePomoc dla rodzic\u00f3w ma\u0142ych pacjent\u00f3w\u201d<\/p>\n<p><a href=\"http:\/\/ojer.pl\/wp-content\/uploads\/2018\/07\/IMG_20180713_203223.png\"><img loading=\"lazy\" decoding=\"async\" src=\"http:\/\/ojer.pl\/wp-content\/uploads\/2018\/07\/IMG_20180713_203223-225x300.png\" alt=\"\" width=\"225\" height=\"300\" class=\"alignnone size-medium wp-image-434\" srcset=\"https:\/\/ojer.pl\/wp-content\/uploads\/2018\/07\/IMG_20180713_203223-225x300.png 225w, https:\/\/ojer.pl\/wp-content\/uploads\/2018\/07\/IMG_20180713_203223.png 450w\" sizes=\"auto, (max-width: 225px) 100vw, 225px\" \/><\/a><\/p>\n<p>Twoje Nowinki 26\/03\/2018 nr 1\/98 str.5<\/p>\n<p>\u201eMieszka\u0144cy Wawra pomagaj\u0105 potrzebuj\u0105cym\u201d<\/p>\n<p><a href=\"http:\/\/ojer.pl\/wp-content\/uploads\/2018\/07\/IMG_20180713_202709.png\"><img loading=\"lazy\" decoding=\"async\" src=\"http:\/\/ojer.pl\/wp-content\/uploads\/2018\/07\/IMG_20180713_202709-225x300.png\" alt=\"\" width=\"225\" height=\"300\" class=\"alignnone size-medium wp-image-433\" srcset=\"https:\/\/ojer.pl\/wp-content\/uploads\/2018\/07\/IMG_20180713_202709-225x300.png 225w, https:\/\/ojer.pl\/wp-content\/uploads\/2018\/07\/IMG_20180713_202709.png 450w\" sizes=\"auto, (max-width: 225px) 100vw, 225px\" \/><\/a><\/p>\n<p>Rzeczpospolita 27\/03\/2018  nr 27(11012) str. A6<\/p>\n<p>\u201e Gdy umiera dziecko\u201d<\/p>\n<p><a href=\"http:\/\/ojer.pl\/wp-content\/uploads\/2018\/07\/IMG_20180713_202132-1.png\"><img loading=\"lazy\" decoding=\"async\" src=\"http:\/\/ojer.pl\/wp-content\/uploads\/2018\/07\/IMG_20180713_202132-1-225x300.png\" alt=\"\" width=\"225\" height=\"300\" class=\"alignnone size-medium wp-image-487\" srcset=\"https:\/\/ojer.pl\/wp-content\/uploads\/2018\/07\/IMG_20180713_202132-1-225x300.png 225w, https:\/\/ojer.pl\/wp-content\/uploads\/2018\/07\/IMG_20180713_202132-1-768x1024.png 768w, https:\/\/ojer.pl\/wp-content\/uploads\/2018\/07\/IMG_20180713_202132-1.png 1368w\" sizes=\"auto, (max-width: 225px) 100vw, 225px\" \/><\/a><\/p>\n<p>Tw\u00f3j Styl 03\/2018 nr  3 (320) str. 76<\/p>\n<p>Artyku\u0142 \u201e Rodzice rodzicom\u201d<\/p>\n<p><a href=\"http:\/\/ojer.pl\/wp-content\/uploads\/2018\/07\/IMG_20180713_202010.png\"><img loading=\"lazy\" decoding=\"async\" src=\"http:\/\/ojer.pl\/wp-content\/uploads\/2018\/07\/IMG_20180713_202010-225x300.png\" alt=\"\" width=\"225\" height=\"300\" class=\"alignnone size-medium wp-image-431\" srcset=\"https:\/\/ojer.pl\/wp-content\/uploads\/2018\/07\/IMG_20180713_202010-225x300.png 225w, https:\/\/ojer.pl\/wp-content\/uploads\/2018\/07\/IMG_20180713_202010.png 450w\" sizes=\"auto, (max-width: 225px) 100vw, 225px\" \/><\/a><\/p>\n<p>W internecie, w radiu:<\/p>\n<p><a href=\"https:\/\/l.facebook.com\/l.php?u=https%3A%2F%2Fwww.um.warszawa.pl%2Fwarszawiankaroku%2F&#038;h=AT2UBUbfT7DL1cA9iRqpVnk6OklUrGBqsRfGTUPQq7pjlQbPlqvmINI_UpozJgQH0NS4WidvAdgjQ_qZmZtVB3YTzOf2E0g-rpBiQSlJoz15UyIEPFKq___c3_shM4rBZKmmXlIhi3PPfyELYd8JqdSwjei440YX05o2ATFfYcEwUwvCzxu4nVCC3DFMAJCEEguAU7M-wiqFY_mgnIUmqC7BVmO8elKOkLjstsEHtWQib3cEX-LRQ-mXtdTELsjHtvh8-kBjD0E5hvd-PseGc4n-2Rf0MHfkV56G2T4PqEfBopHmMjmBHXPFLojSMLzCUPSn8vBdfMxBsRnRJ43EuTB--yOxa2p9u6GPkf_BvWjO66yBSiOnz-wKH5GWsQNUjWNhn9mQQ_6g1ykVO2dUxNobW2kDng\">Konkurs &#8222;Warszawianka Roku&#8221;<\/a><br \/>\n<a href=\"http:\/\/ojer.pl\/wp-content\/uploads\/2018\/07\/19437227_812939012217882_5452195483099172030_n-\u2014-kopia.png\"><img loading=\"lazy\" decoding=\"async\" src=\"http:\/\/ojer.pl\/wp-content\/uploads\/2018\/07\/19437227_812939012217882_5452195483099172030_n-\u2014-kopia-300x284.png\" alt=\"\" width=\"300\" height=\"284\" class=\"alignnone size-medium wp-image-604\" srcset=\"https:\/\/ojer.pl\/wp-content\/uploads\/2018\/07\/19437227_812939012217882_5452195483099172030_n-\u2014-kopia-300x284.png 300w, https:\/\/ojer.pl\/wp-content\/uploads\/2018\/07\/19437227_812939012217882_5452195483099172030_n-\u2014-kopia.png 344w\" sizes=\"auto, (max-width: 300px) 100vw, 300px\" \/><\/a><\/p>\n<p><a href=\"https:\/\/www.polskieradio.pl\/7\/5570\/Artykul\/2068280,Kobieta-o-wielkim-sercu\">&#8222;Kobieta o wielkim sercu&#8221; &#8211; Polskie Radio<\/a> <\/p>\n<p><a href=\"https:\/\/www.gosc.pl\/doc\/4731584.Anna-od-pomagania\">&#8222;Anna od pomagania&#8221; &#8211; Go\u015b\u0107 <\/a><\/p>\n<p><a href=\"https:\/\/kobieta.onet.pl\/dziecko\/male-dziecko\/choroby-dzieciece\/zarazeni-wirusem-pomagania-sos-mieszkancy-wawra-rodzicom-z-centrum-zdrowia-dziecka-wywiad\/f20jl78\">&#8222;Zara\u017ceni wirusem pomagania. SOS \u2013 mieszka\u0144cy Wawra rodzicom z Centrum Zdrowia Dziecka&#8221; &#8211; Onet.pl<\/a><\/p>\n<p><a href=\"https:\/\/kobieta.onet.pl\/zdrowie\/wiadomosci\/rodzice-ktorzy-stracili-dziecko-potrzebuja-pomocy-jest-apel-do-ministra-zdrowia\/2xxkmvl\">&#8222;Rodzice, kt\u00f3rzy stracili dziecko, potrzebuj\u0105 pomocy. Jest apel do Ministra Zdrowia&#8221; &#8211; Onet.pl<\/a><\/p>\n<p><a href=\"http:\/\/zdrowie.dziennik.pl\/dziecko\/artykuly\/537002,rodzice-rodzicom-wsparciem-w-szpitalnym-zyciu-jakiej-pomocy-potrzebuja.html\">&#8222;Rodzice rodzicom wsparciem w szpitalnym \u017cyciu. Jakiej pomocy potrzebuj\u0105?&#8221; &#8211; dziennik.pl<\/a>         <\/p>\n<p><a href=\"https:\/\/theworldnews.net\/pl-news\/rzad-chce-pomagac-rodzicom-ktorzy-straca-dziecko\">&#8222;Rz\u0105d chce pomaga\u0107 rodzicom, kt\u00f3rzy strac\u0105 dziecko&#8221; &#8211; theworldnew<\/a><\/p>\n<p><a href=\"https:\/\/spolecznik20.pl\/spoldzielnia-pomyslow\/958\">Wygrany konkurs &#8211; Spo\u0142ecznik20<\/a><\/p>\n<p><a href=\"http:\/\/natemat.pl\/210787\">&#8222;Wszystkie twarze dobra&#8221; &#8211; Orange<\/a> <\/p>\n<p><a href=\"http:\/\/www.rp.pl\/Rzad-PiS\/303269933-Rzad-chce-pomagac-rodzicom-ktorzy-straca-dziecko.html\">&#8222;Rz\u0105d chce pomaga\u0107 rodzicom, kt\u00f3rzy strac\u0105 dziecko&#8221; &#8211; Rzeczpospolita<\/a><\/p>\n<p><a href=\"http:\/\/warszawa.wyborcza.pl\/warszawa\/1,34862,20021089,pomoc-rodzicom-w-centrum-zdrowia-dziecka.html\">&#8222;Pom\u00f3c rodzicom w Centrum Zdrowia Dziecka&#8221; &#8211; Gazeta Wyborcza<\/a><\/p>\n<p><a href=\"http:\/\/tustolica.pl\/rozpacz-matki-bezradny-szpital-pomogli-mieszkancy-wawra_76991\">&#8222;Pomogli mieszka\u0144cy Wawra&#8221; &#8211; Tustolica<\/a><\/p>\n<p><a href=\"https:\/\/stowarzyszeniewawer.pl\/twoje-nowinki\">&#8222;Mieszka\u0144cy Wawra pomagaj\u0105 potrzebuj\u0105cym&#8221; &#8211; Stowarzyszenie Wawer<\/a><\/p>\n<p><a href=\"http:\/\/www.wiadomoscisasiedzkie.pl\/news\/110\/n\/9489\">&#8222;Mieszka\u0144cy Wawra pomagaj\u0105 rodzicom dzieci z Centrum Zdrowia Dziecka&#8221; &#8211; Wiadomo\u015bci S\u0105siedzkie<\/a><\/p>\n<p><a href=\"http:\/\/tustolica.pl\/tysiace-chetnych-do-pomocy-kapitalna-akcja-w-wawrze_74324\">&#8222;Tysi\u0105ce ch\u0119tnych do pomocy. Kapitalna akcja w Wawrze&#8221; &#8211; TuWawer<\/a><\/p>\n<p><a href=\"http:\/\/gazetawawerska.pl\/2017\/10\/17\/mieszkancy-wawra-polaczyli-sily-aby-pomoc-potrzebujacym\/\">&#8222;Mieszka\u0144cy Wawra po\u0142\u0105czyli si\u0142y aby pom\u00f3c potrzebuj\u0105cym.&#8221; &#8211; Gazeta Wawerska <\/a><\/p>\n<p><a href=\"https:\/\/iwawer.pl\/artykul\/potrzebny-paczkomat-w\/260957\">&#8222;Potrzebny paczkomat w CZD. Podpisujemy petycj\u0119!&#8221; &#8211; iWawer<\/a><\/p>\n<p><a href=\"http:\/\/www.bajkowa.waw.pl\/index.php?p=main&#038;what=1220\">&#8222;PIKNIK RODZINNY MAZOWIECKIEJ FUNDACJI RODZIN ZAST\u0118PCZYCH W Z\u0104BKACH&#8221; &#8211; Szko\u0142a przy ul. Bajkowej<\/a><\/p>\n<p><a href=\"http:\/\/ktocojakwawer.blogspot.com\/2017\/01\/anna-ojer-mieszkanka-redaktorka.html\">&#8222;ANNA OJER &#8211; mieszkanka, redaktorka, wolontariuszka&#8221; &#8211; Kto co jak<\/a><\/p>\n<p><a href=\"https:\/\/nauka.trojmiasto.pl\/AMW-ufundowala-dzwon-pacjentom-oddzialu-onkologicznego-n108383.html\">&#8222;AMW ufundowa\u0142a dzwon pacjentom oddzia\u0142u onkologicznego&#8221; &#8211; Tr\u00f3jmiasto<\/a><\/p>\n<p><a href=\"https:\/\/www.polskieradio.pl\/80\/1007\/Artykul\/1668245,Pomocni-reportaz-Jakuba-Tarki\">&#8222;Pomocni&#8221; &#8211; Polskie Radio<\/a><\/p>\n","protected":false},"excerpt":{"rendered":"<p>W TV: Magazyn Expressu Reporter\u00f3w Magazyn Expressu Reporter\u00f3w wydanie \u015bwi\u0105teczne Telewizja Nowa Telewizja Nowa Pytanie na \u015aniadanie W prasie: Fakt 2016 str. 1 \u201eSzpitalna Samopomoc rodzic\u00f3w\u201d Gazeta Wyborcza 05\/05\/2016 str 3 \u201ePom\u00f3c rodzicom w CZD\u201d Wawerskie wiadomo\u015bci s\u0105siedzkie 06\/2016 nr 64 str.4 \u201eMieszka\u0144cy Wawra pomagaj\u0105 rodzicom dzieci z Centrum Zdrowia Dziecka\u201d B\u0119d\u0119 mam\u0105 06\/2016 nr<\/p>\n<p class=\"more-link\"><a href=\"https:\/\/ojer.pl\/?page_id=62\" class=\"themebutton\">Read More<\/a><\/p>\n","protected":false},"author":1,"featured_media":0,"parent":0,"menu_order":0,"comment_status":"closed","ping_status":"closed","template":"","meta":{"footnotes":""},"class_list":["post-62","page","type-page","status-publish","hentry"],"_links":{"self":[{"href":"https:\/\/ojer.pl\/index.php?rest_route=\/wp\/v2\/pages\/62","targetHints":{"allow":["GET"]}}],"collection":[{"href":"https:\/\/ojer.pl\/index.php?rest_route=\/wp\/v2\/pages"}],"about":[{"href":"https:\/\/ojer.pl\/index.php?rest_route=\/wp\/v2\/types\/page"}],"author":[{"embeddable":true,"href":"https:\/\/ojer.pl\/index.php?rest_route=\/wp\/v2\/users\/1"}],"replies":[{"embeddable":true,"href":"https:\/\/ojer.pl\/index.php?rest_route=%2Fwp%2Fv2%2Fcomments&post=62"}],"version-history":[{"count":22,"href":"https:\/\/ojer.pl\/index.php?rest_route=\/wp\/v2\/pages\/62\/revisions"}],"predecessor-version":[{"id":971,"href":"https:\/\/ojer.pl\/index.php?rest_route=\/wp\/v2\/pages\/62\/revisions\/971"}],"wp:attachment":[{"href":"https:\/\/ojer.pl\/index.php?rest_route=%2Fwp%2Fv2%2Fmedia&parent=62"}],"curies":[{"name":"wp","href":"https:\/\/api.w.org\/{rel}","templated":true}]}}