{"id":60,"date":"2018-07-04T23:41:49","date_gmt":"2018-07-04T21:41:49","guid":{"rendered":"http:\/\/ojer.pl\/?page_id=60"},"modified":"2022-05-17T23:06:05","modified_gmt":"2022-05-17T21:06:05","slug":"wawer","status":"publish","type":"page","link":"https:\/\/ojer.pl\/?page_id=60","title":{"rendered":"Wawer"},"content":{"rendered":"\n<p>Wawer to najwi\u0119ksza pod wzgl\u0119dem powierzchni dzielnica Warszawy. Powierzchnia Wawra to 79,7 km\u00b2.<br>W okresie 1960\u20131994 obszar dzisiejszego Wawra stanowi\u0142 cz\u0119\u015b\u0107 dzielnicy Warszawa-Praga Po\u0142udnie.<br>W 2002 roku gmina Wawer zosta\u0142a przekszta\u0142cona w dzielnic\u0119 Wawer.<br>Wawer to pi\u0119kne miejsce do zamieszkania. Mamy u nas lasy, le\u015bne stawy. Mo\u017cna wybra\u0107 si\u0119 na rowerowe i piesze wycieczki.<\/p>\n\n\n\n<p>Osiedla Wawra:<br>&#8211; Aleksandr\u00f3w<br>&#8211; Anin<br>&#8211; Falenica<br>&#8211; Las<br>&#8211; Marysin Wawerski<br>&#8211; Miedzeszyn<br>&#8211; Mi\u0119dzylesie<br>&#8211; Nadwi\u015ble<br>&#8211; Rado\u015b\u0107<br>&#8211; Sadul<br>&#8211; Wawer<br>&#8211; Zerze\u0144<\/p>\n\n\n\n<center><a href=\"http:\/\/ojer.pl\/wp-content\/uploads\/2018\/07\/33200352_2121630224722519_1748774558237720576_nerterterte2222222.jpg\"><img loading=\"lazy\" decoding=\"async\" class=\"wp-image-321 alignleft\" src=\"http:\/\/ojer.pl\/wp-content\/uploads\/2018\/07\/33200352_2121630224722519_1748774558237720576_nerterterte2222222.jpg\" alt=\"\" width=\"520\" height=\"618\"><\/a><a href=\"http:\/\/ojer.pl\/wp-content\/uploads\/2018\/07\/IMG_20180701_175447-1.png\"><img loading=\"lazy\" decoding=\"async\" class=\"wp-image-452 alignleft\" src=\"http:\/\/ojer.pl\/wp-content\/uploads\/2018\/07\/IMG_20180701_175447-1-300x225.png\" alt=\"\" width=\"523\" height=\"392\" srcset=\"https:\/\/ojer.pl\/wp-content\/uploads\/2018\/07\/IMG_20180701_175447-1-300x225.png 300w, https:\/\/ojer.pl\/wp-content\/uploads\/2018\/07\/IMG_20180701_175447-1-768x576.png 768w, https:\/\/ojer.pl\/wp-content\/uploads\/2018\/07\/IMG_20180701_175447-1-380x285.png 380w, https:\/\/ojer.pl\/wp-content\/uploads\/2018\/07\/IMG_20180701_175447-1-285x214.png 285w, https:\/\/ojer.pl\/wp-content\/uploads\/2018\/07\/IMG_20180701_175447-1.png 800w\" sizes=\"auto, (max-width: 523px) 100vw, 523px\" \/><\/a><\/center>\n\n\n\n<figure class=\"wp-block-image is-style-default\"><a href=\"http:\/\/ojer.pl\/wp-content\/uploads\/2018\/07\/IMG_6465-1.png\"><img loading=\"lazy\" decoding=\"async\" width=\"300\" height=\"200\" src=\"http:\/\/ojer.pl\/wp-content\/uploads\/2018\/07\/IMG_6465-1-300x200.png\" alt=\"\" class=\"wp-image-451\" srcset=\"https:\/\/ojer.pl\/wp-content\/uploads\/2018\/07\/IMG_6465-1-300x200.png 300w, https:\/\/ojer.pl\/wp-content\/uploads\/2018\/07\/IMG_6465-1-768x512.png 768w, https:\/\/ojer.pl\/wp-content\/uploads\/2018\/07\/IMG_6465-1-570x380.png 570w, https:\/\/ojer.pl\/wp-content\/uploads\/2018\/07\/IMG_6465-1-380x254.png 380w, https:\/\/ojer.pl\/wp-content\/uploads\/2018\/07\/IMG_6465-1-285x190.png 285w, https:\/\/ojer.pl\/wp-content\/uploads\/2018\/07\/IMG_6465-1.png 800w\" sizes=\"auto, (max-width: 300px) 100vw, 300px\" \/><\/a><\/figure>\n\n\n\n<figure class=\"wp-block-image is-style-default\"><a href=\"http:\/\/ojer.pl\/wp-content\/uploads\/2018\/07\/1167469_232259610256921_341048601_o-1.png\"><img loading=\"lazy\" decoding=\"async\" width=\"300\" height=\"200\" src=\"http:\/\/ojer.pl\/wp-content\/uploads\/2018\/07\/1167469_232259610256921_341048601_o-1-300x200.png\" alt=\"\" class=\"wp-image-449\" srcset=\"https:\/\/ojer.pl\/wp-content\/uploads\/2018\/07\/1167469_232259610256921_341048601_o-1-300x200.png 300w, https:\/\/ojer.pl\/wp-content\/uploads\/2018\/07\/1167469_232259610256921_341048601_o-1-768x511.png 768w, https:\/\/ojer.pl\/wp-content\/uploads\/2018\/07\/1167469_232259610256921_341048601_o-1-570x380.png 570w, https:\/\/ojer.pl\/wp-content\/uploads\/2018\/07\/1167469_232259610256921_341048601_o-1-380x254.png 380w, https:\/\/ojer.pl\/wp-content\/uploads\/2018\/07\/1167469_232259610256921_341048601_o-1-285x190.png 285w, https:\/\/ojer.pl\/wp-content\/uploads\/2018\/07\/1167469_232259610256921_341048601_o-1.png 800w\" sizes=\"auto, (max-width: 300px) 100vw, 300px\" \/><\/a><\/figure>\n\n\n\n<figure class=\"wp-block-image is-style-default\"><a href=\"http:\/\/ojer.pl\/wp-content\/uploads\/2018\/07\/34110794_997456270432821_537306924194988032_n.png\"><img loading=\"lazy\" decoding=\"async\" width=\"281\" height=\"300\" src=\"http:\/\/ojer.pl\/wp-content\/uploads\/2018\/07\/34110794_997456270432821_537306924194988032_n-281x300.png\" alt=\"\" class=\"wp-image-566\" srcset=\"https:\/\/ojer.pl\/wp-content\/uploads\/2018\/07\/34110794_997456270432821_537306924194988032_n-281x300.png 281w, https:\/\/ojer.pl\/wp-content\/uploads\/2018\/07\/34110794_997456270432821_537306924194988032_n.png 360w\" sizes=\"auto, (max-width: 281px) 100vw, 281px\" \/><\/a><\/figure>\n\n\n\n<figure class=\"wp-block-image is-style-default\"><a href=\"http:\/\/ojer.pl\/wp-content\/uploads\/2018\/07\/beznazwy-2-1.png\"><img loading=\"lazy\" decoding=\"async\" width=\"259\" height=\"194\" src=\"http:\/\/ojer.pl\/wp-content\/uploads\/2018\/07\/beznazwy-2-1.png\" alt=\"\" class=\"wp-image-573\"\/><\/a><\/figure>\n\n\n\n<figure class=\"wp-block-image is-style-default\"><a href=\"http:\/\/ojer.pl\/wp-content\/uploads\/2018\/07\/Cukiernia.png\"><img loading=\"lazy\" decoding=\"async\" width=\"300\" height=\"158\" src=\"http:\/\/ojer.pl\/wp-content\/uploads\/2018\/07\/Cukiernia-300x158.png\" alt=\"\" class=\"wp-image-568\" srcset=\"https:\/\/ojer.pl\/wp-content\/uploads\/2018\/07\/Cukiernia-300x158.png 300w, https:\/\/ojer.pl\/wp-content\/uploads\/2018\/07\/Cukiernia-768x404.png 768w, https:\/\/ojer.pl\/wp-content\/uploads\/2018\/07\/Cukiernia.png 1024w\" sizes=\"auto, (max-width: 300px) 100vw, 300px\" \/><\/a><\/figure>\n\n\n\n<figure class=\"wp-block-image is-style-default\"><a href=\"http:\/\/ojer.pl\/wp-content\/uploads\/2018\/07\/ocalmy-od-zapomnienia.png\"><img loading=\"lazy\" decoding=\"async\" width=\"212\" height=\"300\" src=\"http:\/\/ojer.pl\/wp-content\/uploads\/2018\/07\/ocalmy-od-zapomnienia-212x300.png\" alt=\"\" class=\"wp-image-468\" srcset=\"https:\/\/ojer.pl\/wp-content\/uploads\/2018\/07\/ocalmy-od-zapomnienia-212x300.png 212w, https:\/\/ojer.pl\/wp-content\/uploads\/2018\/07\/ocalmy-od-zapomnienia.png 339w\" sizes=\"auto, (max-width: 212px) 100vw, 212px\" \/><\/a><\/figure>\n\n\n\n<figure class=\"wp-block-image is-style-default\"><a href=\"http:\/\/ojer.pl\/wp-content\/uploads\/2018\/07\/33023444_991074884404293_7961734705143873536_n.png\"><img loading=\"lazy\" decoding=\"async\" width=\"225\" height=\"300\" src=\"http:\/\/ojer.pl\/wp-content\/uploads\/2018\/07\/33023444_991074884404293_7961734705143873536_n-225x300.png\" alt=\"\" class=\"wp-image-649\" srcset=\"https:\/\/ojer.pl\/wp-content\/uploads\/2018\/07\/33023444_991074884404293_7961734705143873536_n-225x300.png 225w, https:\/\/ojer.pl\/wp-content\/uploads\/2018\/07\/33023444_991074884404293_7961734705143873536_n.png 432w\" sizes=\"auto, (max-width: 225px) 100vw, 225px\" \/><\/a><\/figure>\n\n\n\n<figure class=\"wp-block-image is-style-default\"><a href=\"https:\/\/ojer.pl\/wp-content\/uploads\/2018\/07\/beznazwygfyhjfg-1.png\"><img loading=\"lazy\" decoding=\"async\" width=\"213\" height=\"300\" src=\"https:\/\/ojer.pl\/wp-content\/uploads\/2018\/07\/beznazwygfyhjfg-1-213x300.png\" alt=\"\" class=\"wp-image-450\" srcset=\"https:\/\/ojer.pl\/wp-content\/uploads\/2018\/07\/beznazwygfyhjfg-1-213x300.png 213w, https:\/\/ojer.pl\/wp-content\/uploads\/2018\/07\/beznazwygfyhjfg-1.png 426w\" sizes=\"auto, (max-width: 213px) 100vw, 213px\" \/><\/a><\/figure>\n\n\n\n<figure class=\"wp-block-image is-style-default\"><a href=\"https:\/\/ojer.pl\/wp-content\/uploads\/2018\/08\/15672537_715331051978679_7416952422941402553_n-2.jpg\"><img decoding=\"async\" src=\"https:\/\/ojer.pl\/wp-content\/uploads\/2018\/08\/15672537_715331051978679_7416952422941402553_n-2.jpg\" alt=\"\" class=\"wp-image-727\"\/><\/a><\/figure>\n\n\n\n<figure class=\"wp-block-image is-style-default\"><a href=\"https:\/\/ojer.pl\/wp-content\/uploads\/2018\/08\/1939608_1483409965211218_2134754013_o-1.jpg\"><img decoding=\"async\" src=\"https:\/\/ojer.pl\/wp-content\/uploads\/2018\/08\/1939608_1483409965211218_2134754013_o-1.jpg\" alt=\"\" class=\"wp-image-734\"\/><\/a><\/figure>\n\n\n\n<figure class=\"wp-block-image is-style-default\"><a href=\"https:\/\/ojer.pl\/wp-content\/uploads\/2018\/08\/1939608_1483409965211218_2134754013_o-1.jpg\"><img decoding=\"async\" src=\"https:\/\/ojer.pl\/wp-content\/uploads\/2018\/08\/1939608_1483409965211218_2134754013_o-1.jpg\" alt=\"\" class=\"wp-image-734\"\/><\/a><\/figure>\n\n\n\n<p><a href=\"http:\/\/ojer.pl\/wp-content\/uploads\/2018\/07\/33023444_991074884404293_7961734705143873536_n.png\"><br><\/a><br><\/p>\n","protected":false},"excerpt":{"rendered":"<p>Wawer to najwi\u0119ksza pod wzgl\u0119dem powierzchni dzielnica Warszawy. Powierzchnia Wawra to 79,7 km\u00b2.W okresie 1960\u20131994 obszar dzisiejszego Wawra stanowi\u0142 cz\u0119\u015b\u0107 dzielnicy Warszawa-Praga Po\u0142udnie.W 2002 roku gmina Wawer zosta\u0142a przekszta\u0142cona w dzielnic\u0119 Wawer.Wawer to pi\u0119kne miejsce do zamieszkania. Mamy u nas lasy, le\u015bne stawy. Mo\u017cna wybra\u0107 si\u0119 na rowerowe i piesze wycieczki. Osiedla Wawra:&#8211; Aleksandr\u00f3w&#8211; Anin&#8211;<\/p>\n<p class=\"more-link\"><a href=\"https:\/\/ojer.pl\/?page_id=60\" class=\"themebutton\">Read More<\/a><\/p>\n","protected":false},"author":1,"featured_media":0,"parent":0,"menu_order":0,"comment_status":"closed","ping_status":"closed","template":"","meta":{"footnotes":""},"class_list":["post-60","page","type-page","status-publish","hentry"],"_links":{"self":[{"href":"https:\/\/ojer.pl\/index.php?rest_route=\/wp\/v2\/pages\/60","targetHints":{"allow":["GET"]}}],"collection":[{"href":"https:\/\/ojer.pl\/index.php?rest_route=\/wp\/v2\/pages"}],"about":[{"href":"https:\/\/ojer.pl\/index.php?rest_route=\/wp\/v2\/types\/page"}],"author":[{"embeddable":true,"href":"https:\/\/ojer.pl\/index.php?rest_route=\/wp\/v2\/users\/1"}],"replies":[{"embeddable":true,"href":"https:\/\/ojer.pl\/index.php?rest_route=%2Fwp%2Fv2%2Fcomments&post=60"}],"version-history":[{"count":31,"href":"https:\/\/ojer.pl\/index.php?rest_route=\/wp\/v2\/pages\/60\/revisions"}],"predecessor-version":[{"id":1294,"href":"https:\/\/ojer.pl\/index.php?rest_route=\/wp\/v2\/pages\/60\/revisions\/1294"}],"wp:attachment":[{"href":"https:\/\/ojer.pl\/index.php?rest_route=%2Fwp%2Fv2%2Fmedia&parent=60"}],"curies":[{"name":"wp","href":"https:\/\/api.w.org\/{rel}","templated":true}]}}