{"id":506,"date":"2018-07-20T16:39:58","date_gmt":"2018-07-20T14:39:58","guid":{"rendered":"http:\/\/ojer.pl\/?page_id=506"},"modified":"2018-07-27T12:32:29","modified_gmt":"2018-07-27T10:32:29","slug":"informacje-dla-rodzica-z-czd","status":"publish","type":"page","link":"https:\/\/ojer.pl\/?page_id=506","title":{"rendered":"Informacje dla rodzica z CZD"},"content":{"rendered":"<p>1. Je\u017celi potrzebujecie pomocy prosz\u0119 piszcie do mnie.<\/p>\n<ul>\n&#8211; je\u017celi nie macie na czym spa\u0107,<br \/>\n&#8211; je\u017celi potrzebujecie koca, poduszki, \u015brodk\u00f3w czysto\u015bci,<br \/>\n&#8211; je\u017celi potrzebujecie ubra\u0144 dla dziecka,<br \/>\n&#8211; je\u017celi nie macie za co kupi\u0107 jedzenia dla siebie,<br \/>\n&#8211; je\u017celi potrzebujecie rozmowy przy kawie.<\/p>\n<ul> Piszcie. Zawsze staramy si\u0119 pom\u00f3c.<\/ul>\n<\/ul>\n<p>Przydatne informacje<\/p>\n<p>1. Przy windach w budynku g\u0142\u00f3wnym znajdziecie bankomat i automaty z kaw\u0105, czekolad\u0105 gor\u0105c\u0105, napojami zimnymi i przek\u0105skami.<br \/>\n2. Informacja o noclegach blisko szpitala \u2013 znajduje si\u0119 w plikach grupy na facebooku.<br \/>\n3. Je\u017celi nie mo\u017cecie zrobi\u0107 zakup\u00f3w spo\u017cywczych mo\u017cecie je zam\u00f3wi\u0107 w sklepie &#8222;\u017babka&#8221; przy ul. \u017bega\u0144skiej w Mi\u0119dzylesiu &#8211; wieczorem zostan\u0105 bezp\u0142atnie dowiezione.<br \/>\n4. W CZD jest Apteka czynna do godziny 15. Apteka ca\u0142odobowa znajduje si\u0119 w Mi\u0119dzylesiu przy ul. Patriot\u00f3w 309 (kilka przystank\u00f3w autobusowych od szpitala). Apteka jest r\u00f3wnie\u017c naprzeciwko wej\u015bcia g\u0142\u00f3wnego CZD (nie ca\u0142odobowa).<br \/>\n5. W CZD w podziemiach znajduje si\u0119 pasa\u017c handlowy gdzie mo\u017cna kupi\u0107 odzie\u017c, zabawki, art. chemiczne, art. spo\u017cywcze. Sklepy czynne s\u0105 do godziny 15.<br \/>\n6. Na terenie CZD znajduje si\u0119 paczkomat (na zewn\u0105trz budynku).<br \/>\n7. Pranie mo\u017cna zrobi\u0107 na terenie CZD w sali dla rodzic\u00f3w prowadzonej przez Fundacj\u0119 Ronalda McDonalda (na ty\u0142ach CZD \u2013 kierujcie si\u0119 w stron\u0119 basenu). Odp\u0142atnie pranie mo\u017cna zrobi\u0107 w hotelu &#8222;Patron&#8221;.<br \/>\n8. Szatnia w szpitalu jest ca\u0142odobowa. Mo\u017cna tam wypo\u017cyczy\u0107 le\u017cak do spania (odp\u0142atnie).<br \/>\n9. Numery telefon\u00f3w do oddzia\u0142\u00f3w w CZD  http:\/\/www.czd.pl\/index.php?option=com_content&#038;view=article&#038;id=36<br \/>\n10. Przy wej\u015bciu g\u0142\u00f3wnym CZD jest kaplica.<br \/>\n11. W szpitalu jest bufet gdzie mo\u017cna zje\u015b\u0107 \u015bniadanie i obiad. Obiady mo\u017cna r\u00f3wnie\u017c zam\u00f3wi\u0107 w firmach cateringowych. Obiady s\u0105 dowo\u017cone do pokoju na oddzia\u0142.<\/p>\n","protected":false},"excerpt":{"rendered":"<p>1. Je\u017celi potrzebujecie pomocy prosz\u0119 piszcie do mnie. &#8211; je\u017celi nie macie na czym spa\u0107, &#8211; je\u017celi potrzebujecie koca, poduszki, \u015brodk\u00f3w czysto\u015bci, &#8211; je\u017celi potrzebujecie ubra\u0144 dla dziecka, &#8211; je\u017celi nie macie za co kupi\u0107 jedzenia dla siebie, &#8211; je\u017celi potrzebujecie rozmowy przy kawie. Piszcie. Zawsze staramy si\u0119 pom\u00f3c. Przydatne informacje 1. Przy windach w<\/p>\n<p class=\"more-link\"><a href=\"https:\/\/ojer.pl\/?page_id=506\" class=\"themebutton\">Read More<\/a><\/p>\n","protected":false},"author":1,"featured_media":0,"parent":0,"menu_order":0,"comment_status":"closed","ping_status":"closed","template":"","meta":{"footnotes":""},"class_list":["post-506","page","type-page","status-publish","hentry"],"_links":{"self":[{"href":"https:\/\/ojer.pl\/index.php?rest_route=\/wp\/v2\/pages\/506","targetHints":{"allow":["GET"]}}],"collection":[{"href":"https:\/\/ojer.pl\/index.php?rest_route=\/wp\/v2\/pages"}],"about":[{"href":"https:\/\/ojer.pl\/index.php?rest_route=\/wp\/v2\/types\/page"}],"author":[{"embeddable":true,"href":"https:\/\/ojer.pl\/index.php?rest_route=\/wp\/v2\/users\/1"}],"replies":[{"embeddable":true,"href":"https:\/\/ojer.pl\/index.php?rest_route=%2Fwp%2Fv2%2Fcomments&post=506"}],"version-history":[{"count":11,"href":"https:\/\/ojer.pl\/index.php?rest_route=\/wp\/v2\/pages\/506\/revisions"}],"predecessor-version":[{"id":669,"href":"https:\/\/ojer.pl\/index.php?rest_route=\/wp\/v2\/pages\/506\/revisions\/669"}],"wp:attachment":[{"href":"https:\/\/ojer.pl\/index.php?rest_route=%2Fwp%2Fv2%2Fmedia&parent=506"}],"curies":[{"name":"wp","href":"https:\/\/api.w.org\/{rel}","templated":true}]}}