{"id":416,"date":"2018-07-14T22:01:58","date_gmt":"2018-07-14T20:01:58","guid":{"rendered":"http:\/\/ojer.pl\/?page_id=416"},"modified":"2022-02-04T17:35:30","modified_gmt":"2022-02-04T16:35:30","slug":"w-prasie-3","status":"publish","type":"page","link":"https:\/\/ojer.pl\/?page_id=416","title":{"rendered":"W prasie"},"content":{"rendered":"\n<p>Grudzie\u0144 2021r Claudia <\/p>\n\n\n\n<figure class=\"wp-block-image size-large is-style-default\"><a href=\"https:\/\/ojer.pl\/wp-content\/uploads\/2021\/12\/20211227_140112-scaled.jpg\"><img loading=\"lazy\" decoding=\"async\" width=\"768\" height=\"1024\" src=\"https:\/\/ojer.pl\/wp-content\/uploads\/2021\/12\/20211227_140112-768x1024.jpg\" alt=\"\" class=\"wp-image-1223\" srcset=\"https:\/\/ojer.pl\/wp-content\/uploads\/2021\/12\/20211227_140112-768x1024.jpg 768w, https:\/\/ojer.pl\/wp-content\/uploads\/2021\/12\/20211227_140112-225x300.jpg 225w, https:\/\/ojer.pl\/wp-content\/uploads\/2021\/12\/20211227_140112-1152x1536.jpg 1152w, https:\/\/ojer.pl\/wp-content\/uploads\/2021\/12\/20211227_140112-1536x2048.jpg 1536w, https:\/\/ojer.pl\/wp-content\/uploads\/2021\/12\/20211227_140112-scaled.jpg 1920w\" sizes=\"auto, (max-width: 768px) 100vw, 768px\" \/><\/a><\/figure>\n\n\n\n<figure class=\"wp-block-image size-large is-style-default\"><a href=\"https:\/\/ojer.pl\/wp-content\/uploads\/2021\/12\/20211227_140119-scaled.jpg\"><img loading=\"lazy\" decoding=\"async\" width=\"768\" height=\"1024\" src=\"https:\/\/ojer.pl\/wp-content\/uploads\/2021\/12\/20211227_140119-768x1024.jpg\" alt=\"\" class=\"wp-image-1225\" srcset=\"https:\/\/ojer.pl\/wp-content\/uploads\/2021\/12\/20211227_140119-768x1024.jpg 768w, https:\/\/ojer.pl\/wp-content\/uploads\/2021\/12\/20211227_140119-225x300.jpg 225w, https:\/\/ojer.pl\/wp-content\/uploads\/2021\/12\/20211227_140119-1152x1536.jpg 1152w, https:\/\/ojer.pl\/wp-content\/uploads\/2021\/12\/20211227_140119-1536x2048.jpg 1536w, https:\/\/ojer.pl\/wp-content\/uploads\/2021\/12\/20211227_140119-scaled.jpg 1920w\" sizes=\"auto, (max-width: 768px) 100vw, 768px\" \/><\/a><\/figure>\n\n\n\n<p>Wr\u00f3\u017cka nr 1\/2017 str.24<\/p>\n\n\n\n<p>\u201eOkruchy cytrynowego ciasta\u201d<\/p>\n\n\n\n<figure class=\"wp-block-image is-resized is-style-default\"><a href=\"http:\/\/ojer.pl\/wp-content\/uploads\/2018\/07\/IMG_20180713_210309.png\"><img loading=\"lazy\" decoding=\"async\" src=\"http:\/\/ojer.pl\/wp-content\/uploads\/2018\/07\/IMG_20180713_210309-300x225.png\" alt=\"\" class=\"wp-image-493\" width=\"780\" height=\"585\" srcset=\"https:\/\/ojer.pl\/wp-content\/uploads\/2018\/07\/IMG_20180713_210309-300x225.png 300w, https:\/\/ojer.pl\/wp-content\/uploads\/2018\/07\/IMG_20180713_210309-768x576.png 768w, https:\/\/ojer.pl\/wp-content\/uploads\/2018\/07\/IMG_20180713_210309-1024x768.png 1024w, https:\/\/ojer.pl\/wp-content\/uploads\/2018\/07\/IMG_20180713_210309-380x285.png 380w, https:\/\/ojer.pl\/wp-content\/uploads\/2018\/07\/IMG_20180713_210309-285x214.png 285w, https:\/\/ojer.pl\/wp-content\/uploads\/2018\/07\/IMG_20180713_210309.png 1824w\" sizes=\"auto, (max-width: 780px) 100vw, 780px\" \/><\/a><\/figure>\n\n\n\n<figure class=\"wp-block-image is-resized is-style-default\"><a href=\"http:\/\/ojer.pl\/wp-content\/uploads\/2018\/07\/IMG_20180713_210204.png\"><img loading=\"lazy\" decoding=\"async\" src=\"http:\/\/ojer.pl\/wp-content\/uploads\/2018\/07\/IMG_20180713_210204-300x225.png\" alt=\"\" class=\"wp-image-499\" width=\"787\" height=\"590\" srcset=\"https:\/\/ojer.pl\/wp-content\/uploads\/2018\/07\/IMG_20180713_210204-300x225.png 300w, https:\/\/ojer.pl\/wp-content\/uploads\/2018\/07\/IMG_20180713_210204-768x576.png 768w, https:\/\/ojer.pl\/wp-content\/uploads\/2018\/07\/IMG_20180713_210204-1024x768.png 1024w, https:\/\/ojer.pl\/wp-content\/uploads\/2018\/07\/IMG_20180713_210204-380x285.png 380w, https:\/\/ojer.pl\/wp-content\/uploads\/2018\/07\/IMG_20180713_210204-285x214.png 285w, https:\/\/ojer.pl\/wp-content\/uploads\/2018\/07\/IMG_20180713_210204.png 1824w\" sizes=\"auto, (max-width: 787px) 100vw, 787px\" \/><\/a><\/figure>\n\n\n\n<p>Gazeta Wyborcza 05\/05\/2016 str 3<\/p>\n\n\n\n<p>\u201ePom\u00f3c rodzicom w CZD\u201d<\/p>\n\n\n\n<figure class=\"wp-block-image is-resized is-style-default\"><a href=\"http:\/\/ojer.pl\/wp-content\/uploads\/2018\/07\/IMG_20180713_205916.png\"><img loading=\"lazy\" decoding=\"async\" src=\"http:\/\/ojer.pl\/wp-content\/uploads\/2018\/07\/IMG_20180713_205916-225x300.png\" alt=\"\" class=\"wp-image-490\" width=\"837\" height=\"1117\" srcset=\"https:\/\/ojer.pl\/wp-content\/uploads\/2018\/07\/IMG_20180713_205916-225x300.png 225w, https:\/\/ojer.pl\/wp-content\/uploads\/2018\/07\/IMG_20180713_205916-768x1024.png 768w, https:\/\/ojer.pl\/wp-content\/uploads\/2018\/07\/IMG_20180713_205916.png 1368w\" sizes=\"auto, (max-width: 837px) 100vw, 837px\" \/><\/a><\/figure>\n\n\n\n<p>Wawerskie wiadomo\u015bci s\u0105siedzkie 06\/2016 nr 64 str.4<\/p>\n\n\n\n<p>\u201eMieszka\u0144cy Wawra pomagaj\u0105 rodzicom dzieci z Centrum Zdrowia Dziecka\u201d<\/p>\n\n\n\n<figure class=\"wp-block-image is-resized is-style-default\"><a href=\"http:\/\/ojer.pl\/wp-content\/uploads\/2018\/07\/IMG_20180713_203346.png\"><img loading=\"lazy\" decoding=\"async\" src=\"http:\/\/ojer.pl\/wp-content\/uploads\/2018\/07\/IMG_20180713_203346-300x225.png\" alt=\"\" class=\"wp-image-488\" width=\"832\" height=\"624\" srcset=\"https:\/\/ojer.pl\/wp-content\/uploads\/2018\/07\/IMG_20180713_203346-300x225.png 300w, https:\/\/ojer.pl\/wp-content\/uploads\/2018\/07\/IMG_20180713_203346-768x576.png 768w, https:\/\/ojer.pl\/wp-content\/uploads\/2018\/07\/IMG_20180713_203346-1024x768.png 1024w, https:\/\/ojer.pl\/wp-content\/uploads\/2018\/07\/IMG_20180713_203346-380x285.png 380w, https:\/\/ojer.pl\/wp-content\/uploads\/2018\/07\/IMG_20180713_203346-285x214.png 285w, https:\/\/ojer.pl\/wp-content\/uploads\/2018\/07\/IMG_20180713_203346.png 1824w\" sizes=\"auto, (max-width: 832px) 100vw, 832px\" \/><\/a><\/figure>\n\n\n\n<p>B\u0119d\u0119 mam\u0105 06\/2016 nr 6(48) str.9<\/p>\n\n\n\n<p>\u201e Pomoc z dowozem na oddzia\u0142\u201d<\/p>\n\n\n\n<figure class=\"wp-block-image is-resized is-style-default\"><a href=\"http:\/\/ojer.pl\/wp-content\/uploads\/2018\/07\/IMG_20180713_204202.png\"><img loading=\"lazy\" decoding=\"async\" src=\"http:\/\/ojer.pl\/wp-content\/uploads\/2018\/07\/IMG_20180713_204202-300x225.png\" alt=\"\" class=\"wp-image-491\" width=\"822\" height=\"617\" srcset=\"https:\/\/ojer.pl\/wp-content\/uploads\/2018\/07\/IMG_20180713_204202-300x225.png 300w, https:\/\/ojer.pl\/wp-content\/uploads\/2018\/07\/IMG_20180713_204202-768x576.png 768w, https:\/\/ojer.pl\/wp-content\/uploads\/2018\/07\/IMG_20180713_204202-1024x768.png 1024w, https:\/\/ojer.pl\/wp-content\/uploads\/2018\/07\/IMG_20180713_204202-380x285.png 380w, https:\/\/ojer.pl\/wp-content\/uploads\/2018\/07\/IMG_20180713_204202-285x214.png 285w, https:\/\/ojer.pl\/wp-content\/uploads\/2018\/07\/IMG_20180713_204202.png 1824w\" sizes=\"auto, (max-width: 822px) 100vw, 822px\" \/><\/a><\/figure>\n\n\n\n<p>Chwila dla Ciebie 21\/07\/2016 nr 29 (11104)<\/p>\n\n\n\n<p>\u201eTe mamy potrzebuj\u0105 naszej pomocy\u201d<\/p>\n\n\n\n<figure class=\"wp-block-image is-resized is-style-default\"><a href=\"http:\/\/ojer.pl\/wp-content\/uploads\/2018\/07\/IMG_20180713_203600.png\"><img loading=\"lazy\" decoding=\"async\" src=\"http:\/\/ojer.pl\/wp-content\/uploads\/2018\/07\/IMG_20180713_203600-225x300.png\" alt=\"\" class=\"wp-image-492\" width=\"825\" height=\"1100\" srcset=\"https:\/\/ojer.pl\/wp-content\/uploads\/2018\/07\/IMG_20180713_203600-225x300.png 225w, https:\/\/ojer.pl\/wp-content\/uploads\/2018\/07\/IMG_20180713_203600-768x1024.png 768w, https:\/\/ojer.pl\/wp-content\/uploads\/2018\/07\/IMG_20180713_203600.png 1368w\" sizes=\"auto, (max-width: 825px) 100vw, 825px\" \/><\/a><\/figure>\n\n\n\n<p>Fakt 2016 str. 1<\/p>\n\n\n\n<p>\u201eSzpitalna Samopomoc rodzic\u00f3w\u201d<\/p>\n\n\n\n<figure class=\"wp-block-image is-resized is-style-default\"><a href=\"http:\/\/ojer.pl\/wp-content\/uploads\/2018\/07\/IMG_20180713_203457.png\"><img loading=\"lazy\" decoding=\"async\" src=\"http:\/\/ojer.pl\/wp-content\/uploads\/2018\/07\/IMG_20180713_203457-225x300.png\" alt=\"\" class=\"wp-image-435\" width=\"544\" height=\"725\" srcset=\"https:\/\/ojer.pl\/wp-content\/uploads\/2018\/07\/IMG_20180713_203457-225x300.png 225w, https:\/\/ojer.pl\/wp-content\/uploads\/2018\/07\/IMG_20180713_203457.png 450w\" sizes=\"auto, (max-width: 544px) 100vw, 544px\" \/><\/a><\/figure>\n\n\n\n<p>Gazeta S\u0105siedzka (Weso\u0142a) nr.40 stycze\u0144\/luty 2017 str.20<\/p>\n\n\n\n<p>\u201e Tak niewiele potrzeba aby zdzia\u0142a\u0107 tak wiele..\u201d<\/p>\n\n\n\n<figure class=\"wp-block-image is-resized is-style-default\"><a href=\"http:\/\/ojer.pl\/wp-content\/uploads\/2018\/07\/IMG_20180713_204915.png\"><img loading=\"lazy\" decoding=\"async\" src=\"http:\/\/ojer.pl\/wp-content\/uploads\/2018\/07\/IMG_20180713_204915-300x225.png\" alt=\"\" class=\"wp-image-494\" width=\"837\" height=\"628\" srcset=\"https:\/\/ojer.pl\/wp-content\/uploads\/2018\/07\/IMG_20180713_204915-300x225.png 300w, https:\/\/ojer.pl\/wp-content\/uploads\/2018\/07\/IMG_20180713_204915-768x576.png 768w, https:\/\/ojer.pl\/wp-content\/uploads\/2018\/07\/IMG_20180713_204915-1024x768.png 1024w, https:\/\/ojer.pl\/wp-content\/uploads\/2018\/07\/IMG_20180713_204915-380x285.png 380w, https:\/\/ojer.pl\/wp-content\/uploads\/2018\/07\/IMG_20180713_204915-285x214.png 285w, https:\/\/ojer.pl\/wp-content\/uploads\/2018\/07\/IMG_20180713_204915.png 1824w\" sizes=\"auto, (max-width: 837px) 100vw, 837px\" \/><\/a><\/figure>\n\n\n\n<p>Dobre Rady 03\/2017 str.94<\/p>\n\n\n\n<p>\u201ePomagam rodzicom chorych dzieci\u201d<\/p>\n\n\n\n<figure class=\"wp-block-image is-resized is-style-default\"><a href=\"http:\/\/ojer.pl\/wp-content\/uploads\/2018\/07\/IMG_20180713_204526.png\"><img loading=\"lazy\" decoding=\"async\" src=\"http:\/\/ojer.pl\/wp-content\/uploads\/2018\/07\/IMG_20180713_204526-300x225.png\" alt=\"\" class=\"wp-image-495\" width=\"840\" height=\"630\" srcset=\"https:\/\/ojer.pl\/wp-content\/uploads\/2018\/07\/IMG_20180713_204526-300x225.png 300w, https:\/\/ojer.pl\/wp-content\/uploads\/2018\/07\/IMG_20180713_204526-768x576.png 768w, https:\/\/ojer.pl\/wp-content\/uploads\/2018\/07\/IMG_20180713_204526-1024x768.png 1024w, https:\/\/ojer.pl\/wp-content\/uploads\/2018\/07\/IMG_20180713_204526-380x285.png 380w, https:\/\/ojer.pl\/wp-content\/uploads\/2018\/07\/IMG_20180713_204526-285x214.png 285w, https:\/\/ojer.pl\/wp-content\/uploads\/2018\/07\/IMG_20180713_204526.png 1824w\" sizes=\"auto, (max-width: 840px) 100vw, 840px\" \/><\/a><\/figure>\n\n\n\n<p>Takie jest \u017cycie 20\/04\/2017 nr 8 (697) str.38<\/p>\n\n\n\n<p>\u201e \u0141a\u0144cuszek dobrych serc\u201d<\/p>\n\n\n\n<figure class=\"wp-block-image is-style-default\"><a href=\"http:\/\/ojer.pl\/wp-content\/uploads\/2018\/07\/IMG_20180713_205726.png\"><img loading=\"lazy\" decoding=\"async\" width=\"300\" height=\"225\" src=\"http:\/\/ojer.pl\/wp-content\/uploads\/2018\/07\/IMG_20180713_205726-300x225.png\" alt=\"\" class=\"wp-image-496\" srcset=\"https:\/\/ojer.pl\/wp-content\/uploads\/2018\/07\/IMG_20180713_205726-300x225.png 300w, https:\/\/ojer.pl\/wp-content\/uploads\/2018\/07\/IMG_20180713_205726-768x576.png 768w, https:\/\/ojer.pl\/wp-content\/uploads\/2018\/07\/IMG_20180713_205726-1024x768.png 1024w, https:\/\/ojer.pl\/wp-content\/uploads\/2018\/07\/IMG_20180713_205726-380x285.png 380w, https:\/\/ojer.pl\/wp-content\/uploads\/2018\/07\/IMG_20180713_205726-285x214.png 285w, https:\/\/ojer.pl\/wp-content\/uploads\/2018\/07\/IMG_20180713_205726.png 1824w\" sizes=\"auto, (max-width: 300px) 100vw, 300px\" \/><\/a><\/figure>\n\n\n\n<p>Tina 26\/04\/2017 nr 9 str.14<\/p>\n\n\n\n<p>\u201eWzruszy\u0142 mnie los matek chorych dzieci z CZD\u201d<\/p>\n\n\n\n<figure class=\"wp-block-image is-resized is-style-default\"><a href=\"http:\/\/ojer.pl\/wp-content\/uploads\/2018\/07\/IMG_20180713_205322.png\"><img loading=\"lazy\" decoding=\"async\" src=\"http:\/\/ojer.pl\/wp-content\/uploads\/2018\/07\/IMG_20180713_205322-300x225.png\" alt=\"\" class=\"wp-image-497\" width=\"840\" height=\"630\" srcset=\"https:\/\/ojer.pl\/wp-content\/uploads\/2018\/07\/IMG_20180713_205322-300x225.png 300w, https:\/\/ojer.pl\/wp-content\/uploads\/2018\/07\/IMG_20180713_205322-768x576.png 768w, https:\/\/ojer.pl\/wp-content\/uploads\/2018\/07\/IMG_20180713_205322-1024x768.png 1024w, https:\/\/ojer.pl\/wp-content\/uploads\/2018\/07\/IMG_20180713_205322-380x285.png 380w, https:\/\/ojer.pl\/wp-content\/uploads\/2018\/07\/IMG_20180713_205322-285x214.png 285w, https:\/\/ojer.pl\/wp-content\/uploads\/2018\/07\/IMG_20180713_205322.png 1824w\" sizes=\"auto, (max-width: 840px) 100vw, 840px\" \/><\/a><\/figure>\n\n\n\n<p>Dziennik Gazeta Prawna 7-9\/10\/2016 nr 195(4342)<\/p>\n\n\n\n<p>\u201eWielkie serca kt\u00f3re rusz\u0105 nawet Pomnik\u201d<\/p>\n\n\n\n<figure class=\"wp-block-image is-resized is-style-default\"><a href=\"http:\/\/ojer.pl\/wp-content\/uploads\/2018\/07\/IMG_20180713_203932.png\"><img loading=\"lazy\" decoding=\"async\" src=\"http:\/\/ojer.pl\/wp-content\/uploads\/2018\/07\/IMG_20180713_203932-225x300.png\" alt=\"\" class=\"wp-image-498\" width=\"840\" height=\"1120\" srcset=\"https:\/\/ojer.pl\/wp-content\/uploads\/2018\/07\/IMG_20180713_203932-225x300.png 225w, https:\/\/ojer.pl\/wp-content\/uploads\/2018\/07\/IMG_20180713_203932-768x1024.png 768w, https:\/\/ojer.pl\/wp-content\/uploads\/2018\/07\/IMG_20180713_203932.png 1368w\" sizes=\"auto, (max-width: 840px) 100vw, 840px\" \/><\/a><\/figure>\n\n\n\n<p>Rzeczpospolita 25\/01\/2017 str. R5<\/p>\n\n\n\n<p>\u201ePomoc dla rodzic\u00f3w ma\u0142ych pacjent\u00f3w\u201d<\/p>\n\n\n\n<figure class=\"wp-block-image is-resized is-style-default\"><a href=\"http:\/\/ojer.pl\/wp-content\/uploads\/2018\/07\/IMG_20180713_203223.png\"><img loading=\"lazy\" decoding=\"async\" src=\"http:\/\/ojer.pl\/wp-content\/uploads\/2018\/07\/IMG_20180713_203223-225x300.png\" alt=\"\" class=\"wp-image-434\" width=\"836\" height=\"1115\" srcset=\"https:\/\/ojer.pl\/wp-content\/uploads\/2018\/07\/IMG_20180713_203223-225x300.png 225w, https:\/\/ojer.pl\/wp-content\/uploads\/2018\/07\/IMG_20180713_203223.png 450w\" sizes=\"auto, (max-width: 836px) 100vw, 836px\" \/><\/a><\/figure>\n\n\n\n<p>Twoje Nowinki 26\/03\/2018 nr 1\/98 str.5<\/p>\n\n\n\n<p>\u201eMieszka\u0144cy Wawra pomagaj\u0105 potrzebuj\u0105cym\u201d<\/p>\n\n\n\n<figure class=\"wp-block-image is-resized is-style-default\"><a href=\"http:\/\/ojer.pl\/wp-content\/uploads\/2018\/07\/IMG_20180713_202709.png\"><img loading=\"lazy\" decoding=\"async\" src=\"http:\/\/ojer.pl\/wp-content\/uploads\/2018\/07\/IMG_20180713_202709-225x300.png\" alt=\"\" class=\"wp-image-433\" width=\"831\" height=\"1108\" srcset=\"https:\/\/ojer.pl\/wp-content\/uploads\/2018\/07\/IMG_20180713_202709-225x300.png 225w, https:\/\/ojer.pl\/wp-content\/uploads\/2018\/07\/IMG_20180713_202709.png 450w\" sizes=\"auto, (max-width: 831px) 100vw, 831px\" \/><\/a><\/figure>\n\n\n\n<p>Rzeczpospolita 27\/03\/2018 nr 27(11012) str. A6<\/p>\n\n\n\n<p>\u201e Gdy umiera dziecko\u201d<\/p>\n\n\n\n<figure class=\"wp-block-image is-resized is-style-default\"><a href=\"http:\/\/ojer.pl\/wp-content\/uploads\/2018\/07\/IMG_20180713_202132-1.png\"><img loading=\"lazy\" decoding=\"async\" src=\"http:\/\/ojer.pl\/wp-content\/uploads\/2018\/07\/IMG_20180713_202132-1-225x300.png\" alt=\"\" class=\"wp-image-487\" width=\"837\" height=\"1116\" srcset=\"https:\/\/ojer.pl\/wp-content\/uploads\/2018\/07\/IMG_20180713_202132-1-225x300.png 225w, https:\/\/ojer.pl\/wp-content\/uploads\/2018\/07\/IMG_20180713_202132-1-768x1024.png 768w, https:\/\/ojer.pl\/wp-content\/uploads\/2018\/07\/IMG_20180713_202132-1.png 1368w\" sizes=\"auto, (max-width: 837px) 100vw, 837px\" \/><\/a><\/figure>\n\n\n\n<p>Tw\u00f3j Styl 03\/2018 nr 3 (320) str. 76<\/p>\n\n\n\n<p>Artyku\u0142 \u201e Rodzice rodzicom\u201d<\/p>\n\n\n\n<figure class=\"wp-block-image is-resized is-style-default\"><a href=\"http:\/\/ojer.pl\/wp-content\/uploads\/2018\/07\/IMG_20180713_202010.png\"><img loading=\"lazy\" decoding=\"async\" src=\"http:\/\/ojer.pl\/wp-content\/uploads\/2018\/07\/IMG_20180713_202010-225x300.png\" alt=\"\" class=\"wp-image-431\" width=\"839\" height=\"1119\" srcset=\"https:\/\/ojer.pl\/wp-content\/uploads\/2018\/07\/IMG_20180713_202010-225x300.png 225w, https:\/\/ojer.pl\/wp-content\/uploads\/2018\/07\/IMG_20180713_202010.png 450w\" sizes=\"auto, (max-width: 839px) 100vw, 839px\" \/><\/a><\/figure>\n\n\n\n<p>\u201eDo Centrum Zdrowia Dziecka przywozi si\u0119 dzieci z ca\u0142ego kraju. Rodzice jad\u0105 w po\u015bpiechu za karetk\u0105 i nie my\u015bl\u0105 nawet o tym, \u017ceby wzi\u0105\u0107 \u015bpiw\u00f3r dla siebie. Pomy\u015bla\u0142am, \u017ce im pomog\u0119\u2026\u201d \u2013 m\u00f3wi Anna Ojer, laureatka tytu\u0142u Warszawianka Roku 2018, wybrana w plebiscycie organizowanym przez Miasto Sto\u0142eczne Warszawa. Wywiad znajdziecie w aktualnej URODZIE \u017bYCIA, jeszcze tylko dwa dni na rynku!<\/p>\n\n\n\n<p>Znacie inicjatyw\u0119 Anny Ojer \u201eSOS \u2013 mieszka\u0144cy Wawra Rodzicom z CZD\u201d? Warszawska Dzielnica Wawer \u2013 macie wspania\u0142ych mieszka\u0144c\u00f3w!<\/p>\n\n\n\n<figure class=\"wp-block-image is-resized is-style-default\"><a href=\"https:\/\/ojer.pl\/wp-content\/uploads\/2019\/01\/49565623_2317698988292586_2929377595218722816_o.jpg\"><img loading=\"lazy\" decoding=\"async\" src=\"https:\/\/ojer.pl\/wp-content\/uploads\/2019\/01\/49565623_2317698988292586_2929377595218722816_o-300x225.jpg\" alt=\"\" class=\"wp-image-828\" width=\"840\" height=\"630\" srcset=\"https:\/\/ojer.pl\/wp-content\/uploads\/2019\/01\/49565623_2317698988292586_2929377595218722816_o-300x225.jpg 300w, https:\/\/ojer.pl\/wp-content\/uploads\/2019\/01\/49565623_2317698988292586_2929377595218722816_o-768x576.jpg 768w, https:\/\/ojer.pl\/wp-content\/uploads\/2019\/01\/49565623_2317698988292586_2929377595218722816_o-1024x768.jpg 1024w, https:\/\/ojer.pl\/wp-content\/uploads\/2019\/01\/49565623_2317698988292586_2929377595218722816_o-380x285.jpg 380w, https:\/\/ojer.pl\/wp-content\/uploads\/2019\/01\/49565623_2317698988292586_2929377595218722816_o-285x214.jpg 285w, https:\/\/ojer.pl\/wp-content\/uploads\/2019\/01\/49565623_2317698988292586_2929377595218722816_o.jpg 1200w\" sizes=\"auto, (max-width: 840px) 100vw, 840px\" \/><\/a><\/figure>\n","protected":false},"excerpt":{"rendered":"<p>Grudzie\u0144 2021r Claudia Wr\u00f3\u017cka nr 1\/2017 str.24 \u201eOkruchy cytrynowego ciasta\u201d Gazeta Wyborcza 05\/05\/2016 str 3 \u201ePom\u00f3c rodzicom w CZD\u201d Wawerskie wiadomo\u015bci s\u0105siedzkie 06\/2016 nr 64 str.4 \u201eMieszka\u0144cy Wawra pomagaj\u0105 rodzicom dzieci z Centrum Zdrowia Dziecka\u201d B\u0119d\u0119 mam\u0105 06\/2016 nr 6(48) str.9 \u201e Pomoc z dowozem na oddzia\u0142\u201d Chwila dla Ciebie 21\/07\/2016 nr 29 (11104) \u201eTe<\/p>\n<p class=\"more-link\"><a href=\"https:\/\/ojer.pl\/?page_id=416\" class=\"themebutton\">Read More<\/a><\/p>\n","protected":false},"author":1,"featured_media":0,"parent":0,"menu_order":0,"comment_status":"closed","ping_status":"closed","template":"","meta":{"footnotes":""},"class_list":["post-416","page","type-page","status-publish","hentry"],"_links":{"self":[{"href":"https:\/\/ojer.pl\/index.php?rest_route=\/wp\/v2\/pages\/416","targetHints":{"allow":["GET"]}}],"collection":[{"href":"https:\/\/ojer.pl\/index.php?rest_route=\/wp\/v2\/pages"}],"about":[{"href":"https:\/\/ojer.pl\/index.php?rest_route=\/wp\/v2\/types\/page"}],"author":[{"embeddable":true,"href":"https:\/\/ojer.pl\/index.php?rest_route=\/wp\/v2\/users\/1"}],"replies":[{"embeddable":true,"href":"https:\/\/ojer.pl\/index.php?rest_route=%2Fwp%2Fv2%2Fcomments&post=416"}],"version-history":[{"count":9,"href":"https:\/\/ojer.pl\/index.php?rest_route=\/wp\/v2\/pages\/416\/revisions"}],"predecessor-version":[{"id":1270,"href":"https:\/\/ojer.pl\/index.php?rest_route=\/wp\/v2\/pages\/416\/revisions\/1270"}],"wp:attachment":[{"href":"https:\/\/ojer.pl\/index.php?rest_route=%2Fwp%2Fv2%2Fmedia&parent=416"}],"curies":[{"name":"wp","href":"https:\/\/api.w.org\/{rel}","templated":true}]}}