{"id":356,"date":"2018-07-11T14:20:51","date_gmt":"2018-07-11T12:20:51","guid":{"rendered":"http:\/\/ojer.pl\/?page_id=356"},"modified":"2021-12-07T22:45:46","modified_gmt":"2021-12-07T21:45:46","slug":"potrzebna-pomoc","status":"publish","type":"page","link":"https:\/\/ojer.pl\/?page_id=356","title":{"rendered":"Potrzebna pomoc"},"content":{"rendered":"<p>Pomoc rodzicowi w potrzebie to priorytet. Dlatego tworzymy \u201epakiety startowe\u201d dla rodzica w potrzebie. Ka\u017cdy z nas mo\u017ce wyobrazi\u0107 sobie jakby si\u0119 czu\u0142 setki kilometr\u00f3w od swojego domu w obcym miejscu, z chorym dzieckiem bez \u017cadnej pomocy, maj\u0105c kilka z\u0142otych w kieszeni, bez \u0142\u00f3\u017cka, koca, ubrania aby si\u0119 przebra\u0107, szczotki do z\u0119b\u00f3w\u2026. Kilka dni mo\u017cna przetrwa\u0107 ale w szpitalu CZD dzieci i rodzice przebywaj\u0105 d\u0142ugie tygodnie.<\/p>\n<p>Dlatego ci\u0105gle i ci\u0105gle zbieramy:<\/p>\n<p>&#8211; koce,<br \/>\n&#8211; poduszki,<br \/>\n&#8211; \u015brodki czysto\u015bci ( szczotka, pasta, szampon),<br \/>\n&#8211; pi\u017camy, bluzki, legginsy.<\/p>\n<p>Dla dzieci zbieramy:<\/p>\n<p>&#8211; zabawki,<br \/>\n&#8211; krzese\u0142ka,<br \/>\n&#8211; stoliki,<br \/>\n&#8211; ksi\u0105\u017ceczki.<\/p>\n<p>Nasza pomoc nie ogranicza si\u0119 do pomocy w szpitalach dzieci\u0119cych. Robimy k\u0105ciki kuchenne w szpitalach dla doros\u0142ych ( ustawiamy lod\u00f3wki, mikrofale, czajniki) aby u\u0142atwi\u0107 szpitalne \u017cycie. Organizujemy wod\u0119 dla pacjent\u00f3w,\u00a0 ubrania, pi\u017camy. Staramy si\u0119 pomaga\u0107 tak jak tylko mo\u017cemy.<\/p>\n","protected":false},"excerpt":{"rendered":"<p>Pomoc rodzicowi w potrzebie to priorytet. Dlatego tworzymy \u201epakiety startowe\u201d dla rodzica w potrzebie. Ka\u017cdy z nas mo\u017ce wyobrazi\u0107 sobie jakby si\u0119 czu\u0142 setki kilometr\u00f3w od swojego domu w obcym miejscu, z chorym dzieckiem bez \u017cadnej pomocy, maj\u0105c kilka z\u0142otych w kieszeni, bez \u0142\u00f3\u017cka, koca, ubrania aby si\u0119 przebra\u0107, szczotki do z\u0119b\u00f3w\u2026. Kilka dni mo\u017cna<\/p>\n<p class=\"more-link\"><a href=\"https:\/\/ojer.pl\/?page_id=356\" class=\"themebutton\">Read More<\/a><\/p>\n","protected":false},"author":1,"featured_media":0,"parent":0,"menu_order":0,"comment_status":"closed","ping_status":"closed","template":"","meta":{"footnotes":""},"class_list":["post-356","page","type-page","status-publish","hentry"],"_links":{"self":[{"href":"https:\/\/ojer.pl\/index.php?rest_route=\/wp\/v2\/pages\/356","targetHints":{"allow":["GET"]}}],"collection":[{"href":"https:\/\/ojer.pl\/index.php?rest_route=\/wp\/v2\/pages"}],"about":[{"href":"https:\/\/ojer.pl\/index.php?rest_route=\/wp\/v2\/types\/page"}],"author":[{"embeddable":true,"href":"https:\/\/ojer.pl\/index.php?rest_route=\/wp\/v2\/users\/1"}],"replies":[{"embeddable":true,"href":"https:\/\/ojer.pl\/index.php?rest_route=%2Fwp%2Fv2%2Fcomments&post=356"}],"version-history":[{"count":6,"href":"https:\/\/ojer.pl\/index.php?rest_route=\/wp\/v2\/pages\/356\/revisions"}],"predecessor-version":[{"id":1040,"href":"https:\/\/ojer.pl\/index.php?rest_route=\/wp\/v2\/pages\/356\/revisions\/1040"}],"wp:attachment":[{"href":"https:\/\/ojer.pl\/index.php?rest_route=%2Fwp%2Fv2%2Fmedia&parent=356"}],"curies":[{"name":"wp","href":"https:\/\/api.w.org\/{rel}","templated":true}]}}