{"id":315,"date":"2018-07-10T14:32:58","date_gmt":"2018-07-10T12:32:58","guid":{"rendered":"http:\/\/ojer.pl\/?page_id=315"},"modified":"2021-12-07T17:40:43","modified_gmt":"2021-12-07T16:40:43","slug":"wawer-w-obiektywie","status":"publish","type":"page","link":"https:\/\/ojer.pl\/?page_id=315","title":{"rendered":"Wawer w Obiektywie"},"content":{"rendered":"<p>Wawer to najwi\u0119ksza pod wzgl\u0119dem powierzchni dzielnica Warszawy. Powierzchnia Wawra to 79,7 km\u00b2.<br \/>W okresie 1960\u20131994 obszar dzisiejszego Wawra stanowi\u0142 cz\u0119\u015b\u0107 dzielnicy Warszawa-Praga Po\u0142udnie.<br \/>W 2002 roku gmina Wawer zosta\u0142a przekszta\u0142cona w dzielnic\u0119 Wawer.<br \/>Wawer to pi\u0119kne miejsce do zamieszkania. Mamy u nas lasy, le\u015bne stawy. Mo\u017cna wybra\u0107 si\u0119 na rowerowe i piesze wycieczki.<br \/>Osiedla Wawra:<br \/>\u2013 Aleksandr\u00f3w<br \/>\u2013 Anin<br \/>\u2013 Falenica<br \/>\u2013 Las<br \/>\u2013 Marysin Wawerski<br \/>\u2013 Miedzeszyn<br \/>\u2013 Mi\u0119dzylesie<br \/>\u2013 Nadwi\u015ble<br \/>\u2013 Rado\u015b\u0107<br \/>\u2013 Sadul<br \/>\u2013 Wawer<br \/>\u2013 Zerze\u0144<\/p>\n<p>\u00a0<\/p>\n<center><a href=\"http:\/\/ojer.pl\/wp-content\/uploads\/2018\/07\/33200352_2121630224722519_1748774558237720576_nerterterte2222222.jpg\"><img loading=\"lazy\" decoding=\"async\" class=\"wp-image-321 alignleft\" src=\"http:\/\/ojer.pl\/wp-content\/uploads\/2018\/07\/33200352_2121630224722519_1748774558237720576_nerterterte2222222.jpg\" alt=\"\" width=\"636\" height=\"756\" \/><\/a><a href=\"http:\/\/ojer.pl\/wp-content\/uploads\/2018\/07\/IMG_20180701_175447-1.png\"><img loading=\"lazy\" decoding=\"async\" class=\"wp-image-452 alignleft\" src=\"http:\/\/ojer.pl\/wp-content\/uploads\/2018\/07\/IMG_20180701_175447-1-300x225.png\" alt=\"\" width=\"634\" height=\"477\" srcset=\"https:\/\/ojer.pl\/wp-content\/uploads\/2018\/07\/IMG_20180701_175447-1-300x225.png 300w, https:\/\/ojer.pl\/wp-content\/uploads\/2018\/07\/IMG_20180701_175447-1-768x576.png 768w, https:\/\/ojer.pl\/wp-content\/uploads\/2018\/07\/IMG_20180701_175447-1-380x285.png 380w, https:\/\/ojer.pl\/wp-content\/uploads\/2018\/07\/IMG_20180701_175447-1-285x214.png 285w, https:\/\/ojer.pl\/wp-content\/uploads\/2018\/07\/IMG_20180701_175447-1.png 800w\" sizes=\"auto, (max-width: 634px) 100vw, 634px\" \/><\/a>\n<p>\u00a0<\/p>\n<p><a href=\"http:\/\/ojer.pl\/wp-content\/uploads\/2018\/07\/IMG_6465-1.png\"><img loading=\"lazy\" decoding=\"async\" class=\"wp-image-451 alignleft\" src=\"http:\/\/ojer.pl\/wp-content\/uploads\/2018\/07\/IMG_6465-1-300x200.png\" alt=\"\" width=\"632\" height=\"421\" srcset=\"https:\/\/ojer.pl\/wp-content\/uploads\/2018\/07\/IMG_6465-1-300x200.png 300w, https:\/\/ojer.pl\/wp-content\/uploads\/2018\/07\/IMG_6465-1-768x512.png 768w, https:\/\/ojer.pl\/wp-content\/uploads\/2018\/07\/IMG_6465-1-570x380.png 570w, https:\/\/ojer.pl\/wp-content\/uploads\/2018\/07\/IMG_6465-1-380x254.png 380w, https:\/\/ojer.pl\/wp-content\/uploads\/2018\/07\/IMG_6465-1-285x190.png 285w, https:\/\/ojer.pl\/wp-content\/uploads\/2018\/07\/IMG_6465-1.png 800w\" sizes=\"auto, (max-width: 632px) 100vw, 632px\" \/><\/a><a href=\"http:\/\/ojer.pl\/wp-content\/uploads\/2018\/07\/1167469_232259610256921_341048601_o-1.png\"><img loading=\"lazy\" decoding=\"async\" class=\"wp-image-449 alignleft\" src=\"http:\/\/ojer.pl\/wp-content\/uploads\/2018\/07\/1167469_232259610256921_341048601_o-1-300x200.png\" alt=\"\" width=\"627\" height=\"418\" srcset=\"https:\/\/ojer.pl\/wp-content\/uploads\/2018\/07\/1167469_232259610256921_341048601_o-1-300x200.png 300w, https:\/\/ojer.pl\/wp-content\/uploads\/2018\/07\/1167469_232259610256921_341048601_o-1-768x511.png 768w, https:\/\/ojer.pl\/wp-content\/uploads\/2018\/07\/1167469_232259610256921_341048601_o-1-570x380.png 570w, https:\/\/ojer.pl\/wp-content\/uploads\/2018\/07\/1167469_232259610256921_341048601_o-1-380x254.png 380w, https:\/\/ojer.pl\/wp-content\/uploads\/2018\/07\/1167469_232259610256921_341048601_o-1-285x190.png 285w, https:\/\/ojer.pl\/wp-content\/uploads\/2018\/07\/1167469_232259610256921_341048601_o-1.png 800w\" sizes=\"auto, (max-width: 627px) 100vw, 627px\" \/><\/a><\/p>\n<p><a href=\"http:\/\/ojer.pl\/wp-content\/uploads\/2018\/07\/34110794_997456270432821_537306924194988032_n.png\"><img loading=\"lazy\" decoding=\"async\" class=\"wp-image-566 alignleft\" src=\"http:\/\/ojer.pl\/wp-content\/uploads\/2018\/07\/34110794_997456270432821_537306924194988032_n-281x300.png\" alt=\"\" width=\"625\" height=\"667\" srcset=\"https:\/\/ojer.pl\/wp-content\/uploads\/2018\/07\/34110794_997456270432821_537306924194988032_n-281x300.png 281w, https:\/\/ojer.pl\/wp-content\/uploads\/2018\/07\/34110794_997456270432821_537306924194988032_n.png 360w\" sizes=\"auto, (max-width: 625px) 100vw, 625px\" \/><\/a><a href=\"http:\/\/ojer.pl\/wp-content\/uploads\/2018\/07\/beznazwy-2-1.png\"><img loading=\"lazy\" decoding=\"async\" class=\"wp-image-573 alignleft\" src=\"http:\/\/ojer.pl\/wp-content\/uploads\/2018\/07\/beznazwy-2-1.png\" alt=\"\" width=\"627\" height=\"470\" \/><\/a><a href=\"http:\/\/ojer.pl\/wp-content\/uploads\/2018\/07\/Cukiernia.png\"><img loading=\"lazy\" decoding=\"async\" class=\"wp-image-568 alignleft\" src=\"http:\/\/ojer.pl\/wp-content\/uploads\/2018\/07\/Cukiernia-300x158.png\" alt=\"\" width=\"626\" height=\"329\" srcset=\"https:\/\/ojer.pl\/wp-content\/uploads\/2018\/07\/Cukiernia-300x158.png 300w, https:\/\/ojer.pl\/wp-content\/uploads\/2018\/07\/Cukiernia-768x404.png 768w, https:\/\/ojer.pl\/wp-content\/uploads\/2018\/07\/Cukiernia.png 1024w\" sizes=\"auto, (max-width: 626px) 100vw, 626px\" \/><\/a><br \/><br \/><\/p>\n<p>\u00a0<\/p>\n<\/center>\n<p>\u00a0<\/p>\n\n\n<figure class=\"wp-block-image size-full is-resized is-style-default\"><a href=\"https:\/\/ojer.pl\/wp-content\/uploads\/2018\/07\/beznazwygfyhjfg-1.png\"><img loading=\"lazy\" decoding=\"async\" src=\"https:\/\/ojer.pl\/wp-content\/uploads\/2018\/07\/beznazwygfyhjfg-1.png\" alt=\"\" class=\"wp-image-450\" width=\"631\" height=\"889\" srcset=\"https:\/\/ojer.pl\/wp-content\/uploads\/2018\/07\/beznazwygfyhjfg-1.png 426w, https:\/\/ojer.pl\/wp-content\/uploads\/2018\/07\/beznazwygfyhjfg-1-213x300.png 213w\" sizes=\"auto, (max-width: 631px) 100vw, 631px\" \/><\/a><\/figure>\n\n\n\n<figure class=\"wp-block-image size-full is-resized is-style-default\"><a href=\"https:\/\/ojer.pl\/wp-content\/uploads\/2018\/08\/1939608_1483409965211218_2134754013_o-1.jpg\"><img loading=\"lazy\" decoding=\"async\" src=\"https:\/\/ojer.pl\/wp-content\/uploads\/2018\/08\/1939608_1483409965211218_2134754013_o-1.jpg\" alt=\"\" class=\"wp-image-734\" width=\"633\" height=\"421\"\/><\/a><\/figure>\n\n\n\n<figure class=\"wp-block-image size-full is-resized is-style-default\"><a href=\"https:\/\/ojer.pl\/wp-content\/uploads\/2018\/07\/33023444_991074884404293_7961734705143873536_n.png\"><img loading=\"lazy\" decoding=\"async\" src=\"https:\/\/ojer.pl\/wp-content\/uploads\/2018\/07\/33023444_991074884404293_7961734705143873536_n.png\" alt=\"\" class=\"wp-image-649\" width=\"631\" height=\"842\" srcset=\"https:\/\/ojer.pl\/wp-content\/uploads\/2018\/07\/33023444_991074884404293_7961734705143873536_n.png 432w, https:\/\/ojer.pl\/wp-content\/uploads\/2018\/07\/33023444_991074884404293_7961734705143873536_n-225x300.png 225w\" sizes=\"auto, (max-width: 631px) 100vw, 631px\" \/><\/a><\/figure>\n","protected":false},"excerpt":{"rendered":"<p>Wawer to najwi\u0119ksza pod wzgl\u0119dem powierzchni dzielnica Warszawy. Powierzchnia Wawra to 79,7 km\u00b2.W okresie 1960\u20131994 obszar dzisiejszego Wawra stanowi\u0142 cz\u0119\u015b\u0107 dzielnicy Warszawa-Praga Po\u0142udnie.W 2002 roku gmina Wawer zosta\u0142a przekszta\u0142cona w dzielnic\u0119 Wawer.Wawer to pi\u0119kne miejsce do zamieszkania. Mamy u nas lasy, le\u015bne stawy. Mo\u017cna wybra\u0107 si\u0119 na rowerowe i piesze wycieczki.Osiedla Wawra:\u2013 Aleksandr\u00f3w\u2013 Anin\u2013 Falenica\u2013<\/p>\n<p class=\"more-link\"><a href=\"https:\/\/ojer.pl\/?page_id=315\" class=\"themebutton\">Read More<\/a><\/p>\n","protected":false},"author":1,"featured_media":0,"parent":0,"menu_order":0,"comment_status":"closed","ping_status":"closed","template":"","meta":{"footnotes":""},"class_list":["post-315","page","type-page","status-publish","hentry"],"_links":{"self":[{"href":"https:\/\/ojer.pl\/index.php?rest_route=\/wp\/v2\/pages\/315","targetHints":{"allow":["GET"]}}],"collection":[{"href":"https:\/\/ojer.pl\/index.php?rest_route=\/wp\/v2\/pages"}],"about":[{"href":"https:\/\/ojer.pl\/index.php?rest_route=\/wp\/v2\/types\/page"}],"author":[{"embeddable":true,"href":"https:\/\/ojer.pl\/index.php?rest_route=\/wp\/v2\/users\/1"}],"replies":[{"embeddable":true,"href":"https:\/\/ojer.pl\/index.php?rest_route=%2Fwp%2Fv2%2Fcomments&post=315"}],"version-history":[{"count":13,"href":"https:\/\/ojer.pl\/index.php?rest_route=\/wp\/v2\/pages\/315\/revisions"}],"predecessor-version":[{"id":1010,"href":"https:\/\/ojer.pl\/index.php?rest_route=\/wp\/v2\/pages\/315\/revisions\/1010"}],"wp:attachment":[{"href":"https:\/\/ojer.pl\/index.php?rest_route=%2Fwp%2Fv2%2Fmedia&parent=315"}],"curies":[{"name":"wp","href":"https:\/\/api.w.org\/{rel}","templated":true}]}}