{"id":305,"date":"2018-07-10T14:29:31","date_gmt":"2018-07-10T12:29:31","guid":{"rendered":"http:\/\/ojer.pl\/?page_id=305"},"modified":"2018-07-27T13:47:49","modified_gmt":"2018-07-27T11:47:49","slug":"miejsca-przyjazne-rodzinom","status":"publish","type":"page","link":"https:\/\/ojer.pl\/?page_id=305","title":{"rendered":"Miejsca przyjazne rodzinom"},"content":{"rendered":"<p>W Wawrze znajduj\u0105 si\u0119 miejsca przyjazne rodzinom z dzie\u0107mi. Rodzice mog\u0105 spokojnie odpocz\u0105\u0107, wsp\u00f3lnie mog\u0105 zje\u015b\u0107 posi\u0142ek ( r\u00f3wnie\u017c specjalne menu dla dzieci) a potem dzieci mog\u0105 si\u0119 pobawi\u0107 w k\u0105ciku dla dzieci.<br \/>\nJako matka 4 dzieci wiem, \u017ce takie miejsca daj\u0105 troch\u0119 wytchnienia rodzicom a dzieciom du\u017co rado\u015bci.<br \/>\n<iframe loading=\"lazy\" width=\"1170\" height=\"658\" src=\"https:\/\/www.youtube.com\/embed\/KeQojJli4Ps?feature=oembed\" frameborder=\"0\" allow=\"autoplay; encrypted-media\" allowfullscreen><\/iframe><\/p>\n","protected":false},"excerpt":{"rendered":"<p>W Wawrze znajduj\u0105 si\u0119 miejsca przyjazne rodzinom z dzie\u0107mi. Rodzice mog\u0105 spokojnie odpocz\u0105\u0107, wsp\u00f3lnie mog\u0105 zje\u015b\u0107 posi\u0142ek ( r\u00f3wnie\u017c specjalne menu dla dzieci) a potem dzieci mog\u0105 si\u0119 pobawi\u0107 w k\u0105ciku dla dzieci. Jako matka 4 dzieci wiem, \u017ce takie miejsca daj\u0105 troch\u0119 wytchnienia rodzicom a dzieciom du\u017co rado\u015bci.<\/p>\n","protected":false},"author":1,"featured_media":0,"parent":0,"menu_order":0,"comment_status":"closed","ping_status":"closed","template":"","meta":{"footnotes":""},"class_list":["post-305","page","type-page","status-publish","hentry"],"_links":{"self":[{"href":"https:\/\/ojer.pl\/index.php?rest_route=\/wp\/v2\/pages\/305","targetHints":{"allow":["GET"]}}],"collection":[{"href":"https:\/\/ojer.pl\/index.php?rest_route=\/wp\/v2\/pages"}],"about":[{"href":"https:\/\/ojer.pl\/index.php?rest_route=\/wp\/v2\/types\/page"}],"author":[{"embeddable":true,"href":"https:\/\/ojer.pl\/index.php?rest_route=\/wp\/v2\/users\/1"}],"replies":[{"embeddable":true,"href":"https:\/\/ojer.pl\/index.php?rest_route=%2Fwp%2Fv2%2Fcomments&post=305"}],"version-history":[{"count":4,"href":"https:\/\/ojer.pl\/index.php?rest_route=\/wp\/v2\/pages\/305\/revisions"}],"predecessor-version":[{"id":672,"href":"https:\/\/ojer.pl\/index.php?rest_route=\/wp\/v2\/pages\/305\/revisions\/672"}],"wp:attachment":[{"href":"https:\/\/ojer.pl\/index.php?rest_route=%2Fwp%2Fv2%2Fmedia&parent=305"}],"curies":[{"name":"wp","href":"https:\/\/api.w.org\/{rel}","templated":true}]}}