{"id":299,"date":"2018-07-10T14:22:23","date_gmt":"2018-07-10T12:22:23","guid":{"rendered":"http:\/\/ojer.pl\/?page_id=299"},"modified":"2022-06-11T17:45:27","modified_gmt":"2022-06-11T15:45:27","slug":"299-2","status":"publish","type":"page","link":"https:\/\/ojer.pl\/?page_id=299","title":{"rendered":"Pomagamy Seniorom w Wawrze"},"content":{"rendered":"\n<figure class=\"wp-block-image size-large is-style-default\"><a href=\"https:\/\/ojer.pl\/wp-content\/uploads\/2022\/06\/FB_IMG_1654868693171.jpg\"><img loading=\"lazy\" decoding=\"async\" width=\"1024\" height=\"768\" src=\"https:\/\/ojer.pl\/wp-content\/uploads\/2022\/06\/FB_IMG_1654868693171-1024x768.jpg\" alt=\"\" class=\"wp-image-1369\" srcset=\"https:\/\/ojer.pl\/wp-content\/uploads\/2022\/06\/FB_IMG_1654868693171-1024x768.jpg 1024w, https:\/\/ojer.pl\/wp-content\/uploads\/2022\/06\/FB_IMG_1654868693171-300x225.jpg 300w, https:\/\/ojer.pl\/wp-content\/uploads\/2022\/06\/FB_IMG_1654868693171-768x576.jpg 768w, https:\/\/ojer.pl\/wp-content\/uploads\/2022\/06\/FB_IMG_1654868693171-380x285.jpg 380w, https:\/\/ojer.pl\/wp-content\/uploads\/2022\/06\/FB_IMG_1654868693171-285x214.jpg 285w, https:\/\/ojer.pl\/wp-content\/uploads\/2022\/06\/FB_IMG_1654868693171.jpg 1080w\" sizes=\"auto, (max-width: 1024px) 100vw, 1024px\" \/><\/a><\/figure>\n\n\n<p>\u00a0<\/p>\n<p>Razem z mieszka\u0144cami Warszawy i nie tylko przeprowadzili\u015bmy akcj\u0119 wsparcia Zak\u0142ad\u00f3w Opieku\u0144czo-Leczniczych w Wawrze na Bielanach i na Bia\u0142o\u0142\u0119ce.<br \/>W ramach przeprowadzonych akcji przekazali\u015bmy ma\u0142e radia dla senior\u00f3w, ksi\u0105\u017cki, kosmetyki i materia\u0142y do prac plastycznych\u00a0 ( kredki, plastelin\u0119, w\u0142\u00f3czki itp.). Zorganizowane zosta\u0142y zaj\u0119cia ze zwierz\u0119tami dla senior\u00f3w dzi\u0119ki wsparciu lokalnej firmy. Nie b\u0105d\u017amy oboj\u0119tni te\u017c kiedy\u015b b\u0119dziemy seniorami. Lokalna akcja wspierania senior\u00f3w z s\u0105siedztwa.<\/p>\n<p>Do domu opieki Senior\u00f3w ju\u017c trzeci rok zawozimy upominki\/choineczki\/s\u0142odycze.\u00a0<\/p>\n<p>Zapraszam do w\u0142\u0105czenia si\u0119 do akcji.<\/p>\n<p>\u00a0<\/p>\n<p>\u00a0<\/p>\n<p>\u00a0<\/p>\n<center>\n<p>\u00a0<\/p>\n<p><iframe loading=\"lazy\" title=\"Pomagamy seniorom w wawerskim o\u015brodku.\" width=\"1170\" height=\"658\" src=\"https:\/\/www.youtube.com\/embed\/ladEvDddMAI?feature=oembed\" frameborder=\"0\" allow=\"accelerometer; autoplay; clipboard-write; encrypted-media; gyroscope; picture-in-picture\" allowfullscreen><\/iframe><\/p>\n<p>\u00a0<\/p>\n<\/center>\n<p>\u00a0<\/p>\n\n\n<figure class=\"wp-block-image size-full is-resized is-style-default\"><a href=\"https:\/\/ojer.pl\/wp-content\/uploads\/2021\/12\/received_6642030692534691.jpeg\"><img loading=\"lazy\" decoding=\"async\" src=\"https:\/\/ojer.pl\/wp-content\/uploads\/2021\/12\/received_6642030692534691.jpeg\" alt=\"\" class=\"wp-image-1210\" width=\"838\" height=\"628\" srcset=\"https:\/\/ojer.pl\/wp-content\/uploads\/2021\/12\/received_6642030692534691.jpeg 960w, https:\/\/ojer.pl\/wp-content\/uploads\/2021\/12\/received_6642030692534691-300x225.jpeg 300w, https:\/\/ojer.pl\/wp-content\/uploads\/2021\/12\/received_6642030692534691-768x576.jpeg 768w, https:\/\/ojer.pl\/wp-content\/uploads\/2021\/12\/received_6642030692534691-380x285.jpeg 380w, https:\/\/ojer.pl\/wp-content\/uploads\/2021\/12\/received_6642030692534691-285x214.jpeg 285w\" sizes=\"auto, (max-width: 838px) 100vw, 838px\" \/><\/a><\/figure>\n\n\n\n<figure class=\"wp-block-image size-full is-resized is-style-default\"><a href=\"https:\/\/ojer.pl\/wp-content\/uploads\/2021\/12\/received_422126129622740.jpeg\"><img loading=\"lazy\" decoding=\"async\" src=\"https:\/\/ojer.pl\/wp-content\/uploads\/2021\/12\/received_422126129622740.jpeg\" alt=\"\" class=\"wp-image-1209\" width=\"836\" height=\"1318\" srcset=\"https:\/\/ojer.pl\/wp-content\/uploads\/2021\/12\/received_422126129622740.jpeg 488w, https:\/\/ojer.pl\/wp-content\/uploads\/2021\/12\/received_422126129622740-190x300.jpeg 190w\" sizes=\"auto, (max-width: 836px) 100vw, 836px\" \/><\/a><\/figure>\n\n\n\n<figure class=\"wp-block-image size-large is-resized is-style-default\"><a href=\"https:\/\/ojer.pl\/wp-content\/uploads\/2021\/12\/20211220_132809-scaled.jpg\"><img loading=\"lazy\" decoding=\"async\" src=\"https:\/\/ojer.pl\/wp-content\/uploads\/2021\/12\/20211220_132809-1024x768.jpg\" alt=\"\" class=\"wp-image-1207\" width=\"848\" height=\"636\" srcset=\"https:\/\/ojer.pl\/wp-content\/uploads\/2021\/12\/20211220_132809-1024x768.jpg 1024w, https:\/\/ojer.pl\/wp-content\/uploads\/2021\/12\/20211220_132809-300x225.jpg 300w, https:\/\/ojer.pl\/wp-content\/uploads\/2021\/12\/20211220_132809-768x576.jpg 768w, https:\/\/ojer.pl\/wp-content\/uploads\/2021\/12\/20211220_132809-1536x1152.jpg 1536w, https:\/\/ojer.pl\/wp-content\/uploads\/2021\/12\/20211220_132809-2048x1536.jpg 2048w, https:\/\/ojer.pl\/wp-content\/uploads\/2021\/12\/20211220_132809-380x285.jpg 380w, https:\/\/ojer.pl\/wp-content\/uploads\/2021\/12\/20211220_132809-285x214.jpg 285w\" sizes=\"auto, (max-width: 848px) 100vw, 848px\" \/><\/a><\/figure>\n\n\n\n<figure class=\"wp-block-image size-large is-resized is-style-default\"><a href=\"https:\/\/ojer.pl\/wp-content\/uploads\/2021\/12\/20211220_132451-scaled.jpg\"><img loading=\"lazy\" decoding=\"async\" src=\"https:\/\/ojer.pl\/wp-content\/uploads\/2021\/12\/20211220_132451-1024x768.jpg\" alt=\"\" class=\"wp-image-1208\" width=\"853\" height=\"640\" srcset=\"https:\/\/ojer.pl\/wp-content\/uploads\/2021\/12\/20211220_132451-1024x768.jpg 1024w, https:\/\/ojer.pl\/wp-content\/uploads\/2021\/12\/20211220_132451-300x225.jpg 300w, https:\/\/ojer.pl\/wp-content\/uploads\/2021\/12\/20211220_132451-768x576.jpg 768w, https:\/\/ojer.pl\/wp-content\/uploads\/2021\/12\/20211220_132451-1536x1152.jpg 1536w, https:\/\/ojer.pl\/wp-content\/uploads\/2021\/12\/20211220_132451-2048x1536.jpg 2048w, https:\/\/ojer.pl\/wp-content\/uploads\/2021\/12\/20211220_132451-380x285.jpg 380w, https:\/\/ojer.pl\/wp-content\/uploads\/2021\/12\/20211220_132451-285x214.jpg 285w\" sizes=\"auto, (max-width: 853px) 100vw, 853px\" \/><\/a><\/figure>\n","protected":false},"excerpt":{"rendered":"<p>\u00a0 Razem z mieszka\u0144cami Warszawy i nie tylko przeprowadzili\u015bmy akcj\u0119 wsparcia Zak\u0142ad\u00f3w Opieku\u0144czo-Leczniczych w Wawrze na Bielanach i na Bia\u0142o\u0142\u0119ce.W ramach przeprowadzonych akcji przekazali\u015bmy ma\u0142e radia dla senior\u00f3w, ksi\u0105\u017cki, kosmetyki i materia\u0142y do prac plastycznych\u00a0 ( kredki, plastelin\u0119, w\u0142\u00f3czki itp.). Zorganizowane zosta\u0142y zaj\u0119cia ze zwierz\u0119tami dla senior\u00f3w dzi\u0119ki wsparciu lokalnej firmy. Nie b\u0105d\u017amy oboj\u0119tni te\u017c<\/p>\n<p class=\"more-link\"><a href=\"https:\/\/ojer.pl\/?page_id=299\" class=\"themebutton\">Read More<\/a><\/p>\n","protected":false},"author":1,"featured_media":0,"parent":60,"menu_order":0,"comment_status":"closed","ping_status":"closed","template":"","meta":{"footnotes":""},"class_list":["post-299","page","type-page","status-publish","hentry"],"_links":{"self":[{"href":"https:\/\/ojer.pl\/index.php?rest_route=\/wp\/v2\/pages\/299","targetHints":{"allow":["GET"]}}],"collection":[{"href":"https:\/\/ojer.pl\/index.php?rest_route=\/wp\/v2\/pages"}],"about":[{"href":"https:\/\/ojer.pl\/index.php?rest_route=\/wp\/v2\/types\/page"}],"author":[{"embeddable":true,"href":"https:\/\/ojer.pl\/index.php?rest_route=\/wp\/v2\/users\/1"}],"replies":[{"embeddable":true,"href":"https:\/\/ojer.pl\/index.php?rest_route=%2Fwp%2Fv2%2Fcomments&post=299"}],"version-history":[{"count":12,"href":"https:\/\/ojer.pl\/index.php?rest_route=\/wp\/v2\/pages\/299\/revisions"}],"predecessor-version":[{"id":1370,"href":"https:\/\/ojer.pl\/index.php?rest_route=\/wp\/v2\/pages\/299\/revisions\/1370"}],"up":[{"embeddable":true,"href":"https:\/\/ojer.pl\/index.php?rest_route=\/wp\/v2\/pages\/60"}],"wp:attachment":[{"href":"https:\/\/ojer.pl\/index.php?rest_route=%2Fwp%2Fv2%2Fmedia&parent=299"}],"curies":[{"name":"wp","href":"https:\/\/api.w.org\/{rel}","templated":true}]}}