{"id":23,"date":"2018-07-04T00:33:20","date_gmt":"2018-07-03T22:33:20","guid":{"rendered":"http:\/\/ojer.pl\/?page_id=23"},"modified":"2022-09-24T18:20:17","modified_gmt":"2022-09-24T16:20:17","slug":"o-mnie","status":"publish","type":"page","link":"https:\/\/ojer.pl\/?page_id=23","title":{"rendered":"O MNIE"},"content":{"rendered":"<p><\/p>\n<p><strong>Anna Ojer<\/strong><br><a href=\"https:\/\/ojer.pl\/wp-content\/uploads\/2019\/01\/49210759_1167330896778690_8396517547347804160_n.jpg\"><img loading=\"lazy\" decoding=\"async\" class=\"wp-image-811 aligncenter\" src=\"https:\/\/ojer.pl\/wp-content\/uploads\/2019\/01\/49210759_1167330896778690_8396517547347804160_n-240x300.jpg\" alt=\"\" width=\"327\" height=\"409\" srcset=\"https:\/\/ojer.pl\/wp-content\/uploads\/2019\/01\/49210759_1167330896778690_8396517547347804160_n-240x300.jpg 240w, https:\/\/ojer.pl\/wp-content\/uploads\/2019\/01\/49210759_1167330896778690_8396517547347804160_n.jpg 768w\" sizes=\"auto, (max-width: 327px) 100vw, 327px\" \/><\/a><br>Nazywam si\u0119 Anna Ojer. W Warszawie mieszkam od urodzenia. Tu mieszkaj\u0105 moi rodzice i tu mieszkali moi dziadkowie.<\/p>\n<p>Prywatnie jestem \u017con\u0105 i matk\u0105 4 dzieci. Studiowa\u0142am na Uniwersytecie Warszawskim i tam zdoby\u0142am tytu\u0142 magistra na Wydziale Nauk Ekonomicznych. Moje wykszta\u0142cenie oraz wieloletnie do\u015bwiadczenie zawodowe pomaga mi w prowadzeniu i organizowaniu r\u00f3\u017cnorodnych inicjatyw. Obecnie zatrudniona jestem w Polskiej Wytw\u00f3rni Papier\u00f3w Warto\u015bciowych.<br>Wydarzenia dotycz\u0105ce Wawra s\u0105 mi bliskie. Od ponad 5 lat prowadz\u0119 strony informacyjne na Facebooku: <a href=\"https:\/\/web.facebook.com\/wawerrodzinki\/\" target=\"_blank\" rel=\"noopener noreferrer\">Wawer Rodzinki<\/a> i <a href=\"https:\/\/web.facebook.com\/wawerwobiektywie\/?_rdc=1&amp;_rdr\">Wawer w Obiektywie<\/a>.<\/p>\n<p>W 2016 roku za\u0142o\u017cy\u0142am grup\u0119 po\u015bwi\u0119con\u0105 pomocy dzieciom i rodzicom przebywaj\u0105cych w Centrum Zdrowia Dziecka \u2013 <a href=\"https:\/\/web.facebook.com\/groups\/1542351819400100\/?_rdc=1&amp;_rdr\" target=\"_blank\" rel=\"noopener noreferrer\">SOS Mieszka\u0144cy Wawra Rodzicom z CZD<\/a>.<\/p>\n<p>W Wawrze mieszka wielu wspania\u0142ych mieszka\u0144c\u00f3w, kt\u00f3rzy razem ze mn\u0105 pomagaj\u0105 nie tylko rodzicom ze szpitali ale tak\u017ce seniorom z okolicznego o\u015brodka. Promuj\u0119 r\u00f3wnie\u017c pomoc s\u0105siedzk\u0105 \u201eNie b\u0105d\u017a oboj\u0119tny ty te\u017c b\u0119dziesz kiedy\u015b seniorem\u201d.<\/p>\n<p>W 2017 otrzyma\u0142am nominacj\u0119 w konkursie BiznesWomen Roku w kategorii Dzia\u0142alno\u015b\u0107 Spo\u0142eczna w konkursie Sukces Pisany Szmink\u0105.<\/p>\n<p>W 2018 zosta\u0142am laureatk\u0105 plebiscytu organizowanego przez m.st. Warszawa &#8221; Warszawiank\u0105 Roku 2018&#8243;<\/p>\n<p>W 2018 zosta\u0142am radn\u0105 Dzielnicy Wawer.<\/p>\n<p>W 2019 zosta\u0142am wybrano w konkursie Dziesi\u0105tka Kobiet Sukcesu Mazowsza.<\/p>\n<p>W 2020 zosta\u0142am wybrana w konkursie Wawerska Buntowniczka.<\/p>\n<p>https:\/\/warszawa.tvp.pl\/40886342\/16012019<\/p>\n\n\n<figure class=\"wp-block-image size-full is-resized is-style-rounded\"><a href=\"https:\/\/ojer.pl\/wp-content\/uploads\/2021\/12\/buntowniczka1.jpg\"><img loading=\"lazy\" decoding=\"async\" src=\"https:\/\/ojer.pl\/wp-content\/uploads\/2021\/12\/buntowniczka1.jpg\" alt=\"\" class=\"wp-image-957\" width=\"344\" height=\"344\" srcset=\"https:\/\/ojer.pl\/wp-content\/uploads\/2021\/12\/buntowniczka1.jpg 886w, https:\/\/ojer.pl\/wp-content\/uploads\/2021\/12\/buntowniczka1-300x300.jpg 300w, https:\/\/ojer.pl\/wp-content\/uploads\/2021\/12\/buntowniczka1-150x150.jpg 150w, https:\/\/ojer.pl\/wp-content\/uploads\/2021\/12\/buntowniczka1-768x768.jpg 768w, https:\/\/ojer.pl\/wp-content\/uploads\/2021\/12\/buntowniczka1-120x120.jpg 120w, https:\/\/ojer.pl\/wp-content\/uploads\/2021\/12\/buntowniczka1-105x105.jpg 105w, https:\/\/ojer.pl\/wp-content\/uploads\/2021\/12\/buntowniczka1-570x570.jpg 570w, https:\/\/ojer.pl\/wp-content\/uploads\/2021\/12\/buntowniczka1-380x380.jpg 380w, https:\/\/ojer.pl\/wp-content\/uploads\/2021\/12\/buntowniczka1-285x285.jpg 285w\" sizes=\"auto, (max-width: 344px) 100vw, 344px\" \/><\/a><\/figure>\n\n\n\n<figure class=\"wp-block-image size-large is-resized is-style-default\"><a href=\"https:\/\/ojer.pl\/wp-content\/uploads\/2022\/07\/FB_IMG_1654868714237.jpg\"><img loading=\"lazy\" decoding=\"async\" src=\"https:\/\/ojer.pl\/wp-content\/uploads\/2022\/07\/FB_IMG_1654868714237-768x1024.jpg\" alt=\"\" class=\"wp-image-1451\" width=\"312\" height=\"416\" srcset=\"https:\/\/ojer.pl\/wp-content\/uploads\/2022\/07\/FB_IMG_1654868714237-768x1024.jpg 768w, https:\/\/ojer.pl\/wp-content\/uploads\/2022\/07\/FB_IMG_1654868714237-225x300.jpg 225w, https:\/\/ojer.pl\/wp-content\/uploads\/2022\/07\/FB_IMG_1654868714237.jpg 1080w\" sizes=\"auto, (max-width: 312px) 100vw, 312px\" \/><\/a><\/figure>\n\n\n\n<figure class=\"wp-block-image size-full is-resized is-style-rounded\"><a href=\"https:\/\/ojer.pl\/wp-content\/uploads\/2021\/12\/pobierz-2.jpg\"><img loading=\"lazy\" decoding=\"async\" src=\"https:\/\/ojer.pl\/wp-content\/uploads\/2021\/12\/pobierz-2.jpg\" alt=\"\" class=\"wp-image-958\" width=\"951\" height=\"329\" srcset=\"https:\/\/ojer.pl\/wp-content\/uploads\/2021\/12\/pobierz-2.jpg 381w, https:\/\/ojer.pl\/wp-content\/uploads\/2021\/12\/pobierz-2-300x104.jpg 300w\" sizes=\"auto, (max-width: 951px) 100vw, 951px\" \/><\/a><\/figure>\n\n\n\n<div class=\"wp-block-columns is-layout-flex wp-container-core-columns-is-layout-9d6595d7 wp-block-columns-is-layout-flex\">\n<div class=\"wp-block-column is-layout-flow wp-block-column-is-layout-flow\" style=\"flex-basis:100%\">\n<figure class=\"wp-block-image size-large is-resized is-style-rounded\"><a href=\"https:\/\/ojer.pl\/wp-content\/uploads\/2021\/12\/Anna_Ojer_01-e1541767439224.jpg\"><img loading=\"lazy\" decoding=\"async\" src=\"https:\/\/ojer.pl\/wp-content\/uploads\/2021\/12\/Anna_Ojer_01-e1541767439224-683x1024.jpg\" alt=\"\" class=\"wp-image-959\" width=\"343\" height=\"514\" srcset=\"https:\/\/ojer.pl\/wp-content\/uploads\/2021\/12\/Anna_Ojer_01-e1541767439224-683x1024.jpg 683w, https:\/\/ojer.pl\/wp-content\/uploads\/2021\/12\/Anna_Ojer_01-e1541767439224-200x300.jpg 200w, https:\/\/ojer.pl\/wp-content\/uploads\/2021\/12\/Anna_Ojer_01-e1541767439224-768x1152.jpg 768w, https:\/\/ojer.pl\/wp-content\/uploads\/2021\/12\/Anna_Ojer_01-e1541767439224-1024x1536.jpg 1024w, https:\/\/ojer.pl\/wp-content\/uploads\/2021\/12\/Anna_Ojer_01-e1541767439224.jpg 1200w\" sizes=\"auto, (max-width: 343px) 100vw, 343px\" \/><\/a><\/figure>\n<\/div>\n<\/div>\n\n\n\n<figure class=\"wp-block-image size-full is-resized is-style-rounded\"><a href=\"https:\/\/ojer.pl\/wp-content\/uploads\/2019\/01\/48414573_1164210467090733_1891280946053775360_n.jpg\"><img loading=\"lazy\" decoding=\"async\" src=\"https:\/\/ojer.pl\/wp-content\/uploads\/2019\/01\/48414573_1164210467090733_1891280946053775360_n.jpg\" alt=\"\" class=\"wp-image-830\" width=\"578\" height=\"578\" srcset=\"https:\/\/ojer.pl\/wp-content\/uploads\/2019\/01\/48414573_1164210467090733_1891280946053775360_n.jpg 960w, https:\/\/ojer.pl\/wp-content\/uploads\/2019\/01\/48414573_1164210467090733_1891280946053775360_n-150x150.jpg 150w, https:\/\/ojer.pl\/wp-content\/uploads\/2019\/01\/48414573_1164210467090733_1891280946053775360_n-300x300.jpg 300w, https:\/\/ojer.pl\/wp-content\/uploads\/2019\/01\/48414573_1164210467090733_1891280946053775360_n-768x768.jpg 768w, https:\/\/ojer.pl\/wp-content\/uploads\/2019\/01\/48414573_1164210467090733_1891280946053775360_n-120x120.jpg 120w, https:\/\/ojer.pl\/wp-content\/uploads\/2019\/01\/48414573_1164210467090733_1891280946053775360_n-105x105.jpg 105w, https:\/\/ojer.pl\/wp-content\/uploads\/2019\/01\/48414573_1164210467090733_1891280946053775360_n-570x570.jpg 570w, https:\/\/ojer.pl\/wp-content\/uploads\/2019\/01\/48414573_1164210467090733_1891280946053775360_n-380x380.jpg 380w, https:\/\/ojer.pl\/wp-content\/uploads\/2019\/01\/48414573_1164210467090733_1891280946053775360_n-285x285.jpg 285w\" sizes=\"auto, (max-width: 578px) 100vw, 578px\" \/><\/a><\/figure>\n\n\n\n<figure class=\"wp-block-image size-full is-resized is-style-rounded\"><a href=\"https:\/\/ojer.pl\/wp-content\/uploads\/2021\/12\/105904097_771858576883924_6661475665262780737_o.jpg\"><img loading=\"lazy\" decoding=\"async\" src=\"https:\/\/ojer.pl\/wp-content\/uploads\/2021\/12\/105904097_771858576883924_6661475665262780737_o.jpg\" alt=\"\" class=\"wp-image-965\" width=\"679\" height=\"509\" srcset=\"https:\/\/ojer.pl\/wp-content\/uploads\/2021\/12\/105904097_771858576883924_6661475665262780737_o.jpg 960w, https:\/\/ojer.pl\/wp-content\/uploads\/2021\/12\/105904097_771858576883924_6661475665262780737_o-300x225.jpg 300w, https:\/\/ojer.pl\/wp-content\/uploads\/2021\/12\/105904097_771858576883924_6661475665262780737_o-768x576.jpg 768w, https:\/\/ojer.pl\/wp-content\/uploads\/2021\/12\/105904097_771858576883924_6661475665262780737_o-380x285.jpg 380w, https:\/\/ojer.pl\/wp-content\/uploads\/2021\/12\/105904097_771858576883924_6661475665262780737_o-285x214.jpg 285w\" sizes=\"auto, (max-width: 679px) 100vw, 679px\" \/><\/a><\/figure>\n\n\n\n<figure class=\"wp-block-image size-full is-resized is-style-rounded\"><a href=\"https:\/\/ojer.pl\/wp-content\/uploads\/2019\/09\/69663988_1347404208771357_2483779750485557248_n.jpg\"><img loading=\"lazy\" decoding=\"async\" src=\"https:\/\/ojer.pl\/wp-content\/uploads\/2019\/09\/69663988_1347404208771357_2483779750485557248_n.jpg\" alt=\"\" class=\"wp-image-879\" width=\"428\" height=\"429\" srcset=\"https:\/\/ojer.pl\/wp-content\/uploads\/2019\/09\/69663988_1347404208771357_2483779750485557248_n.jpg 741w, https:\/\/ojer.pl\/wp-content\/uploads\/2019\/09\/69663988_1347404208771357_2483779750485557248_n-150x150.jpg 150w, https:\/\/ojer.pl\/wp-content\/uploads\/2019\/09\/69663988_1347404208771357_2483779750485557248_n-300x300.jpg 300w, https:\/\/ojer.pl\/wp-content\/uploads\/2019\/09\/69663988_1347404208771357_2483779750485557248_n-120x120.jpg 120w, https:\/\/ojer.pl\/wp-content\/uploads\/2019\/09\/69663988_1347404208771357_2483779750485557248_n-105x105.jpg 105w, https:\/\/ojer.pl\/wp-content\/uploads\/2019\/09\/69663988_1347404208771357_2483779750485557248_n-570x570.jpg 570w, https:\/\/ojer.pl\/wp-content\/uploads\/2019\/09\/69663988_1347404208771357_2483779750485557248_n-380x380.jpg 380w, https:\/\/ojer.pl\/wp-content\/uploads\/2019\/09\/69663988_1347404208771357_2483779750485557248_n-285x285.jpg 285w\" sizes=\"auto, (max-width: 428px) 100vw, 428px\" \/><\/a><\/figure>\n\n\n\n<figure class=\"wp-block-image size-full is-resized is-style-rounded\"><a href=\"https:\/\/ojer.pl\/wp-content\/uploads\/2019\/01\/48403712_1157393557772424_3424632533273280512_n.jpg\"><img loading=\"lazy\" decoding=\"async\" src=\"https:\/\/ojer.pl\/wp-content\/uploads\/2019\/01\/48403712_1157393557772424_3424632533273280512_n.jpg\" alt=\"\" class=\"wp-image-832\" width=\"599\" height=\"599\" srcset=\"https:\/\/ojer.pl\/wp-content\/uploads\/2019\/01\/48403712_1157393557772424_3424632533273280512_n.jpg 960w, https:\/\/ojer.pl\/wp-content\/uploads\/2019\/01\/48403712_1157393557772424_3424632533273280512_n-150x150.jpg 150w, https:\/\/ojer.pl\/wp-content\/uploads\/2019\/01\/48403712_1157393557772424_3424632533273280512_n-300x300.jpg 300w, https:\/\/ojer.pl\/wp-content\/uploads\/2019\/01\/48403712_1157393557772424_3424632533273280512_n-768x768.jpg 768w, https:\/\/ojer.pl\/wp-content\/uploads\/2019\/01\/48403712_1157393557772424_3424632533273280512_n-120x120.jpg 120w, https:\/\/ojer.pl\/wp-content\/uploads\/2019\/01\/48403712_1157393557772424_3424632533273280512_n-105x105.jpg 105w, https:\/\/ojer.pl\/wp-content\/uploads\/2019\/01\/48403712_1157393557772424_3424632533273280512_n-570x570.jpg 570w, https:\/\/ojer.pl\/wp-content\/uploads\/2019\/01\/48403712_1157393557772424_3424632533273280512_n-380x380.jpg 380w, https:\/\/ojer.pl\/wp-content\/uploads\/2019\/01\/48403712_1157393557772424_3424632533273280512_n-285x285.jpg 285w\" sizes=\"auto, (max-width: 599px) 100vw, 599px\" \/><\/a><\/figure>\n\n\n\n<figure class=\"wp-block-image size-full is-resized is-style-rounded\"><a href=\"https:\/\/ojer.pl\/wp-content\/uploads\/2018\/08\/21617720_858526160992500_1571737287872090595_n.jpg\"><img loading=\"lazy\" decoding=\"async\" src=\"https:\/\/ojer.pl\/wp-content\/uploads\/2018\/08\/21617720_858526160992500_1571737287872090595_n.jpg\" alt=\"\" class=\"wp-image-750\" width=\"442\" height=\"594\"\/><\/a><\/figure>\n\n\n\n<figure class=\"wp-block-image size-full is-resized is-style-rounded\"><a href=\"https:\/\/ojer.pl\/wp-content\/uploads\/2018\/08\/38118456_478723762618212_1715023335131185152_n-6.jpg\"><img loading=\"lazy\" decoding=\"async\" src=\"https:\/\/ojer.pl\/wp-content\/uploads\/2018\/08\/38118456_478723762618212_1715023335131185152_n-6.jpg\" alt=\"\" class=\"wp-image-754\" width=\"501\" height=\"376\"\/><\/a><\/figure>\n\n\n\n<figure class=\"wp-block-image size-full is-resized is-style-rounded\"><a href=\"https:\/\/ojer.pl\/wp-content\/uploads\/2021\/12\/images-11.jpg\"><img loading=\"lazy\" decoding=\"async\" src=\"https:\/\/ojer.pl\/wp-content\/uploads\/2021\/12\/images-11.jpg\" alt=\"\" class=\"wp-image-978\" width=\"471\" height=\"338\"\/><\/a><\/figure>\n\n\n\n<figure class=\"wp-block-image size-large is-resized is-style-rounded\"><a href=\"https:\/\/ojer.pl\/wp-content\/uploads\/2021\/12\/EeLmUS2XgAMcVcN.jpg\"><img loading=\"lazy\" decoding=\"async\" src=\"https:\/\/ojer.pl\/wp-content\/uploads\/2021\/12\/EeLmUS2XgAMcVcN-1024x1024.jpg\" alt=\"\" class=\"wp-image-980\" width=\"600\" height=\"600\" srcset=\"https:\/\/ojer.pl\/wp-content\/uploads\/2021\/12\/EeLmUS2XgAMcVcN-1024x1024.jpg 1024w, https:\/\/ojer.pl\/wp-content\/uploads\/2021\/12\/EeLmUS2XgAMcVcN-300x300.jpg 300w, https:\/\/ojer.pl\/wp-content\/uploads\/2021\/12\/EeLmUS2XgAMcVcN-150x150.jpg 150w, https:\/\/ojer.pl\/wp-content\/uploads\/2021\/12\/EeLmUS2XgAMcVcN-768x768.jpg 768w, https:\/\/ojer.pl\/wp-content\/uploads\/2021\/12\/EeLmUS2XgAMcVcN-1536x1536.jpg 1536w, https:\/\/ojer.pl\/wp-content\/uploads\/2021\/12\/EeLmUS2XgAMcVcN.jpg 2048w, https:\/\/ojer.pl\/wp-content\/uploads\/2021\/12\/EeLmUS2XgAMcVcN-120x120.jpg 120w, https:\/\/ojer.pl\/wp-content\/uploads\/2021\/12\/EeLmUS2XgAMcVcN-105x105.jpg 105w, https:\/\/ojer.pl\/wp-content\/uploads\/2021\/12\/EeLmUS2XgAMcVcN-570x570.jpg 570w, https:\/\/ojer.pl\/wp-content\/uploads\/2021\/12\/EeLmUS2XgAMcVcN-380x380.jpg 380w, https:\/\/ojer.pl\/wp-content\/uploads\/2021\/12\/EeLmUS2XgAMcVcN-285x285.jpg 285w\" sizes=\"auto, (max-width: 600px) 100vw, 600px\" \/><\/a><\/figure>\n\n\n\n<figure class=\"wp-block-image size-full is-style-rounded\"><a href=\"https:\/\/ojer.pl\/wp-content\/uploads\/2021\/12\/uid_489fc2ab6738c866d117b3f0a14ff8cc1489484759682_width_864_play_0_pos_0_gs_0_height_486.jpg\"><img loading=\"lazy\" decoding=\"async\" width=\"864\" height=\"486\" src=\"https:\/\/ojer.pl\/wp-content\/uploads\/2021\/12\/uid_489fc2ab6738c866d117b3f0a14ff8cc1489484759682_width_864_play_0_pos_0_gs_0_height_486.jpg\" alt=\"\" class=\"wp-image-981\" srcset=\"https:\/\/ojer.pl\/wp-content\/uploads\/2021\/12\/uid_489fc2ab6738c866d117b3f0a14ff8cc1489484759682_width_864_play_0_pos_0_gs_0_height_486.jpg 864w, https:\/\/ojer.pl\/wp-content\/uploads\/2021\/12\/uid_489fc2ab6738c866d117b3f0a14ff8cc1489484759682_width_864_play_0_pos_0_gs_0_height_486-300x169.jpg 300w, https:\/\/ojer.pl\/wp-content\/uploads\/2021\/12\/uid_489fc2ab6738c866d117b3f0a14ff8cc1489484759682_width_864_play_0_pos_0_gs_0_height_486-768x432.jpg 768w\" sizes=\"auto, (max-width: 864px) 100vw, 864px\" \/><\/a><\/figure>\n\n\n\n<figure class=\"wp-block-image size-full is-resized is-style-rounded\"><a href=\"https:\/\/ojer.pl\/wp-content\/uploads\/2021\/12\/images-3.jpg\"><img loading=\"lazy\" decoding=\"async\" src=\"https:\/\/ojer.pl\/wp-content\/uploads\/2021\/12\/images-3.jpg\" alt=\"\" class=\"wp-image-983\" width=\"494\" height=\"370\"\/><\/a><\/figure>\n\n\n\n<figure class=\"wp-block-gallery columns-1 is-cropped wp-block-gallery-1 is-layout-flex wp-block-gallery-is-layout-flex\"><ul class=\"blocks-gallery-grid\"><li class=\"blocks-gallery-item\"><figure><a href=\"https:\/\/ojer.pl\/wp-content\/uploads\/2021\/12\/final_mikolajki2016.jpg\"><img loading=\"lazy\" decoding=\"async\" width=\"786\" height=\"674\" src=\"https:\/\/ojer.pl\/wp-content\/uploads\/2021\/12\/final_mikolajki2016.jpg\" alt=\"\" data-id=\"993\" data-full-url=\"https:\/\/ojer.pl\/wp-content\/uploads\/2021\/12\/final_mikolajki2016.jpg\" data-link=\"https:\/\/ojer.pl\/?attachment_id=993#main\" class=\"wp-image-993\" srcset=\"https:\/\/ojer.pl\/wp-content\/uploads\/2021\/12\/final_mikolajki2016.jpg 786w, https:\/\/ojer.pl\/wp-content\/uploads\/2021\/12\/final_mikolajki2016-300x257.jpg 300w, https:\/\/ojer.pl\/wp-content\/uploads\/2021\/12\/final_mikolajki2016-768x659.jpg 768w\" sizes=\"auto, (max-width: 786px) 100vw, 786px\" \/><\/a><\/figure><\/li><\/ul><\/figure>\n\n\n\n<figure class=\"wp-block-gallery columns-1 is-cropped wp-block-gallery-2 is-layout-flex wp-block-gallery-is-layout-flex\"><ul class=\"blocks-gallery-grid\"><li class=\"blocks-gallery-item\"><figure><a href=\"https:\/\/ojer.pl\/wp-content\/uploads\/2022\/06\/Screenshot_20220626-172855_Facebook.jpg\"><img loading=\"lazy\" decoding=\"async\" width=\"735\" height=\"1024\" src=\"https:\/\/ojer.pl\/wp-content\/uploads\/2022\/06\/Screenshot_20220626-172855_Facebook-735x1024.jpg\" alt=\"\" data-id=\"1422\" data-full-url=\"https:\/\/ojer.pl\/wp-content\/uploads\/2022\/06\/Screenshot_20220626-172855_Facebook.jpg\" data-link=\"https:\/\/ojer.pl\/?attachment_id=1422#main\" class=\"wp-image-1422\" srcset=\"https:\/\/ojer.pl\/wp-content\/uploads\/2022\/06\/Screenshot_20220626-172855_Facebook-735x1024.jpg 735w, https:\/\/ojer.pl\/wp-content\/uploads\/2022\/06\/Screenshot_20220626-172855_Facebook-215x300.jpg 215w, https:\/\/ojer.pl\/wp-content\/uploads\/2022\/06\/Screenshot_20220626-172855_Facebook-768x1070.jpg 768w, https:\/\/ojer.pl\/wp-content\/uploads\/2022\/06\/Screenshot_20220626-172855_Facebook.jpg 1064w\" sizes=\"auto, (max-width: 735px) 100vw, 735px\" \/><\/a><\/figure><\/li><\/ul><\/figure>\n\n\n\n<figure class=\"wp-block-gallery columns-1 is-cropped wp-block-gallery-3 is-layout-flex wp-block-gallery-is-layout-flex\"><ul class=\"blocks-gallery-grid\"><li class=\"blocks-gallery-item\"><figure><a href=\"https:\/\/ojer.pl\/wp-content\/uploads\/2022\/09\/FB_IMG_1663864758605-1.jpg\"><img loading=\"lazy\" decoding=\"async\" width=\"1024\" height=\"683\" src=\"https:\/\/ojer.pl\/wp-content\/uploads\/2022\/09\/FB_IMG_1663864758605-1-1024x683.jpg\" alt=\"\" data-id=\"1469\" data-full-url=\"https:\/\/ojer.pl\/wp-content\/uploads\/2022\/09\/FB_IMG_1663864758605-1.jpg\" data-link=\"https:\/\/ojer.pl\/?attachment_id=1469#main\" class=\"wp-image-1469\" srcset=\"https:\/\/ojer.pl\/wp-content\/uploads\/2022\/09\/FB_IMG_1663864758605-1-1024x683.jpg 1024w, https:\/\/ojer.pl\/wp-content\/uploads\/2022\/09\/FB_IMG_1663864758605-1-300x200.jpg 300w, https:\/\/ojer.pl\/wp-content\/uploads\/2022\/09\/FB_IMG_1663864758605-1-768x512.jpg 768w, https:\/\/ojer.pl\/wp-content\/uploads\/2022\/09\/FB_IMG_1663864758605-1-570x380.jpg 570w, https:\/\/ojer.pl\/wp-content\/uploads\/2022\/09\/FB_IMG_1663864758605-1-380x254.jpg 380w, https:\/\/ojer.pl\/wp-content\/uploads\/2022\/09\/FB_IMG_1663864758605-1-285x190.jpg 285w, https:\/\/ojer.pl\/wp-content\/uploads\/2022\/09\/FB_IMG_1663864758605-1.jpg 1080w\" sizes=\"auto, (max-width: 1024px) 100vw, 1024px\" \/><\/a><\/figure><\/li><\/ul><\/figure>\n","protected":false},"excerpt":{"rendered":"<p>Anna OjerNazywam si\u0119 Anna Ojer. W Warszawie mieszkam od urodzenia. Tu mieszkaj\u0105 moi rodzice i tu mieszkali moi dziadkowie. Prywatnie jestem \u017con\u0105 i matk\u0105 4 dzieci. Studiowa\u0142am na Uniwersytecie Warszawskim i tam zdoby\u0142am tytu\u0142 magistra na Wydziale Nauk Ekonomicznych. Moje wykszta\u0142cenie oraz wieloletnie do\u015bwiadczenie zawodowe pomaga mi w prowadzeniu i organizowaniu r\u00f3\u017cnorodnych inicjatyw. Obecnie zatrudniona<\/p>\n<p class=\"more-link\"><a href=\"https:\/\/ojer.pl\/?page_id=23\" class=\"themebutton\">Read More<\/a><\/p>\n","protected":false},"author":1,"featured_media":0,"parent":0,"menu_order":0,"comment_status":"closed","ping_status":"closed","template":"","meta":{"footnotes":""},"class_list":["post-23","page","type-page","status-publish","hentry"],"_links":{"self":[{"href":"https:\/\/ojer.pl\/index.php?rest_route=\/wp\/v2\/pages\/23","targetHints":{"allow":["GET"]}}],"collection":[{"href":"https:\/\/ojer.pl\/index.php?rest_route=\/wp\/v2\/pages"}],"about":[{"href":"https:\/\/ojer.pl\/index.php?rest_route=\/wp\/v2\/types\/page"}],"author":[{"embeddable":true,"href":"https:\/\/ojer.pl\/index.php?rest_route=\/wp\/v2\/users\/1"}],"replies":[{"embeddable":true,"href":"https:\/\/ojer.pl\/index.php?rest_route=%2Fwp%2Fv2%2Fcomments&post=23"}],"version-history":[{"count":36,"href":"https:\/\/ojer.pl\/index.php?rest_route=\/wp\/v2\/pages\/23\/revisions"}],"predecessor-version":[{"id":1471,"href":"https:\/\/ojer.pl\/index.php?rest_route=\/wp\/v2\/pages\/23\/revisions\/1471"}],"wp:attachment":[{"href":"https:\/\/ojer.pl\/index.php?rest_route=%2Fwp%2Fv2%2Fmedia&parent=23"}],"curies":[{"name":"wp","href":"https:\/\/api.w.org\/{rel}","templated":true}]}}