{"id":1390,"date":"2022-06-11T18:27:38","date_gmt":"2022-06-11T16:27:38","guid":{"rendered":"https:\/\/ojer.pl\/?page_id=1390"},"modified":"2023-01-22T22:38:56","modified_gmt":"2023-01-22T21:38:56","slug":"podziekownia","status":"publish","type":"page","link":"https:\/\/ojer.pl\/?page_id=1390","title":{"rendered":"Podzi\u0119kownia"},"content":{"rendered":"\n<div class=\"wp-block-group\"><div class=\"wp-block-group__inner-container is-layout-flow wp-block-group-is-layout-flow\">\n<div class=\"wp-block-columns is-layout-flex wp-container-core-columns-is-layout-9d6595d7 wp-block-columns-is-layout-flex\">\n<div class=\"wp-block-column is-layout-flow wp-block-column-is-layout-flow\" style=\"flex-basis:100%\">\n<figure class=\"wp-block-pullquote\"><blockquote><p>Serdecznie wszystkim dzi\u0119kuj\u0119 za wspierania wszystkich organizowanych przeze mnie akcji. W grupie jest si\u0142a i moc dzia\u0142ania i tylko razem mo\u017cemy zdzia\u0142a\u0107 wiele, wi\u0119cej pomaga\u0107 i zara\u017ca\u0107 innych wirusem pomagania. <\/p><\/blockquote><\/figure>\n\n\n\n<figure class=\"wp-block-image size-full is-style-default\"><a href=\"https:\/\/ojer.pl\/wp-content\/uploads\/2022\/07\/Screenshot_20220626-172210_Facebook.jpg\"><img loading=\"lazy\" decoding=\"async\" width=\"879\" height=\"533\" src=\"https:\/\/ojer.pl\/wp-content\/uploads\/2022\/07\/Screenshot_20220626-172210_Facebook.jpg\" alt=\"\" class=\"wp-image-1449\" srcset=\"https:\/\/ojer.pl\/wp-content\/uploads\/2022\/07\/Screenshot_20220626-172210_Facebook.jpg 879w, https:\/\/ojer.pl\/wp-content\/uploads\/2022\/07\/Screenshot_20220626-172210_Facebook-300x182.jpg 300w, https:\/\/ojer.pl\/wp-content\/uploads\/2022\/07\/Screenshot_20220626-172210_Facebook-768x466.jpg 768w\" sizes=\"auto, (max-width: 879px) 100vw, 879px\" \/><\/a><\/figure>\n\n\n\n<figure class=\"wp-block-gallery columns-3 is-cropped wp-block-gallery-1 is-layout-flex wp-block-gallery-is-layout-flex\"><ul class=\"blocks-gallery-grid\"><li class=\"blocks-gallery-item\"><figure><a href=\"https:\/\/ojer.pl\/wp-content\/uploads\/2022\/07\/Screenshot_20220626-172136_Facebook-1024x977.jpg\"><img loading=\"lazy\" decoding=\"async\" width=\"1024\" height=\"977\" src=\"https:\/\/ojer.pl\/wp-content\/uploads\/2022\/07\/Screenshot_20220626-172136_Facebook-1024x977.jpg\" alt=\"\" data-id=\"1447\" class=\"wp-image-1447\" srcset=\"https:\/\/ojer.pl\/wp-content\/uploads\/2022\/07\/Screenshot_20220626-172136_Facebook-1024x977.jpg 1024w, https:\/\/ojer.pl\/wp-content\/uploads\/2022\/07\/Screenshot_20220626-172136_Facebook-300x286.jpg 300w, https:\/\/ojer.pl\/wp-content\/uploads\/2022\/07\/Screenshot_20220626-172136_Facebook-768x733.jpg 768w, https:\/\/ojer.pl\/wp-content\/uploads\/2022\/07\/Screenshot_20220626-172136_Facebook.jpg 1050w\" sizes=\"auto, (max-width: 1024px) 100vw, 1024px\" \/><\/a><\/figure><\/li><li class=\"blocks-gallery-item\"><figure><a href=\"https:\/\/ojer.pl\/wp-content\/uploads\/2023\/01\/received_3310793482516192-1-768x1024.jpeg\"><img loading=\"lazy\" decoding=\"async\" width=\"768\" height=\"1024\" src=\"https:\/\/ojer.pl\/wp-content\/uploads\/2023\/01\/received_3310793482516192-1-768x1024.jpeg\" alt=\"\" data-id=\"1525\" data-link=\"https:\/\/ojer.pl\/?attachment_id=1525#main\" class=\"wp-image-1525\" srcset=\"https:\/\/ojer.pl\/wp-content\/uploads\/2023\/01\/received_3310793482516192-1-768x1024.jpeg 768w, https:\/\/ojer.pl\/wp-content\/uploads\/2023\/01\/received_3310793482516192-1-225x300.jpeg 225w, https:\/\/ojer.pl\/wp-content\/uploads\/2023\/01\/received_3310793482516192-1-1152x1536.jpeg 1152w, https:\/\/ojer.pl\/wp-content\/uploads\/2023\/01\/received_3310793482516192-1.jpeg 1536w\" sizes=\"auto, (max-width: 768px) 100vw, 768px\" \/><\/a><\/figure><\/li><li class=\"blocks-gallery-item\"><figure><a href=\"https:\/\/ojer.pl\/wp-content\/uploads\/2023\/01\/20221215_115509-scaled.jpg\"><img loading=\"lazy\" decoding=\"async\" width=\"768\" height=\"1024\" src=\"https:\/\/ojer.pl\/wp-content\/uploads\/2023\/01\/20221215_115509-768x1024.jpg\" alt=\"\" data-id=\"1526\" data-full-url=\"https:\/\/ojer.pl\/wp-content\/uploads\/2023\/01\/20221215_115509-scaled.jpg\" data-link=\"https:\/\/ojer.pl\/?attachment_id=1526#main\" class=\"wp-image-1526\" srcset=\"https:\/\/ojer.pl\/wp-content\/uploads\/2023\/01\/20221215_115509-768x1024.jpg 768w, https:\/\/ojer.pl\/wp-content\/uploads\/2023\/01\/20221215_115509-225x300.jpg 225w, https:\/\/ojer.pl\/wp-content\/uploads\/2023\/01\/20221215_115509-1152x1536.jpg 1152w, https:\/\/ojer.pl\/wp-content\/uploads\/2023\/01\/20221215_115509-1536x2048.jpg 1536w, https:\/\/ojer.pl\/wp-content\/uploads\/2023\/01\/20221215_115509-scaled.jpg 1920w\" sizes=\"auto, (max-width: 768px) 100vw, 768px\" \/><\/a><\/figure><\/li><\/ul><\/figure>\n\n\n\n<figure class=\"wp-block-gallery columns-1 is-cropped wp-block-gallery-2 is-layout-flex wp-block-gallery-is-layout-flex\"><ul class=\"blocks-gallery-grid\"><li class=\"blocks-gallery-item\"><figure><a href=\"https:\/\/ojer.pl\/wp-content\/uploads\/2022\/10\/20221027_140005-1-scaled.jpg\"><img loading=\"lazy\" decoding=\"async\" width=\"1024\" height=\"768\" src=\"https:\/\/ojer.pl\/wp-content\/uploads\/2022\/10\/20221027_140005-1-1024x768.jpg\" alt=\"\" data-id=\"1502\" data-full-url=\"https:\/\/ojer.pl\/wp-content\/uploads\/2022\/10\/20221027_140005-1-scaled.jpg\" data-link=\"https:\/\/ojer.pl\/?attachment_id=1502#main\" class=\"wp-image-1502\" srcset=\"https:\/\/ojer.pl\/wp-content\/uploads\/2022\/10\/20221027_140005-1-1024x768.jpg 1024w, https:\/\/ojer.pl\/wp-content\/uploads\/2022\/10\/20221027_140005-1-300x225.jpg 300w, https:\/\/ojer.pl\/wp-content\/uploads\/2022\/10\/20221027_140005-1-768x576.jpg 768w, https:\/\/ojer.pl\/wp-content\/uploads\/2022\/10\/20221027_140005-1-1536x1152.jpg 1536w, https:\/\/ojer.pl\/wp-content\/uploads\/2022\/10\/20221027_140005-1-2048x1536.jpg 2048w, https:\/\/ojer.pl\/wp-content\/uploads\/2022\/10\/20221027_140005-1-380x285.jpg 380w, https:\/\/ojer.pl\/wp-content\/uploads\/2022\/10\/20221027_140005-1-285x214.jpg 285w\" sizes=\"auto, (max-width: 1024px) 100vw, 1024px\" \/><\/a><\/figure><\/li><\/ul><\/figure>\n\n\n\n<figure class=\"wp-block-image size-large is-style-default\"><a href=\"https:\/\/ojer.pl\/wp-content\/uploads\/2022\/07\/FB_IMG_1656255908993.jpg\"><img loading=\"lazy\" decoding=\"async\" width=\"776\" height=\"1024\" src=\"https:\/\/ojer.pl\/wp-content\/uploads\/2022\/07\/FB_IMG_1656255908993-776x1024.jpg\" alt=\"\" class=\"wp-image-1446\" srcset=\"https:\/\/ojer.pl\/wp-content\/uploads\/2022\/07\/FB_IMG_1656255908993-776x1024.jpg 776w, https:\/\/ojer.pl\/wp-content\/uploads\/2022\/07\/FB_IMG_1656255908993-227x300.jpg 227w, https:\/\/ojer.pl\/wp-content\/uploads\/2022\/07\/FB_IMG_1656255908993-768x1014.jpg 768w, https:\/\/ojer.pl\/wp-content\/uploads\/2022\/07\/FB_IMG_1656255908993.jpg 1080w\" sizes=\"auto, (max-width: 776px) 100vw, 776px\" \/><\/a><\/figure>\n\n\n\n<figure class=\"wp-block-image size-large is-style-default\"><a href=\"https:\/\/ojer.pl\/wp-content\/uploads\/2022\/07\/Screenshot_20220626-171652_Facebook.jpg\"><img loading=\"lazy\" decoding=\"async\" width=\"1024\" height=\"758\" src=\"https:\/\/ojer.pl\/wp-content\/uploads\/2022\/07\/Screenshot_20220626-171652_Facebook-1024x758.jpg\" alt=\"\" class=\"wp-image-1448\" srcset=\"https:\/\/ojer.pl\/wp-content\/uploads\/2022\/07\/Screenshot_20220626-171652_Facebook-1024x758.jpg 1024w, https:\/\/ojer.pl\/wp-content\/uploads\/2022\/07\/Screenshot_20220626-171652_Facebook-300x222.jpg 300w, https:\/\/ojer.pl\/wp-content\/uploads\/2022\/07\/Screenshot_20220626-171652_Facebook-768x568.jpg 768w, https:\/\/ojer.pl\/wp-content\/uploads\/2022\/07\/Screenshot_20220626-171652_Facebook.jpg 1080w\" sizes=\"auto, (max-width: 1024px) 100vw, 1024px\" \/><\/a><\/figure>\n\n\n\n<figure class=\"wp-block-image size-large is-style-default\"><a href=\"https:\/\/ojer.pl\/wp-content\/uploads\/2022\/07\/FB_IMG_1656256437959.jpg\"><img loading=\"lazy\" decoding=\"async\" width=\"992\" height=\"1024\" src=\"https:\/\/ojer.pl\/wp-content\/uploads\/2022\/07\/FB_IMG_1656256437959-992x1024.jpg\" alt=\"\" class=\"wp-image-1445\" srcset=\"https:\/\/ojer.pl\/wp-content\/uploads\/2022\/07\/FB_IMG_1656256437959-992x1024.jpg 992w, https:\/\/ojer.pl\/wp-content\/uploads\/2022\/07\/FB_IMG_1656256437959-291x300.jpg 291w, https:\/\/ojer.pl\/wp-content\/uploads\/2022\/07\/FB_IMG_1656256437959-768x793.jpg 768w, https:\/\/ojer.pl\/wp-content\/uploads\/2022\/07\/FB_IMG_1656256437959.jpg 1046w\" sizes=\"auto, (max-width: 992px) 100vw, 992px\" \/><\/a><\/figure>\n\n\n\n<figure class=\"wp-block-image size-large is-style-default\"><a href=\"https:\/\/ojer.pl\/wp-content\/uploads\/2022\/07\/FB_IMG_1656255953077.jpg\"><img loading=\"lazy\" decoding=\"async\" width=\"1024\" height=\"750\" src=\"https:\/\/ojer.pl\/wp-content\/uploads\/2022\/07\/FB_IMG_1656255953077-1024x750.jpg\" alt=\"\" class=\"wp-image-1444\" srcset=\"https:\/\/ojer.pl\/wp-content\/uploads\/2022\/07\/FB_IMG_1656255953077-1024x750.jpg 1024w, https:\/\/ojer.pl\/wp-content\/uploads\/2022\/07\/FB_IMG_1656255953077-300x220.jpg 300w, https:\/\/ojer.pl\/wp-content\/uploads\/2022\/07\/FB_IMG_1656255953077-768x562.jpg 768w, https:\/\/ojer.pl\/wp-content\/uploads\/2022\/07\/FB_IMG_1656255953077.jpg 1042w\" sizes=\"auto, (max-width: 1024px) 100vw, 1024px\" \/><\/a><\/figure>\n\n\n\n<figure class=\"wp-block-image size-large is-style-default\"><a href=\"https:\/\/ojer.pl\/wp-content\/uploads\/2022\/07\/20220626_165744-scaled.jpg\"><img loading=\"lazy\" decoding=\"async\" width=\"739\" height=\"1024\" src=\"https:\/\/ojer.pl\/wp-content\/uploads\/2022\/07\/20220626_165744-739x1024.jpg\" alt=\"\" class=\"wp-image-1443\" srcset=\"https:\/\/ojer.pl\/wp-content\/uploads\/2022\/07\/20220626_165744-739x1024.jpg 739w, https:\/\/ojer.pl\/wp-content\/uploads\/2022\/07\/20220626_165744-216x300.jpg 216w, https:\/\/ojer.pl\/wp-content\/uploads\/2022\/07\/20220626_165744-768x1064.jpg 768w, https:\/\/ojer.pl\/wp-content\/uploads\/2022\/07\/20220626_165744-1108x1536.jpg 1108w, https:\/\/ojer.pl\/wp-content\/uploads\/2022\/07\/20220626_165744-1478x2048.jpg 1478w, https:\/\/ojer.pl\/wp-content\/uploads\/2022\/07\/20220626_165744-scaled.jpg 1847w\" sizes=\"auto, (max-width: 739px) 100vw, 739px\" \/><\/a><\/figure>\n\n\n\n<figure class=\"wp-block-image size-large is-style-default\"><a href=\"https:\/\/ojer.pl\/wp-content\/uploads\/2022\/07\/20220626_165747-2-scaled.jpg\"><img loading=\"lazy\" decoding=\"async\" width=\"632\" height=\"1024\" src=\"https:\/\/ojer.pl\/wp-content\/uploads\/2022\/07\/20220626_165747-2-632x1024.jpg\" alt=\"\" class=\"wp-image-1439\" srcset=\"https:\/\/ojer.pl\/wp-content\/uploads\/2022\/07\/20220626_165747-2-632x1024.jpg 632w, https:\/\/ojer.pl\/wp-content\/uploads\/2022\/07\/20220626_165747-2-185x300.jpg 185w, https:\/\/ojer.pl\/wp-content\/uploads\/2022\/07\/20220626_165747-2-768x1244.jpg 768w, https:\/\/ojer.pl\/wp-content\/uploads\/2022\/07\/20220626_165747-2-949x1536.jpg 949w, https:\/\/ojer.pl\/wp-content\/uploads\/2022\/07\/20220626_165747-2-1265x2048.jpg 1265w, https:\/\/ojer.pl\/wp-content\/uploads\/2022\/07\/20220626_165747-2-scaled.jpg 1581w\" sizes=\"auto, (max-width: 632px) 100vw, 632px\" \/><\/a><\/figure>\n\n\n\n<figure class=\"wp-block-image size-large is-style-default\"><a href=\"https:\/\/ojer.pl\/wp-content\/uploads\/2022\/07\/20220626_165712-2-scaled.jpg\"><img loading=\"lazy\" decoding=\"async\" width=\"772\" height=\"1024\" src=\"https:\/\/ojer.pl\/wp-content\/uploads\/2022\/07\/20220626_165712-2-772x1024.jpg\" alt=\"\" class=\"wp-image-1437\" srcset=\"https:\/\/ojer.pl\/wp-content\/uploads\/2022\/07\/20220626_165712-2-772x1024.jpg 772w, https:\/\/ojer.pl\/wp-content\/uploads\/2022\/07\/20220626_165712-2-226x300.jpg 226w, https:\/\/ojer.pl\/wp-content\/uploads\/2022\/07\/20220626_165712-2-768x1019.jpg 768w, https:\/\/ojer.pl\/wp-content\/uploads\/2022\/07\/20220626_165712-2-1158x1536.jpg 1158w, https:\/\/ojer.pl\/wp-content\/uploads\/2022\/07\/20220626_165712-2-1544x2048.jpg 1544w, https:\/\/ojer.pl\/wp-content\/uploads\/2022\/07\/20220626_165712-2-scaled.jpg 1930w\" sizes=\"auto, (max-width: 772px) 100vw, 772px\" \/><\/a><\/figure>\n<\/div>\n<\/div>\n<\/div><\/div>\n\n\n\n<figure class=\"wp-block-image size-large is-style-default\"><a href=\"https:\/\/ojer.pl\/wp-content\/uploads\/2022\/07\/FB_IMG_1656256518936.jpg\"><img loading=\"lazy\" decoding=\"async\" width=\"771\" height=\"1024\" src=\"https:\/\/ojer.pl\/wp-content\/uploads\/2022\/07\/FB_IMG_1656256518936-771x1024.jpg\" alt=\"\" class=\"wp-image-1436\" srcset=\"https:\/\/ojer.pl\/wp-content\/uploads\/2022\/07\/FB_IMG_1656256518936-771x1024.jpg 771w, https:\/\/ojer.pl\/wp-content\/uploads\/2022\/07\/FB_IMG_1656256518936-226x300.jpg 226w, https:\/\/ojer.pl\/wp-content\/uploads\/2022\/07\/FB_IMG_1656256518936-768x1020.jpg 768w, https:\/\/ojer.pl\/wp-content\/uploads\/2022\/07\/FB_IMG_1656256518936.jpg 1080w\" sizes=\"auto, (max-width: 771px) 100vw, 771px\" \/><\/a><\/figure>\n\n\n\n<figure class=\"wp-block-image size-large is-style-default\"><a href=\"https:\/\/ojer.pl\/wp-content\/uploads\/2022\/06\/20220626_165513-scaled.jpg\"><img loading=\"lazy\" decoding=\"async\" width=\"1024\" height=\"759\" src=\"https:\/\/ojer.pl\/wp-content\/uploads\/2022\/06\/20220626_165513-1024x759.jpg\" alt=\"\" class=\"wp-image-1399\" srcset=\"https:\/\/ojer.pl\/wp-content\/uploads\/2022\/06\/20220626_165513-1024x759.jpg 1024w, https:\/\/ojer.pl\/wp-content\/uploads\/2022\/06\/20220626_165513-300x222.jpg 300w, https:\/\/ojer.pl\/wp-content\/uploads\/2022\/06\/20220626_165513-768x569.jpg 768w, https:\/\/ojer.pl\/wp-content\/uploads\/2022\/06\/20220626_165513-1536x1139.jpg 1536w, https:\/\/ojer.pl\/wp-content\/uploads\/2022\/06\/20220626_165513-2048x1518.jpg 2048w\" sizes=\"auto, (max-width: 1024px) 100vw, 1024px\" \/><\/a><\/figure>\n\n\n\n<figure class=\"wp-block-gallery columns-2 is-cropped wp-block-gallery-3 is-layout-flex wp-block-gallery-is-layout-flex\"><ul class=\"blocks-gallery-grid\"><li class=\"blocks-gallery-item\"><figure><a href=\"https:\/\/ojer.pl\/wp-content\/uploads\/2022\/06\/20220626_165744-1-773x1024.jpg\"><img loading=\"lazy\" decoding=\"async\" width=\"773\" height=\"1024\" src=\"https:\/\/ojer.pl\/wp-content\/uploads\/2022\/06\/20220626_165744-1-773x1024.jpg\" alt=\"\" data-id=\"1400\" data-link=\"https:\/\/ojer.pl\/?attachment_id=1400#main\" class=\"wp-image-1400\" srcset=\"https:\/\/ojer.pl\/wp-content\/uploads\/2022\/06\/20220626_165744-1-773x1024.jpg 773w, https:\/\/ojer.pl\/wp-content\/uploads\/2022\/06\/20220626_165744-1-226x300.jpg 226w, https:\/\/ojer.pl\/wp-content\/uploads\/2022\/06\/20220626_165744-1-768x1018.jpg 768w, https:\/\/ojer.pl\/wp-content\/uploads\/2022\/06\/20220626_165744-1-1159x1536.jpg 1159w, https:\/\/ojer.pl\/wp-content\/uploads\/2022\/06\/20220626_165744-1-1545x2048.jpg 1545w, https:\/\/ojer.pl\/wp-content\/uploads\/2022\/06\/20220626_165744-1-scaled.jpg 1931w\" sizes=\"auto, (max-width: 773px) 100vw, 773px\" \/><\/a><\/figure><\/li><li class=\"blocks-gallery-item\"><figure><a href=\"https:\/\/ojer.pl\/wp-content\/uploads\/2022\/06\/20220626_165747-2-632x1024.jpg\"><img loading=\"lazy\" decoding=\"async\" width=\"632\" height=\"1024\" src=\"https:\/\/ojer.pl\/wp-content\/uploads\/2022\/06\/20220626_165747-2-632x1024.jpg\" alt=\"\" data-id=\"1401\" data-link=\"https:\/\/ojer.pl\/?attachment_id=1401#main\" class=\"wp-image-1401\" srcset=\"https:\/\/ojer.pl\/wp-content\/uploads\/2022\/06\/20220626_165747-2-632x1024.jpg 632w, https:\/\/ojer.pl\/wp-content\/uploads\/2022\/06\/20220626_165747-2-185x300.jpg 185w, https:\/\/ojer.pl\/wp-content\/uploads\/2022\/06\/20220626_165747-2-768x1244.jpg 768w, https:\/\/ojer.pl\/wp-content\/uploads\/2022\/06\/20220626_165747-2-949x1536.jpg 949w, https:\/\/ojer.pl\/wp-content\/uploads\/2022\/06\/20220626_165747-2-1265x2048.jpg 1265w, https:\/\/ojer.pl\/wp-content\/uploads\/2022\/06\/20220626_165747-2-scaled.jpg 1581w\" sizes=\"auto, (max-width: 632px) 100vw, 632px\" \/><\/a><\/figure><\/li><\/ul><\/figure>\n\n\n\n<figure class=\"wp-block-image size-large is-style-default\"><a href=\"https:\/\/ojer.pl\/wp-content\/uploads\/2022\/06\/20220626_165850-1-scaled.jpg\"><img loading=\"lazy\" decoding=\"async\" width=\"1024\" height=\"755\" src=\"https:\/\/ojer.pl\/wp-content\/uploads\/2022\/06\/20220626_165850-1-1024x755.jpg\" alt=\"\" class=\"wp-image-1403\" srcset=\"https:\/\/ojer.pl\/wp-content\/uploads\/2022\/06\/20220626_165850-1-1024x755.jpg 1024w, https:\/\/ojer.pl\/wp-content\/uploads\/2022\/06\/20220626_165850-1-300x221.jpg 300w, https:\/\/ojer.pl\/wp-content\/uploads\/2022\/06\/20220626_165850-1-768x566.jpg 768w, https:\/\/ojer.pl\/wp-content\/uploads\/2022\/06\/20220626_165850-1-1536x1133.jpg 1536w, https:\/\/ojer.pl\/wp-content\/uploads\/2022\/06\/20220626_165850-1-2048x1510.jpg 2048w\" sizes=\"auto, (max-width: 1024px) 100vw, 1024px\" \/><\/a><\/figure>\n\n\n\n<figure class=\"wp-block-image size-large is-resized is-style-default\"><a href=\"https:\/\/ojer.pl\/wp-content\/uploads\/2022\/06\/20220626_165552-scaled.jpg\"><img loading=\"lazy\" decoding=\"async\" src=\"https:\/\/ojer.pl\/wp-content\/uploads\/2022\/06\/20220626_165552-777x1024.jpg\" alt=\"\" class=\"wp-image-1404\" width=\"838\" height=\"1104\" srcset=\"https:\/\/ojer.pl\/wp-content\/uploads\/2022\/06\/20220626_165552-777x1024.jpg 777w, https:\/\/ojer.pl\/wp-content\/uploads\/2022\/06\/20220626_165552-228x300.jpg 228w, https:\/\/ojer.pl\/wp-content\/uploads\/2022\/06\/20220626_165552-768x1012.jpg 768w, https:\/\/ojer.pl\/wp-content\/uploads\/2022\/06\/20220626_165552-1166x1536.jpg 1166w, https:\/\/ojer.pl\/wp-content\/uploads\/2022\/06\/20220626_165552-1554x2048.jpg 1554w, https:\/\/ojer.pl\/wp-content\/uploads\/2022\/06\/20220626_165552-scaled.jpg 1943w\" sizes=\"auto, (max-width: 838px) 100vw, 838px\" \/><\/a><\/figure>\n\n\n\n<figure class=\"wp-block-image size-large is-resized is-style-default\"><a href=\"https:\/\/ojer.pl\/wp-content\/uploads\/2022\/06\/20220626_165712-scaled.jpg\"><img loading=\"lazy\" decoding=\"async\" src=\"https:\/\/ojer.pl\/wp-content\/uploads\/2022\/06\/20220626_165712-775x1024.jpg\" alt=\"\" class=\"wp-image-1405\" width=\"839\" height=\"1109\" srcset=\"https:\/\/ojer.pl\/wp-content\/uploads\/2022\/06\/20220626_165712-775x1024.jpg 775w, https:\/\/ojer.pl\/wp-content\/uploads\/2022\/06\/20220626_165712-227x300.jpg 227w, https:\/\/ojer.pl\/wp-content\/uploads\/2022\/06\/20220626_165712-768x1015.jpg 768w, https:\/\/ojer.pl\/wp-content\/uploads\/2022\/06\/20220626_165712-1162x1536.jpg 1162w, https:\/\/ojer.pl\/wp-content\/uploads\/2022\/06\/20220626_165712-1549x2048.jpg 1549w, https:\/\/ojer.pl\/wp-content\/uploads\/2022\/06\/20220626_165712-scaled.jpg 1936w\" sizes=\"auto, (max-width: 839px) 100vw, 839px\" \/><\/a><\/figure>\n\n\n\n<figure class=\"wp-block-image size-full is-style-default\"><a href=\"https:\/\/ojer.pl\/wp-content\/uploads\/2022\/06\/Screenshot_20220626-171804_Facebook.jpg\"><img loading=\"lazy\" decoding=\"async\" width=\"948\" height=\"912\" src=\"https:\/\/ojer.pl\/wp-content\/uploads\/2022\/06\/Screenshot_20220626-171804_Facebook.jpg\" alt=\"\" class=\"wp-image-1411\" srcset=\"https:\/\/ojer.pl\/wp-content\/uploads\/2022\/06\/Screenshot_20220626-171804_Facebook.jpg 948w, https:\/\/ojer.pl\/wp-content\/uploads\/2022\/06\/Screenshot_20220626-171804_Facebook-300x289.jpg 300w, https:\/\/ojer.pl\/wp-content\/uploads\/2022\/06\/Screenshot_20220626-171804_Facebook-768x739.jpg 768w\" sizes=\"auto, (max-width: 948px) 100vw, 948px\" \/><\/a><\/figure>\n\n\n\n<figure class=\"wp-block-image size-large is-resized is-style-default\"><a href=\"https:\/\/ojer.pl\/wp-content\/uploads\/2022\/06\/Screenshot_20220626-171611_Facebook.jpg\"><img loading=\"lazy\" decoding=\"async\" src=\"https:\/\/ojer.pl\/wp-content\/uploads\/2022\/06\/Screenshot_20220626-171611_Facebook-759x1024.jpg\" alt=\"\" class=\"wp-image-1412\" width=\"839\" height=\"1132\" srcset=\"https:\/\/ojer.pl\/wp-content\/uploads\/2022\/06\/Screenshot_20220626-171611_Facebook-759x1024.jpg 759w, https:\/\/ojer.pl\/wp-content\/uploads\/2022\/06\/Screenshot_20220626-171611_Facebook-222x300.jpg 222w, https:\/\/ojer.pl\/wp-content\/uploads\/2022\/06\/Screenshot_20220626-171611_Facebook-768x1036.jpg 768w, https:\/\/ojer.pl\/wp-content\/uploads\/2022\/06\/Screenshot_20220626-171611_Facebook.jpg 1080w\" sizes=\"auto, (max-width: 839px) 100vw, 839px\" \/><\/a><\/figure>\n\n\n\n<figure class=\"wp-block-image size-full is-resized is-style-default\"><a href=\"https:\/\/ojer.pl\/wp-content\/uploads\/2022\/06\/FB_IMG_1656256325811.jpg\"><img loading=\"lazy\" decoding=\"async\" src=\"https:\/\/ojer.pl\/wp-content\/uploads\/2022\/06\/FB_IMG_1656256325811.jpg\" alt=\"\" class=\"wp-image-1414\" width=\"838\" height=\"1112\" srcset=\"https:\/\/ojer.pl\/wp-content\/uploads\/2022\/06\/FB_IMG_1656256325811.jpg 694w, https:\/\/ojer.pl\/wp-content\/uploads\/2022\/06\/FB_IMG_1656256325811-226x300.jpg 226w\" sizes=\"auto, (max-width: 838px) 100vw, 838px\" \/><\/a><\/figure>\n\n\n\n<figure class=\"wp-block-image size-large is-style-default\"><a href=\"https:\/\/ojer.pl\/wp-content\/uploads\/2022\/06\/Screenshot_20220626-172257_Facebook.jpg\"><img loading=\"lazy\" decoding=\"async\" width=\"980\" height=\"1024\" src=\"https:\/\/ojer.pl\/wp-content\/uploads\/2022\/06\/Screenshot_20220626-172257_Facebook-980x1024.jpg\" alt=\"\" class=\"wp-image-1415\" srcset=\"https:\/\/ojer.pl\/wp-content\/uploads\/2022\/06\/Screenshot_20220626-172257_Facebook-980x1024.jpg 980w, https:\/\/ojer.pl\/wp-content\/uploads\/2022\/06\/Screenshot_20220626-172257_Facebook-287x300.jpg 287w, https:\/\/ojer.pl\/wp-content\/uploads\/2022\/06\/Screenshot_20220626-172257_Facebook-768x803.jpg 768w, https:\/\/ojer.pl\/wp-content\/uploads\/2022\/06\/Screenshot_20220626-172257_Facebook.jpg 1041w\" sizes=\"auto, (max-width: 980px) 100vw, 980px\" \/><\/a><\/figure>\n\n\n\n<figure class=\"wp-block-image size-large is-style-default\"><a href=\"https:\/\/ojer.pl\/wp-content\/uploads\/2022\/09\/FB_IMG_1664033885327-2.jpg\"><img loading=\"lazy\" decoding=\"async\" width=\"768\" height=\"1024\" src=\"https:\/\/ojer.pl\/wp-content\/uploads\/2022\/09\/FB_IMG_1664033885327-2-768x1024.jpg\" alt=\"\" class=\"wp-image-1472\" srcset=\"https:\/\/ojer.pl\/wp-content\/uploads\/2022\/09\/FB_IMG_1664033885327-2-768x1024.jpg 768w, https:\/\/ojer.pl\/wp-content\/uploads\/2022\/09\/FB_IMG_1664033885327-2-225x300.jpg 225w, https:\/\/ojer.pl\/wp-content\/uploads\/2022\/09\/FB_IMG_1664033885327-2.jpg 1080w\" sizes=\"auto, (max-width: 768px) 100vw, 768px\" \/><\/a><\/figure>\n\n\n\n<figure class=\"wp-block-image size-large is-resized is-style-default\"><a href=\"https:\/\/ojer.pl\/wp-content\/uploads\/2022\/06\/FB_IMG_1656255863963.jpg\"><img loading=\"lazy\" decoding=\"async\" src=\"https:\/\/ojer.pl\/wp-content\/uploads\/2022\/06\/FB_IMG_1656255863963-642x1024.jpg\" alt=\"\" class=\"wp-image-1416\" width=\"840\" height=\"1340\" srcset=\"https:\/\/ojer.pl\/wp-content\/uploads\/2022\/06\/FB_IMG_1656255863963-642x1024.jpg 642w, https:\/\/ojer.pl\/wp-content\/uploads\/2022\/06\/FB_IMG_1656255863963-188x300.jpg 188w, https:\/\/ojer.pl\/wp-content\/uploads\/2022\/06\/FB_IMG_1656255863963-768x1225.jpg 768w, https:\/\/ojer.pl\/wp-content\/uploads\/2022\/06\/FB_IMG_1656255863963-963x1536.jpg 963w, https:\/\/ojer.pl\/wp-content\/uploads\/2022\/06\/FB_IMG_1656255863963.jpg 1080w\" sizes=\"auto, (max-width: 840px) 100vw, 840px\" \/><\/a><\/figure>\n\n\n\n<figure class=\"wp-block-image size-large is-style-default\"><a href=\"https:\/\/ojer.pl\/wp-content\/uploads\/2022\/06\/FB_IMG_1656255953077.jpg\"><img loading=\"lazy\" decoding=\"async\" width=\"1024\" height=\"750\" src=\"https:\/\/ojer.pl\/wp-content\/uploads\/2022\/06\/FB_IMG_1656255953077-1024x750.jpg\" alt=\"\" class=\"wp-image-1417\" srcset=\"https:\/\/ojer.pl\/wp-content\/uploads\/2022\/06\/FB_IMG_1656255953077-1024x750.jpg 1024w, https:\/\/ojer.pl\/wp-content\/uploads\/2022\/06\/FB_IMG_1656255953077-300x220.jpg 300w, https:\/\/ojer.pl\/wp-content\/uploads\/2022\/06\/FB_IMG_1656255953077-768x562.jpg 768w, https:\/\/ojer.pl\/wp-content\/uploads\/2022\/06\/FB_IMG_1656255953077.jpg 1042w\" sizes=\"auto, (max-width: 1024px) 100vw, 1024px\" \/><\/a><\/figure>\n\n\n\n<figure class=\"wp-block-image size-large is-resized is-style-default\"><a href=\"https:\/\/ojer.pl\/wp-content\/uploads\/2022\/06\/FB_IMG_1656256378472.jpg\"><img loading=\"lazy\" decoding=\"async\" src=\"https:\/\/ojer.pl\/wp-content\/uploads\/2022\/06\/FB_IMG_1656256378472-778x1024.jpg\" alt=\"\" class=\"wp-image-1418\" width=\"838\" height=\"1103\" srcset=\"https:\/\/ojer.pl\/wp-content\/uploads\/2022\/06\/FB_IMG_1656256378472-778x1024.jpg 778w, https:\/\/ojer.pl\/wp-content\/uploads\/2022\/06\/FB_IMG_1656256378472-228x300.jpg 228w, https:\/\/ojer.pl\/wp-content\/uploads\/2022\/06\/FB_IMG_1656256378472-768x1010.jpg 768w, https:\/\/ojer.pl\/wp-content\/uploads\/2022\/06\/FB_IMG_1656256378472.jpg 1080w\" sizes=\"auto, (max-width: 838px) 100vw, 838px\" \/><\/a><\/figure>\n\n\n\n<figure class=\"wp-block-image size-large is-resized is-style-default\"><a href=\"https:\/\/ojer.pl\/wp-content\/uploads\/2022\/06\/Screenshot_20220626-172353_Facebook.jpg\"><img loading=\"lazy\" decoding=\"async\" src=\"https:\/\/ojer.pl\/wp-content\/uploads\/2022\/06\/Screenshot_20220626-172353_Facebook-713x1024.jpg\" alt=\"\" class=\"wp-image-1419\" width=\"838\" height=\"1204\" srcset=\"https:\/\/ojer.pl\/wp-content\/uploads\/2022\/06\/Screenshot_20220626-172353_Facebook-713x1024.jpg 713w, https:\/\/ojer.pl\/wp-content\/uploads\/2022\/06\/Screenshot_20220626-172353_Facebook-209x300.jpg 209w, https:\/\/ojer.pl\/wp-content\/uploads\/2022\/06\/Screenshot_20220626-172353_Facebook-768x1103.jpg 768w, https:\/\/ojer.pl\/wp-content\/uploads\/2022\/06\/Screenshot_20220626-172353_Facebook.jpg 912w\" sizes=\"auto, (max-width: 838px) 100vw, 838px\" \/><\/a><\/figure>\n","protected":false},"excerpt":{"rendered":"<p>Serdecznie wszystkim dzi\u0119kuj\u0119 za wspierania wszystkich organizowanych przeze mnie akcji. W grupie jest si\u0142a i moc dzia\u0142ania i tylko razem mo\u017cemy zdzia\u0142a\u0107 wiele, wi\u0119cej pomaga\u0107 i zara\u017ca\u0107 innych wirusem pomagania.<\/p>\n","protected":false},"author":1,"featured_media":0,"parent":0,"menu_order":0,"comment_status":"closed","ping_status":"closed","template":"","meta":{"footnotes":""},"class_list":["post-1390","page","type-page","status-publish","hentry"],"_links":{"self":[{"href":"https:\/\/ojer.pl\/index.php?rest_route=\/wp\/v2\/pages\/1390","targetHints":{"allow":["GET"]}}],"collection":[{"href":"https:\/\/ojer.pl\/index.php?rest_route=\/wp\/v2\/pages"}],"about":[{"href":"https:\/\/ojer.pl\/index.php?rest_route=\/wp\/v2\/types\/page"}],"author":[{"embeddable":true,"href":"https:\/\/ojer.pl\/index.php?rest_route=\/wp\/v2\/users\/1"}],"replies":[{"embeddable":true,"href":"https:\/\/ojer.pl\/index.php?rest_route=%2Fwp%2Fv2%2Fcomments&post=1390"}],"version-history":[{"count":13,"href":"https:\/\/ojer.pl\/index.php?rest_route=\/wp\/v2\/pages\/1390\/revisions"}],"predecessor-version":[{"id":1528,"href":"https:\/\/ojer.pl\/index.php?rest_route=\/wp\/v2\/pages\/1390\/revisions\/1528"}],"wp:attachment":[{"href":"https:\/\/ojer.pl\/index.php?rest_route=%2Fwp%2Fv2%2Fmedia&parent=1390"}],"curies":[{"name":"wp","href":"https:\/\/api.w.org\/{rel}","templated":true}]}}