{"id":129,"date":"2018-07-05T00:29:15","date_gmt":"2018-07-04T22:29:15","guid":{"rendered":"http:\/\/ojer.pl\/?page_id=129"},"modified":"2023-07-09T11:35:02","modified_gmt":"2023-07-09T09:35:02","slug":"plakaty-z-przeprowadzanych-akcji","status":"publish","type":"page","link":"https:\/\/ojer.pl\/?page_id=129","title":{"rendered":"Plakaty z przeprowadzanych akcji"},"content":{"rendered":"\n<figure class=\"wp-block-image size-full is-style-default\"><a href=\"https:\/\/ojer.pl\/wp-content\/uploads\/2023\/07\/FB_IMG_1688580892645-2.jpg\"><img loading=\"lazy\" decoding=\"async\" width=\"940\" height=\"560\" src=\"https:\/\/ojer.pl\/wp-content\/uploads\/2023\/07\/FB_IMG_1688580892645-2.jpg\" alt=\"\" class=\"wp-image-1690\" srcset=\"https:\/\/ojer.pl\/wp-content\/uploads\/2023\/07\/FB_IMG_1688580892645-2.jpg 940w, https:\/\/ojer.pl\/wp-content\/uploads\/2023\/07\/FB_IMG_1688580892645-2-300x179.jpg 300w, https:\/\/ojer.pl\/wp-content\/uploads\/2023\/07\/FB_IMG_1688580892645-2-768x458.jpg 768w\" sizes=\"auto, (max-width: 940px) 100vw, 940px\" \/><\/a><\/figure>\n\n\n\n<figure class=\"wp-block-image size-large is-style-default\"><a href=\"https:\/\/ojer.pl\/wp-content\/uploads\/2022\/06\/FB_IMG_1654870271707.jpg\"><img loading=\"lazy\" decoding=\"async\" width=\"1024\" height=\"858\" src=\"https:\/\/ojer.pl\/wp-content\/uploads\/2022\/06\/FB_IMG_1654870271707-1024x858.jpg\" alt=\"\" class=\"wp-image-1327\" srcset=\"https:\/\/ojer.pl\/wp-content\/uploads\/2022\/06\/FB_IMG_1654870271707-1024x858.jpg 1024w, https:\/\/ojer.pl\/wp-content\/uploads\/2022\/06\/FB_IMG_1654870271707-300x251.jpg 300w, https:\/\/ojer.pl\/wp-content\/uploads\/2022\/06\/FB_IMG_1654870271707-768x644.jpg 768w, https:\/\/ojer.pl\/wp-content\/uploads\/2022\/06\/FB_IMG_1654870271707.jpg 1080w\" sizes=\"auto, (max-width: 1024px) 100vw, 1024px\" \/><\/a><\/figure>\n\n\n\n<div class=\"wp-block-media-text alignwide is-stacked-on-mobile\"><figure class=\"wp-block-media-text__media\"><img loading=\"lazy\" decoding=\"async\" width=\"724\" height=\"1024\" src=\"https:\/\/ojer.pl\/wp-content\/uploads\/2022\/09\/FB_IMG_1663825258858-724x1024.jpg\" alt=\"\" class=\"wp-image-1465 size-full\" srcset=\"https:\/\/ojer.pl\/wp-content\/uploads\/2022\/09\/FB_IMG_1663825258858-724x1024.jpg 724w, https:\/\/ojer.pl\/wp-content\/uploads\/2022\/09\/FB_IMG_1663825258858-212x300.jpg 212w, https:\/\/ojer.pl\/wp-content\/uploads\/2022\/09\/FB_IMG_1663825258858-768x1087.jpg 768w, https:\/\/ojer.pl\/wp-content\/uploads\/2022\/09\/FB_IMG_1663825258858.jpg 1080w\" sizes=\"auto, (max-width: 724px) 100vw, 724px\" \/><\/figure><div class=\"wp-block-media-text__content\">\n<p class=\"has-large-font-size\"><\/p>\n<\/div><\/div>\n\n\n\n<figure class=\"wp-block-gallery columns-1 is-cropped wp-block-gallery-1 is-layout-flex wp-block-gallery-is-layout-flex\"><ul class=\"blocks-gallery-grid\"><li class=\"blocks-gallery-item\"><figure><a href=\"https:\/\/ojer.pl\/wp-content\/uploads\/2022\/06\/FB_IMG_1654868976537.jpg\"><img loading=\"lazy\" decoding=\"async\" width=\"945\" height=\"943\" src=\"https:\/\/ojer.pl\/wp-content\/uploads\/2022\/06\/FB_IMG_1654868976537.jpg\" alt=\"\" data-id=\"1325\" data-full-url=\"https:\/\/ojer.pl\/wp-content\/uploads\/2022\/06\/FB_IMG_1654868976537.jpg\" data-link=\"https:\/\/ojer.pl\/?attachment_id=1325#main\" class=\"wp-image-1325\" srcset=\"https:\/\/ojer.pl\/wp-content\/uploads\/2022\/06\/FB_IMG_1654868976537.jpg 945w, https:\/\/ojer.pl\/wp-content\/uploads\/2022\/06\/FB_IMG_1654868976537-300x300.jpg 300w, https:\/\/ojer.pl\/wp-content\/uploads\/2022\/06\/FB_IMG_1654868976537-150x150.jpg 150w, https:\/\/ojer.pl\/wp-content\/uploads\/2022\/06\/FB_IMG_1654868976537-768x766.jpg 768w, https:\/\/ojer.pl\/wp-content\/uploads\/2022\/06\/FB_IMG_1654868976537-120x120.jpg 120w, https:\/\/ojer.pl\/wp-content\/uploads\/2022\/06\/FB_IMG_1654868976537-105x105.jpg 105w, https:\/\/ojer.pl\/wp-content\/uploads\/2022\/06\/FB_IMG_1654868976537-570x570.jpg 570w, https:\/\/ojer.pl\/wp-content\/uploads\/2022\/06\/FB_IMG_1654868976537-380x380.jpg 380w, https:\/\/ojer.pl\/wp-content\/uploads\/2022\/06\/FB_IMG_1654868976537-285x285.jpg 285w\" sizes=\"auto, (max-width: 945px) 100vw, 945px\" \/><\/a><\/figure><\/li><\/ul><\/figure>\n\n\n<p><\/p>\n<p><\/p><center><a href=\"http:\/\/ojer.pl\/wp-content\/uploads\/2018\/07\/13178611_224197467960041_6000802880323726106_n.png\"><img loading=\"lazy\" decoding=\"async\" class=\"alignnone size-medium wp-image-458\" src=\"http:\/\/ojer.pl\/wp-content\/uploads\/2018\/07\/13178611_224197467960041_6000802880323726106_n-212x300.png\" alt=\"\" width=\"212\" height=\"300\" srcset=\"https:\/\/ojer.pl\/wp-content\/uploads\/2018\/07\/13178611_224197467960041_6000802880323726106_n-212x300.png 212w, https:\/\/ojer.pl\/wp-content\/uploads\/2018\/07\/13178611_224197467960041_6000802880323726106_n.png 339w\" sizes=\"auto, (max-width: 212px) 100vw, 212px\" \/><\/a><a href=\"http:\/\/ojer.pl\/wp-content\/uploads\/2018\/07\/13669050_625514490960336_6976227281920568874_n.png\"><img loading=\"lazy\" decoding=\"async\" class=\"alignnone size-medium wp-image-459\" src=\"http:\/\/ojer.pl\/wp-content\/uploads\/2018\/07\/13669050_625514490960336_6976227281920568874_n-212x300.png\" alt=\"\" width=\"212\" height=\"300\" srcset=\"https:\/\/ojer.pl\/wp-content\/uploads\/2018\/07\/13669050_625514490960336_6976227281920568874_n-212x300.png 212w, https:\/\/ojer.pl\/wp-content\/uploads\/2018\/07\/13669050_625514490960336_6976227281920568874_n.png 339w\" sizes=\"auto, (max-width: 212px) 100vw, 212px\" \/><\/a><a href=\"http:\/\/ojer.pl\/wp-content\/uploads\/2018\/07\/14724499_679004718944646_3743131314986432497_n.png\"><img loading=\"lazy\" decoding=\"async\" class=\"alignnone size-medium wp-image-460\" src=\"http:\/\/ojer.pl\/wp-content\/uploads\/2018\/07\/14724499_679004718944646_3743131314986432497_n-212x300.png\" alt=\"\" width=\"212\" height=\"300\" srcset=\"https:\/\/ojer.pl\/wp-content\/uploads\/2018\/07\/14724499_679004718944646_3743131314986432497_n-212x300.png 212w, https:\/\/ojer.pl\/wp-content\/uploads\/2018\/07\/14724499_679004718944646_3743131314986432497_n.png 339w\" sizes=\"auto, (max-width: 212px) 100vw, 212px\" \/><\/a><a href=\"http:\/\/ojer.pl\/wp-content\/uploads\/2018\/07\/14910384_1257450190979586_7969448093728958670_n.png\"><img loading=\"lazy\" decoding=\"async\" class=\"alignnone size-medium wp-image-461\" src=\"http:\/\/ojer.pl\/wp-content\/uploads\/2018\/07\/14910384_1257450190979586_7969448093728958670_n-212x300.png\" alt=\"\" width=\"212\" height=\"300\" srcset=\"https:\/\/ojer.pl\/wp-content\/uploads\/2018\/07\/14910384_1257450190979586_7969448093728958670_n-212x300.png 212w, https:\/\/ojer.pl\/wp-content\/uploads\/2018\/07\/14910384_1257450190979586_7969448093728958670_n.png 339w\" sizes=\"auto, (max-width: 212px) 100vw, 212px\" \/><\/a><a href=\"http:\/\/ojer.pl\/wp-content\/uploads\/2018\/07\/o\u017cywiamy-zabawki-1.png\"><img loading=\"lazy\" decoding=\"async\" class=\"alignnone size-medium wp-image-462\" src=\"http:\/\/ojer.pl\/wp-content\/uploads\/2018\/07\/o\u017cywiamy-zabawki-1-212x300.png\" alt=\"\" width=\"212\" height=\"300\" srcset=\"https:\/\/ojer.pl\/wp-content\/uploads\/2018\/07\/o\u017cywiamy-zabawki-1-212x300.png 212w, https:\/\/ojer.pl\/wp-content\/uploads\/2018\/07\/o\u017cywiamy-zabawki-1.png 413w\" sizes=\"auto, (max-width: 212px) 100vw, 212px\" \/><\/a><a href=\"http:\/\/ojer.pl\/wp-content\/uploads\/2018\/07\/plakat13-2.png\"><img loading=\"lazy\" decoding=\"async\" class=\"alignnone size-medium wp-image-463\" src=\"http:\/\/ojer.pl\/wp-content\/uploads\/2018\/07\/plakat13-2-212x300.png\" alt=\"\" width=\"212\" height=\"300\" srcset=\"https:\/\/ojer.pl\/wp-content\/uploads\/2018\/07\/plakat13-2-212x300.png 212w, https:\/\/ojer.pl\/wp-content\/uploads\/2018\/07\/plakat13-2.png 339w\" sizes=\"auto, (max-width: 212px) 100vw, 212px\" \/><\/a><a href=\"http:\/\/ojer.pl\/wp-content\/uploads\/2018\/07\/pluszaki2-1.png\"><img loading=\"lazy\" decoding=\"async\" class=\"alignnone size-medium wp-image-464\" src=\"http:\/\/ojer.pl\/wp-content\/uploads\/2018\/07\/pluszaki2-1-212x300.png\" alt=\"\" width=\"212\" height=\"300\" srcset=\"https:\/\/ojer.pl\/wp-content\/uploads\/2018\/07\/pluszaki2-1-212x300.png 212w, https:\/\/ojer.pl\/wp-content\/uploads\/2018\/07\/pluszaki2-1.png 413w\" sizes=\"auto, (max-width: 212px) 100vw, 212px\" \/><\/a><a href=\"https:\/\/ojer.pl\/wp-content\/uploads\/2018\/07\/13669050_625514490960336_6976227281920568874_n.png\"><img loading=\"lazy\" decoding=\"async\" class=\"alignnone size-medium wp-image-459\" src=\"https:\/\/ojer.pl\/wp-content\/uploads\/2018\/07\/13669050_625514490960336_6976227281920568874_n-212x300.png\" alt=\"\" width=\"212\" height=\"300\" srcset=\"https:\/\/ojer.pl\/wp-content\/uploads\/2018\/07\/13669050_625514490960336_6976227281920568874_n-212x300.png 212w, https:\/\/ojer.pl\/wp-content\/uploads\/2018\/07\/13669050_625514490960336_6976227281920568874_n.png 339w\" sizes=\"auto, (max-width: 212px) 100vw, 212px\" \/><\/a><a href=\"https:\/\/ojer.pl\/wp-content\/uploads\/2018\/09\/40353206_1087365184775262_8863635527581040640_n_renamed_32761.jpg\"><img loading=\"lazy\" decoding=\"async\" class=\"alignnone size-medium wp-image-779\" src=\"https:\/\/ojer.pl\/wp-content\/uploads\/2018\/09\/40353206_1087365184775262_8863635527581040640_n_renamed_32761-212x300.jpg\" alt=\"\" width=\"212\" height=\"300\" srcset=\"https:\/\/ojer.pl\/wp-content\/uploads\/2018\/09\/40353206_1087365184775262_8863635527581040640_n_renamed_32761-212x300.jpg 212w, https:\/\/ojer.pl\/wp-content\/uploads\/2018\/09\/40353206_1087365184775262_8863635527581040640_n_renamed_32761.jpg 314w\" sizes=\"auto, (max-width: 212px) 100vw, 212px\" \/><\/a><a href=\"https:\/\/ojer.pl\/wp-content\/uploads\/2019\/09\/68596743_1332195440292234_7160951994268516352_n.jpg\"><img loading=\"lazy\" decoding=\"async\" class=\"alignnone  wp-image-859\" src=\"https:\/\/ojer.pl\/wp-content\/uploads\/2019\/09\/68596743_1332195440292234_7160951994268516352_n-212x300.jpg\" alt=\"\" width=\"447\" height=\"633\" srcset=\"https:\/\/ojer.pl\/wp-content\/uploads\/2019\/09\/68596743_1332195440292234_7160951994268516352_n-212x300.jpg 212w, https:\/\/ojer.pl\/wp-content\/uploads\/2019\/09\/68596743_1332195440292234_7160951994268516352_n.jpg 679w\" sizes=\"auto, (max-width: 447px) 100vw, 447px\" \/><\/a><\/center><center><a href=\"https:\/\/ojer.pl\/wp-content\/uploads\/2019\/09\/69176889_1340644046114040_1960985787071725568_n.jpg\"><img loading=\"lazy\" decoding=\"async\" class=\"alignnone  wp-image-860\" src=\"https:\/\/ojer.pl\/wp-content\/uploads\/2019\/09\/69176889_1340644046114040_1960985787071725568_n-212x300.jpg\" alt=\"\" width=\"450\" height=\"636\" srcset=\"https:\/\/ojer.pl\/wp-content\/uploads\/2019\/09\/69176889_1340644046114040_1960985787071725568_n-212x300.jpg 212w, https:\/\/ojer.pl\/wp-content\/uploads\/2019\/09\/69176889_1340644046114040_1960985787071725568_n.jpg 679w\" sizes=\"auto, (max-width: 450px) 100vw, 450px\" \/><\/a><\/center><center><\/center><p><\/p>\n\n\n<div class=\"wp-block-image is-style-default\"><figure class=\"aligncenter size-full is-resized\"><a href=\"https:\/\/ojer.pl\/wp-content\/uploads\/2021\/12\/images-8.jpg\"><img loading=\"lazy\" decoding=\"async\" src=\"https:\/\/ojer.pl\/wp-content\/uploads\/2021\/12\/images-8.jpg\" alt=\"\" class=\"wp-image-987\" width=\"418\" height=\"744\"\/><\/a><\/figure><\/div>\n\n\n\n<div class=\"wp-block-image is-style-default\"><figure class=\"aligncenter size-full is-resized\"><a href=\"https:\/\/ojer.pl\/wp-content\/uploads\/2021\/12\/pobierz-1-1.jpg\"><img loading=\"lazy\" decoding=\"async\" src=\"https:\/\/ojer.pl\/wp-content\/uploads\/2021\/12\/pobierz-1-1.jpg\" alt=\"\" class=\"wp-image-988\" width=\"420\" height=\"297\"\/><\/a><\/figure><\/div>\n\n\n\n<div class=\"wp-block-columns is-layout-flex wp-container-core-columns-is-layout-9d6595d7 wp-block-columns-is-layout-flex\">\n<div class=\"wp-block-column is-layout-flow wp-block-column-is-layout-flow\" style=\"flex-basis:100%\">\n<div class=\"wp-block-image is-style-default\"><figure class=\"aligncenter size-large is-resized\"><a href=\"https:\/\/ojer.pl\/wp-content\/uploads\/2021\/12\/woda-1.jpg\"><img loading=\"lazy\" decoding=\"async\" src=\"https:\/\/ojer.pl\/wp-content\/uploads\/2021\/12\/woda-1-724x1024.jpg\" alt=\"\" class=\"wp-image-990\" width=\"430\" height=\"609\" srcset=\"https:\/\/ojer.pl\/wp-content\/uploads\/2021\/12\/woda-1-724x1024.jpg 724w, https:\/\/ojer.pl\/wp-content\/uploads\/2021\/12\/woda-1-212x300.jpg 212w, https:\/\/ojer.pl\/wp-content\/uploads\/2021\/12\/woda-1-768x1086.jpg 768w, https:\/\/ojer.pl\/wp-content\/uploads\/2021\/12\/woda-1-1086x1536.jpg 1086w, https:\/\/ojer.pl\/wp-content\/uploads\/2021\/12\/woda-1.jpg 1389w\" sizes=\"auto, (max-width: 430px) 100vw, 430px\" \/><\/a><\/figure><\/div>\n<\/div>\n<\/div>\n\n\n\n<div class=\"wp-block-image is-style-default\"><figure class=\"aligncenter size-large is-resized\"><a href=\"https:\/\/ojer.pl\/wp-content\/uploads\/2021\/12\/Wawer_Wolontariusze_Szyja_Maseczki_3-1.png\"><img loading=\"lazy\" decoding=\"async\" src=\"https:\/\/ojer.pl\/wp-content\/uploads\/2021\/12\/Wawer_Wolontariusze_Szyja_Maseczki_3-1-709x1024.png\" alt=\"\" class=\"wp-image-991\" width=\"431\" height=\"620\"\/><\/a><\/figure><\/div>\n\n\n\n<p class=\"has-text-align-center\" style=\"font-size:30px\"><strong>To tylko niekt\u00f3re plakaty opisuj\u0105ce nasze wsp\u00f3lne dzia\u0142ania.<\/strong><\/p>\n\n\n\n<div class=\"wp-block-image is-style-default\"><figure class=\"aligncenter size-full is-resized\"><a href=\"https:\/\/ojer.pl\/wp-content\/uploads\/2019\/09\/55575809_1218695098308936_8070563343858925568_n.jpg\"><img loading=\"lazy\" decoding=\"async\" src=\"https:\/\/ojer.pl\/wp-content\/uploads\/2019\/09\/55575809_1218695098308936_8070563343858925568_n.jpg\" alt=\"\" class=\"wp-image-857\" width=\"491\" height=\"491\" srcset=\"https:\/\/ojer.pl\/wp-content\/uploads\/2019\/09\/55575809_1218695098308936_8070563343858925568_n.jpg 960w, https:\/\/ojer.pl\/wp-content\/uploads\/2019\/09\/55575809_1218695098308936_8070563343858925568_n-150x150.jpg 150w, https:\/\/ojer.pl\/wp-content\/uploads\/2019\/09\/55575809_1218695098308936_8070563343858925568_n-300x300.jpg 300w, https:\/\/ojer.pl\/wp-content\/uploads\/2019\/09\/55575809_1218695098308936_8070563343858925568_n-768x768.jpg 768w, https:\/\/ojer.pl\/wp-content\/uploads\/2019\/09\/55575809_1218695098308936_8070563343858925568_n-120x120.jpg 120w, https:\/\/ojer.pl\/wp-content\/uploads\/2019\/09\/55575809_1218695098308936_8070563343858925568_n-105x105.jpg 105w, https:\/\/ojer.pl\/wp-content\/uploads\/2019\/09\/55575809_1218695098308936_8070563343858925568_n-570x570.jpg 570w, https:\/\/ojer.pl\/wp-content\/uploads\/2019\/09\/55575809_1218695098308936_8070563343858925568_n-380x380.jpg 380w, https:\/\/ojer.pl\/wp-content\/uploads\/2019\/09\/55575809_1218695098308936_8070563343858925568_n-285x285.jpg 285w\" sizes=\"auto, (max-width: 491px) 100vw, 491px\" \/><\/a><\/figure><\/div>\n\n\n\n<div class=\"wp-block-image is-style-default\"><figure class=\"aligncenter size-full\"><a href=\"https:\/\/ojer.pl\/wp-content\/uploads\/2018\/09\/40353206_1087365184775262_8863635527581040640_n.jpg\"><img decoding=\"async\" src=\"https:\/\/ojer.pl\/wp-content\/uploads\/2018\/09\/40353206_1087365184775262_8863635527581040640_n.jpg\" alt=\"\" class=\"wp-image-772\"\/><\/a><\/figure><\/div>\n\n\n\n<div class=\"wp-block-image is-style-default\"><figure class=\"aligncenter size-full\"><a href=\"https:\/\/ojer.pl\/wp-content\/uploads\/2018\/07\/pluszaki2-1.png\"><img loading=\"lazy\" decoding=\"async\" width=\"413\" height=\"584\" src=\"https:\/\/ojer.pl\/wp-content\/uploads\/2018\/07\/pluszaki2-1.png\" alt=\"\" class=\"wp-image-464\" srcset=\"https:\/\/ojer.pl\/wp-content\/uploads\/2018\/07\/pluszaki2-1.png 413w, https:\/\/ojer.pl\/wp-content\/uploads\/2018\/07\/pluszaki2-1-212x300.png 212w\" sizes=\"auto, (max-width: 413px) 100vw, 413px\" \/><\/a><\/figure><\/div>\n\n\n\n<div class=\"wp-block-image is-style-default\"><figure class=\"aligncenter size-full is-resized\"><a href=\"https:\/\/ojer.pl\/wp-content\/uploads\/2019\/01\/48384805_1157641227747657_4183899540509687808_n.jpg\"><img loading=\"lazy\" decoding=\"async\" src=\"https:\/\/ojer.pl\/wp-content\/uploads\/2019\/01\/48384805_1157641227747657_4183899540509687808_n.jpg\" alt=\"\" class=\"wp-image-821\" width=\"429\" height=\"536\" srcset=\"https:\/\/ojer.pl\/wp-content\/uploads\/2019\/01\/48384805_1157641227747657_4183899540509687808_n.jpg 768w, https:\/\/ojer.pl\/wp-content\/uploads\/2019\/01\/48384805_1157641227747657_4183899540509687808_n-240x300.jpg 240w\" sizes=\"auto, (max-width: 429px) 100vw, 429px\" \/><\/a><\/figure><\/div>\n\n\n\n<div class=\"wp-block-image is-style-default\"><figure class=\"aligncenter size-large is-resized\"><a href=\"https:\/\/ojer.pl\/wp-content\/uploads\/2022\/01\/received_4478206762291582-1.jpeg\"><img loading=\"lazy\" decoding=\"async\" src=\"https:\/\/ojer.pl\/wp-content\/uploads\/2022\/01\/received_4478206762291582-1-724x1024.jpeg\" alt=\"\" class=\"wp-image-1233\" width=\"460\" height=\"650\" srcset=\"https:\/\/ojer.pl\/wp-content\/uploads\/2022\/01\/received_4478206762291582-1-724x1024.jpeg 724w, https:\/\/ojer.pl\/wp-content\/uploads\/2022\/01\/received_4478206762291582-1-212x300.jpeg 212w, https:\/\/ojer.pl\/wp-content\/uploads\/2022\/01\/received_4478206762291582-1-768x1086.jpeg 768w, https:\/\/ojer.pl\/wp-content\/uploads\/2022\/01\/received_4478206762291582-1-1086x1536.jpeg 1086w, https:\/\/ojer.pl\/wp-content\/uploads\/2022\/01\/received_4478206762291582-1.jpeg 1414w\" sizes=\"auto, (max-width: 460px) 100vw, 460px\" \/><\/a><\/figure><\/div>\n\n\n\n<div class=\"wp-block-image is-style-default\"><figure class=\"aligncenter size-large is-resized\"><a href=\"https:\/\/ojer.pl\/wp-content\/uploads\/2021\/12\/FB_IMG_1638979719356.jpg\"><img loading=\"lazy\" decoding=\"async\" src=\"https:\/\/ojer.pl\/wp-content\/uploads\/2021\/12\/FB_IMG_1638979719356-1024x1024.jpg\" alt=\"\" class=\"wp-image-1079\" width=\"456\" height=\"456\" srcset=\"https:\/\/ojer.pl\/wp-content\/uploads\/2021\/12\/FB_IMG_1638979719356-1024x1024.jpg 1024w, https:\/\/ojer.pl\/wp-content\/uploads\/2021\/12\/FB_IMG_1638979719356-300x300.jpg 300w, https:\/\/ojer.pl\/wp-content\/uploads\/2021\/12\/FB_IMG_1638979719356-150x150.jpg 150w, https:\/\/ojer.pl\/wp-content\/uploads\/2021\/12\/FB_IMG_1638979719356-768x768.jpg 768w, https:\/\/ojer.pl\/wp-content\/uploads\/2021\/12\/FB_IMG_1638979719356-120x120.jpg 120w, https:\/\/ojer.pl\/wp-content\/uploads\/2021\/12\/FB_IMG_1638979719356-105x105.jpg 105w, https:\/\/ojer.pl\/wp-content\/uploads\/2021\/12\/FB_IMG_1638979719356-570x570.jpg 570w, https:\/\/ojer.pl\/wp-content\/uploads\/2021\/12\/FB_IMG_1638979719356-380x380.jpg 380w, https:\/\/ojer.pl\/wp-content\/uploads\/2021\/12\/FB_IMG_1638979719356-285x285.jpg 285w, https:\/\/ojer.pl\/wp-content\/uploads\/2021\/12\/FB_IMG_1638979719356.jpg 1080w\" sizes=\"auto, (max-width: 456px) 100vw, 456px\" \/><\/a><\/figure><\/div>\n","protected":false},"excerpt":{"rendered":"<p>To tylko niekt\u00f3re plakaty opisuj\u0105ce nasze wsp\u00f3lne dzia\u0142ania.<\/p>\n","protected":false},"author":1,"featured_media":0,"parent":0,"menu_order":0,"comment_status":"closed","ping_status":"closed","template":"","meta":{"footnotes":""},"class_list":["post-129","page","type-page","status-publish","hentry"],"_links":{"self":[{"href":"https:\/\/ojer.pl\/index.php?rest_route=\/wp\/v2\/pages\/129","targetHints":{"allow":["GET"]}}],"collection":[{"href":"https:\/\/ojer.pl\/index.php?rest_route=\/wp\/v2\/pages"}],"about":[{"href":"https:\/\/ojer.pl\/index.php?rest_route=\/wp\/v2\/types\/page"}],"author":[{"embeddable":true,"href":"https:\/\/ojer.pl\/index.php?rest_route=\/wp\/v2\/users\/1"}],"replies":[{"embeddable":true,"href":"https:\/\/ojer.pl\/index.php?rest_route=%2Fwp%2Fv2%2Fcomments&post=129"}],"version-history":[{"count":36,"href":"https:\/\/ojer.pl\/index.php?rest_route=\/wp\/v2\/pages\/129\/revisions"}],"predecessor-version":[{"id":1691,"href":"https:\/\/ojer.pl\/index.php?rest_route=\/wp\/v2\/pages\/129\/revisions\/1691"}],"wp:attachment":[{"href":"https:\/\/ojer.pl\/index.php?rest_route=%2Fwp%2Fv2%2Fmedia&parent=129"}],"curies":[{"name":"wp","href":"https:\/\/api.w.org\/{rel}","templated":true}]}}