{"id":1286,"date":"2022-05-17T23:15:29","date_gmt":"2022-05-17T21:15:29","guid":{"rendered":"https:\/\/ojer.pl\/?page_id=1286"},"modified":"2022-06-26T19:39:39","modified_gmt":"2022-06-26T17:39:39","slug":"poznaj-swojego-sasiada-w-wawrze","status":"publish","type":"page","link":"https:\/\/ojer.pl\/?page_id=1286","title":{"rendered":"Poznaj Swojego S\u0105siada w Wawrze"},"content":{"rendered":"\n<blockquote class=\"wp-block-quote is-layout-flow wp-block-quote-is-layout-flow\"><p> <strong>Rozmowy z mieszka\u0144cami naszego Wawra. Zapraszam do poznania naszych s\u0105siad\u00f3w.. Projekt rozpocz\u0119\u0142am w 2022 rok i b\u0119d\u0119 uzupe\u0142nia\u0107 na bie\u017c\u0105co po spotkaniach z mieszka\u0144cami. <\/strong><\/p><\/blockquote>\n\n\n\n<div class=\"wp-block-media-text alignwide is-stacked-on-mobile\" style=\"grid-template-columns:48% auto\"><figure class=\"wp-block-media-text__media\"><img loading=\"lazy\" decoding=\"async\" width=\"1024\" height=\"768\" src=\"https:\/\/ojer.pl\/wp-content\/uploads\/2022\/06\/FB_IMG_1654868608663-1024x768.jpg\" alt=\"\" class=\"wp-image-1343 size-full\" srcset=\"https:\/\/ojer.pl\/wp-content\/uploads\/2022\/06\/FB_IMG_1654868608663-1024x768.jpg 1024w, https:\/\/ojer.pl\/wp-content\/uploads\/2022\/06\/FB_IMG_1654868608663-300x225.jpg 300w, https:\/\/ojer.pl\/wp-content\/uploads\/2022\/06\/FB_IMG_1654868608663-768x576.jpg 768w, https:\/\/ojer.pl\/wp-content\/uploads\/2022\/06\/FB_IMG_1654868608663-380x285.jpg 380w, https:\/\/ojer.pl\/wp-content\/uploads\/2022\/06\/FB_IMG_1654868608663-285x214.jpg 285w, https:\/\/ojer.pl\/wp-content\/uploads\/2022\/06\/FB_IMG_1654868608663.jpg 1080w\" sizes=\"auto, (max-width: 1024px) 100vw, 1024px\" \/><\/figure><div class=\"wp-block-media-text__content\">\n<blockquote class=\"wp-block-quote is-layout-flow wp-block-quote-is-layout-flow\"><p>#PoznajSwojegoS\u0105siadawWawrze<\/p><p>Kasia Mioda &#8211; dziewczyna z pasj\u0105 do ksi\u0105\u017cek dla dzieci go\u015bci\u0142a mnie dzisiaj w swoim domu i opowiada\u0142a o swojej pasji.<\/p><p>Dzisiaj przedstwiam Wam pasjonatk\u0119 literatury dzieci\u0119cej, blogerk\u0119, w\u0142a\u015bcicielk\u0119 ksi\u0119garni na Marysinie Wawerskim. Kasia Mioda jest pierwsz\u0105, do kt\u00f3rej zapuka\u0142am i chcia\u0142am Wam przedstawi\u0107. Zacz\u0119\u0142am&nbsp; nie\u015bmia\u0142o, bo ze mnie typ nie\u015bmia\u0142y, ale atmosfera i rozmowa z Kasi\u0105 zesz\u0142a na tak wiele temat\u00f3w, jakby\u015bmy si\u0119 zna\u0142y od dawna. \ud83d\ude42 Ale wracaj\u0105c do tematu &#8211; co robi nasza Kasia Mioda<\/p><p>Kasia prowadzi bloga o ksi\u0105\u017ckach dla dzieci i ksi\u0119garni\u0119 internetow\u0105&nbsp;<a href=\"http:\/\/www.strefapsotnika.pl\/\">www.StrefaPsotnika.pl<\/a><br>Na blogu znajdziecie, opatrzone pi\u0119knymi zdj\u0119ciami, recenzje wyj\u0105tkowych ksi\u0105\u017cek, takich kt\u00f3re trudno znale\u017a\u0107 w znanych nam sklepach sieciowych. Kasia stawia na wyj\u0105tkowo\u015b\u0107 i wyszukuje prawdziwe pere\u0142ki. Robi to z pasj\u0105 i zami\u0142owaniem do ksi\u0105\u017cek i do dzieci.&nbsp; Opr\u00f3cz dzia\u0142alno\u015bci w internecie, Kasia ma te\u017c cudowne miejsce pe\u0142ne literatury i ksi\u0105\u017ckowych gad\u017cet\u00f3w na literacko brzmi\u0105cej ulicy Kr\u00f3la Maciusia\ud83d\ude42Zawsze mo\u017cecie zadzwoni\u0107 i um\u00f3wi\u0107 si\u0119 na spotkanie w jej ksi\u0119garni stacjonarnej. Kasia doradzi i dopasuje ksi\u0105\u017ck\u0119 do Waszego dziecka.<br><br><a href=\"https:\/\/www.strefapsotnika.pl\/tag\/blog-o-ksiazkach-dla-dzieci\/\">https:\/\/www.strefapsotnika.pl\/tag\/blog-o-ksiazkach-dla-dzieci\/<\/a><\/p><\/blockquote>\n<\/div><\/div>\n\n\n\n<div class=\"wp-block-media-text alignwide is-stacked-on-mobile\"><figure class=\"wp-block-media-text__media\"><img loading=\"lazy\" decoding=\"async\" width=\"576\" height=\"1024\" src=\"https:\/\/ojer.pl\/wp-content\/uploads\/2022\/06\/FB_IMG_1654868603881-576x1024.jpg\" alt=\"\" class=\"wp-image-1339 size-full\" srcset=\"https:\/\/ojer.pl\/wp-content\/uploads\/2022\/06\/FB_IMG_1654868603881-576x1024.jpg 576w, https:\/\/ojer.pl\/wp-content\/uploads\/2022\/06\/FB_IMG_1654868603881-169x300.jpg 169w, https:\/\/ojer.pl\/wp-content\/uploads\/2022\/06\/FB_IMG_1654868603881-768x1365.jpg 768w, https:\/\/ojer.pl\/wp-content\/uploads\/2022\/06\/FB_IMG_1654868603881-864x1536.jpg 864w, https:\/\/ojer.pl\/wp-content\/uploads\/2022\/06\/FB_IMG_1654868603881.jpg 1080w\" sizes=\"auto, (max-width: 576px) 100vw, 576px\" \/><\/figure><div class=\"wp-block-media-text__content\">\n<blockquote class=\"wp-block-quote is-layout-flow wp-block-quote-is-layout-flow\"><p>Poznaj Swojego S\u0105siada w Wawrze cz.2 <\/p><p>Dzisiaj by\u0142am w odwiedzinach u kolejnej niesamowitej kobiety mieszkaj\u0105cej w Wawrze. Anna Beck , Ania, kt\u00f3ra zostawia\u0142a korpo, zaryzykowa\u0142a wszystko aby zrealizowa\u0107 swoj\u0105 wizj\u0119. A wizja przysz\u0142a jak to nieraz bywa bo i potrzeb\u0119 Ania sama mia\u0142a. Dw\u00f3jka dzieci, wag\u0105 nie taka jakby si\u0119 chcia\u0142o&#8230;I szuka\u0142a Ania czego\u015b wyj\u0105tkowego, co pomog\u0142o by wymodelowa\u0107 sylwetk\u0119, schowa\u0107 to i owo \ud83d\ude42&nbsp; ale by\u0142o by tez wygodne. A chodzi tu o gorsety ale nie takie jakie\u015b sztywne, nieoddychaj\u0105ce przeszkadzaj\u0105ce w poruszaniu ( mi tak si\u0119 kojarzy\u0142y ) ale o wygodne, &#8222;oddychaj\u0105ce&#8221;, modeluj\u0105ce sylwetk\u0119. Gorsety takie na g\u00f3r\u0119 i d\u00f3\u0142 cia\u0142a:). Ania zrealizowa\u0142a sw\u00f3j plan i&nbsp; dzisiaj ma dwa sklepy&nbsp; a jeden w Wawrze. <\/p><p>https:\/\/www.facebook.com\/justbeckcompl\/<\/p><\/blockquote>\n<\/div><\/div>\n\n\n\n<div class=\"wp-block-media-text alignwide is-stacked-on-mobile\"><figure class=\"wp-block-media-text__media\"><img loading=\"lazy\" decoding=\"async\" width=\"420\" height=\"394\" src=\"https:\/\/ojer.pl\/wp-content\/uploads\/2022\/06\/FB_IMG_1654868598708-1.jpg\" alt=\"\" class=\"wp-image-1342 size-full\" srcset=\"https:\/\/ojer.pl\/wp-content\/uploads\/2022\/06\/FB_IMG_1654868598708-1.jpg 420w, https:\/\/ojer.pl\/wp-content\/uploads\/2022\/06\/FB_IMG_1654868598708-1-300x281.jpg 300w\" sizes=\"auto, (max-width: 420px) 100vw, 420px\" \/><\/figure><div class=\"wp-block-media-text__content\">\n<blockquote class=\"wp-block-quote is-layout-flow wp-block-quote-is-layout-flow\"><p>#PoznajSwojegoS\u0105siadawWawrze<\/p><p>Poznajcie Agnieszka Szczepaniak&nbsp;<\/p><p>Nie \u0142atwo jest porzuci\u0107 korporacje i sta\u0142e dochody aby realizowa\u0107 swoje marzenia, sw\u00f3j pomys\u0142 na zmian\u0119 \u017cycia. Trzeba mie\u0107 odwag\u0119 aby wyj\u015b\u0107 ze swojej strefy komfortu i zaryzykowa\u0107. \u017bycie rzuca nam k\u0142ody pod nogi ale to od nas zale\u017cy jak je pokonamy \ud83d\udcaai co dalej zrobimy z \u017cyciem.<br>Agnieszka Szczepaniak i Magda Cichocka &#8211; obie dziewczyny, kiedy\u015b pracuj\u0105ce w finansach, postanowi\u0142y zmieni\u0107 swoje \u017cycie i zbudowa\u0142y MAGICZNE miejsce. Kosmicznie wygl\u0105daj\u0105ce sprz\u0119ty pomagaj\u0105 nie tylko WYMODELOWA\u0106 SYLWETK\u0118 ale tak\u017ce poprawi\u0107 kondycj\u0119 fizyczn\u0105 i psychiczn\u0105.  Atmosfera jest bardzo przyjazna i komfortowa. <br>Agnieszka jest MIESZKANK\u0104&nbsp; WAWRA, dzia\u0142a lokalnie &#8211; dwa lata temu wraz z Rodzin\u0105 lokalnie szy\u0142a maseczki dla potrzebuj\u0105cych a teraz tutaj w Wawrze stworzy\u0142a to miejsce wraz z Magd\u0105.<br>Agnieszka, Magda \u2764\ufe0f<br>powodzenia dla WAS w dalszych dzia\u0142aniach w Wawrze \ud83d\udcaa<br>@modelowanie-sylwetki<br><a href=\"https:\/\/www.facebook.com\/Modelowanie-Sylwetki-Wawer-101096555690380\/\">https:\/\/www.facebook.com\/Modelowanie-Sylwetki-Wawer-101096555690380\/<\/a><\/p><\/blockquote>\n<\/div><\/div>\n\n\n\n<p><\/p>\n\n\n\n<div class=\"wp-block-media-text alignwide is-stacked-on-mobile\"><figure class=\"wp-block-media-text__media\"><img loading=\"lazy\" decoding=\"async\" width=\"960\" height=\"691\" src=\"https:\/\/ojer.pl\/wp-content\/uploads\/2022\/06\/FB_IMG_1654868593990-1.jpg\" alt=\"\" class=\"wp-image-1337 size-full\" srcset=\"https:\/\/ojer.pl\/wp-content\/uploads\/2022\/06\/FB_IMG_1654868593990-1.jpg 960w, https:\/\/ojer.pl\/wp-content\/uploads\/2022\/06\/FB_IMG_1654868593990-1-300x216.jpg 300w, https:\/\/ojer.pl\/wp-content\/uploads\/2022\/06\/FB_IMG_1654868593990-1-768x553.jpg 768w\" sizes=\"auto, (max-width: 960px) 100vw, 960px\" \/><\/figure><div class=\"wp-block-media-text__content\">\n<blockquote class=\"wp-block-quote is-layout-flow wp-block-quote-is-layout-flow\"><p>#PoznajSwojegoS\u0105siadawWawrze<br>#4<\/p><p>Dzisiaj przedstawi\u0119 Wam super energetyczne ma\u0142\u017ce\u0144stwo i ich pomys\u0142 na \u017cycie pod mark\u0105 #Zieli\u0144skiBag&nbsp;<br>Mo\u017cna do nich wpa\u015b\u0107 na zakupy:) mieszcz\u0105 si\u0119 w Mi\u0119dzylesiu. To spotkanie by\u0142o wyj\u0105tkowe bo zanim przeszli\u015bmy do rozm\u00f3w o torbach to rozmawiali\u015bmy o tym, kt\u00f3ry zjazd z g\u00f3rki na ogr\u00f3dku Jordanowskim by\u0142 najlepszy ( tubylcy wiedz\u0105 o co chodzi \ud83d\ude42 najlepszy ten z boku gdzie sanki wyskakiwa\u0142y w powietrze \ud83c\udf3c\ud83e\udd23), jak gra\u0142o si\u0119 w Kr\u00f3la w kosza na koszach w krzakach przy g\u00f3rce i tutaj posz\u0142y w ruch nasz wspomnienia ale dzi\u015b nie o tym. Dzisiaj o pi\u0119knych torbach kt\u00f3re razem z \u017con\u0105 robi Marcin Zieli\u0144ski. Pomys\u0142 na \u017cycie zrodzi\u0142 si\u0119 9 lat temu. Pami\u0119tam jak na placu zabaw z 8 lat temu Maricn opowiada\u0142 mi o torbach I o swoim pomy\u015bl\u0119 na \u017cycie. Torby s\u0105 na prawd\u0119 \u015bwietne, mo\u017cna przyj\u015b\u0107 i obejrze\u0107, pogada\u0107 z Marcinem i Magd\u0105, popatrze\u0107 jak powstaj\u0105 te cude\u0144ka.<br>To bardzo uzdolnione ma\u0142\u017ce\u0144stwo, Magda szyj\u0119 pi\u0119kne zabawki ( fotka nr 2). Maj\u0105 z\u0142ote r\u0119ce to co wychodzi spod ich r\u0105k jest pi\u0119kne. Polecam zajrzyjcie do nich.<br>#ZIELI\u0143SKIBag<br><a href=\"https:\/\/www.facebook.com\/zielinskibags\/\">https:\/\/www.facebook.com\/zielinskibags\/<\/a><\/p><\/blockquote>\n<\/div><\/div>\n\n\n\n<div class=\"wp-block-media-text alignwide is-stacked-on-mobile\"><figure class=\"wp-block-media-text__media\"><img loading=\"lazy\" decoding=\"async\" width=\"829\" height=\"960\" src=\"https:\/\/ojer.pl\/wp-content\/uploads\/2022\/06\/FB_IMG_1654941971233.jpg\" alt=\"\" class=\"wp-image-1348 size-full\" srcset=\"https:\/\/ojer.pl\/wp-content\/uploads\/2022\/06\/FB_IMG_1654941971233.jpg 829w, https:\/\/ojer.pl\/wp-content\/uploads\/2022\/06\/FB_IMG_1654941971233-259x300.jpg 259w, https:\/\/ojer.pl\/wp-content\/uploads\/2022\/06\/FB_IMG_1654941971233-768x889.jpg 768w\" sizes=\"auto, (max-width: 829px) 100vw, 829px\" \/><\/figure><div class=\"wp-block-media-text__content\">\n<blockquote class=\"wp-block-quote is-layout-flow wp-block-quote-is-layout-flow\"><p>#PoznajSwojegoS\u0105siadawWawrze<br>#5<\/p><p>KLUB SOSNOWY&nbsp; wiele os\u00f3b zna ale kto za nim stoi ? Nie ka\u017cdy ju\u017c wie.:)&nbsp; Dlatego dzisiaj poznajmy Wies\u0142aw Migut.<br>Wies\u0142aw to tw\u00f3rca tego wyj\u0105tkowego miejsca w Wawrze.<br>Wiecie, \u017ce tam mo\u017cna podjecha\u0107 rowerem, zje\u015b\u0107 pizze albo obiad, przep\u0142yn\u0105\u0107 dwa baseny, wpa\u015b\u0107 na masa\u017c, wypi\u0107 kawk\u0119 i zrelaksowanym wr\u00f3ci\u0107 rowerem do domu. Po prostu zosta\u0144 w Wawrze \ud83d\ude42 na weekend. Sk\u0105d pomys\u0142 na to miejsce? Najpierw budynek by\u0142 jeden, przyje\u017cd\u017ca\u0142y tu firmy na konferencje ale zainteresowanie tym miejsce ci\u0105gle ros\u0142o dlatego te\u017c i KLUB ur\u00f3s\u0142.&nbsp; KLUB, Hotel, basen, korty tenisowe ale te\u017c przyjazne miejsce w\u015br\u00f3d zieleni. Miejsce to istnieje od ponad 10 lat, odbywaj\u0105 si\u0119 tu \u015bluby, komunie, imprezy firmowe, urodziny, pikniki ale mo\u017cna przyj\u015b\u0107 tu po prostu na obiad ( zawsze lepiej zadzwoni\u0107 czy s\u0105 miejsca).<br>Wies\u0142aw mimo wk\u0142adania ca\u0142ego serca w KLUB nie zapomina o potrzebuj\u0105cych&nbsp; cz\u0119sto w\u0142\u0105cza si\u0119 w r\u00f3\u017cne akcje spo\u0142eczne. Dodam od siebie \u017ce zawsze mo\u017cna liczy\u0107 na wsparcie Wies\u0142awa, \u0142\u00f3\u017cka dla rodzic\u00f3w ze szpitala, sprz\u0119ty przer\u00f3\u017cne dla szpitali, woda dla pacjent\u00f3w szpitali w czasie covidu, pizza&nbsp; dla medyk\u00f3w, wsparanie bezdomnych. Mimo, \u017ce czas Covidu nie by\u0142 \u0142askawy dla Klubu to nadal mo\u017cna by\u0142o liczy\u0107 na jego pomoc. W ostatnim czasie Wies\u0142aw wspiera\u0142 i nadal wspiera uchod\u017ac\u00f3w z Ukrainy kiedy\u015b wspiera\u0142 z Bia\u0142orusi. Tam gdzie mo\u017ce tam pomaga. To jest taki dobry przyk\u0142ad kogo\u015b kto mimo prowadzenia takiego pi\u0119knego miejsca, osi\u0105gni\u0119cia biznesowego sukcesu widzi te\u017c potrzeby najbardziej potrzebuj\u0105cych.<br>Dzi\u0119ki za to co robisz Wies\u0142aw.<\/p><\/blockquote>\n<\/div><\/div>\n\n\n\n<div class=\"wp-block-media-text alignwide is-stacked-on-mobile\"><figure class=\"wp-block-media-text__media\"><img loading=\"lazy\" decoding=\"async\" width=\"658\" height=\"1024\" src=\"https:\/\/ojer.pl\/wp-content\/uploads\/2022\/06\/FB_IMG_1654868502730-658x1024.jpg\" alt=\"\" class=\"wp-image-1341 size-full\" srcset=\"https:\/\/ojer.pl\/wp-content\/uploads\/2022\/06\/FB_IMG_1654868502730-658x1024.jpg 658w, https:\/\/ojer.pl\/wp-content\/uploads\/2022\/06\/FB_IMG_1654868502730-193x300.jpg 193w, https:\/\/ojer.pl\/wp-content\/uploads\/2022\/06\/FB_IMG_1654868502730-768x1196.jpg 768w, https:\/\/ojer.pl\/wp-content\/uploads\/2022\/06\/FB_IMG_1654868502730-986x1536.jpg 986w, https:\/\/ojer.pl\/wp-content\/uploads\/2022\/06\/FB_IMG_1654868502730.jpg 1080w\" sizes=\"auto, (max-width: 658px) 100vw, 658px\" \/><\/figure><div class=\"wp-block-media-text__content\">\n<blockquote class=\"wp-block-quote is-layout-flow wp-block-quote-is-layout-flow\"><p>PoznajSwojegoS\u0105siadawWawrze<br>#6<\/p><p>Dzisiaj przedstawi\u0119 Wam:) Marika Jasi\u0144ska&nbsp; mieszka od zawsze w Wawrze i realizuje swoje palny \u017cyciowe i biznesowe.&nbsp; Marika to kolejna osoba, kt\u00f3ra zostawia\u0142a korporacje aby realizowa\u0107 swoje plany, aby zmieni\u0107 troch\u0119 swoje \u017cycie.<br>Jak sama m\u00f3wi od zawsze przygarnia\u0142a i zajmowa\u0142a sie bidami psami bezdomnymi potem by\u0142 wolontariat w schroniskach a od 4 lat pomaga z okie\u0142znaniem ps\u00f3w. Pe\u0142na zami\u0142owania i zrozumienia psychiki ps\u00f3w pomaga w trenowianiu na wy\u017cszym poziomie \ud83d\ude42 ale te\u017c pomaga w zwyk\u0142ych k\u0142opotach z psem. Jest \u0142\u0105cznikiem mi\u0119dzy psem a jego w\u0142a\u015bcicielem. Po rozmowie z Marik\u0105 pewne zachowania ps\u00f3w s\u0105 dla mnie ja\u015bniejsze. \ud83d\ude42<br>Marika trenuje psy indywidualnie i w grupach. Miejsce trening\u00f3w Mi\u0119dzylesie obok pa\u0142acyku przy \u017begabskiej.<br>Je\u017celi kto\u015b jest zainteresowany piszcie na priv do Mariki.<\/p><\/blockquote>\n\n\n\n<figure class=\"wp-block-embed\"><div class=\"wp-block-embed__wrapper\">\nhttps:\/\/www.facebook.com\/marika.jasinska.3\n<\/div><\/figure>\n<\/div><\/div>\n\n\n\n\n\n<div class=\"wp-block-media-text alignwide is-stacked-on-mobile\"><figure class=\"wp-block-media-text__media\"><img loading=\"lazy\" decoding=\"async\" width=\"896\" height=\"946\" src=\"https:\/\/ojer.pl\/wp-content\/uploads\/2022\/06\/FB_IMG_1656018348280-1.jpg\" alt=\"\" class=\"wp-image-1426 size-full\" srcset=\"https:\/\/ojer.pl\/wp-content\/uploads\/2022\/06\/FB_IMG_1656018348280-1.jpg 896w, https:\/\/ojer.pl\/wp-content\/uploads\/2022\/06\/FB_IMG_1656018348280-1-284x300.jpg 284w, https:\/\/ojer.pl\/wp-content\/uploads\/2022\/06\/FB_IMG_1656018348280-1-768x811.jpg 768w\" sizes=\"auto, (max-width: 896px) 100vw, 896px\" \/><\/figure><div class=\"wp-block-media-text__content\">\n<p class=\"has-large-font-size\"><\/p>\n<\/div><\/div>\n","protected":false},"excerpt":{"rendered":"<p>Rozmowy z mieszka\u0144cami naszego Wawra. Zapraszam do poznania naszych s\u0105siad\u00f3w.. Projekt rozpocz\u0119\u0142am w 2022 rok i b\u0119d\u0119 uzupe\u0142nia\u0107 na bie\u017c\u0105co po spotkaniach z mieszka\u0144cami. #PoznajSwojegoS\u0105siadawWawrze Kasia Mioda &#8211; dziewczyna z pasj\u0105 do ksi\u0105\u017cek dla dzieci go\u015bci\u0142a mnie dzisiaj w swoim domu i opowiada\u0142a o swojej pasji. Dzisiaj przedstwiam Wam pasjonatk\u0119 literatury dzieci\u0119cej, blogerk\u0119, w\u0142a\u015bcicielk\u0119 ksi\u0119garni<\/p>\n<p class=\"more-link\"><a href=\"https:\/\/ojer.pl\/?page_id=1286\" class=\"themebutton\">Read More<\/a><\/p>\n","protected":false},"author":1,"featured_media":0,"parent":0,"menu_order":0,"comment_status":"closed","ping_status":"closed","template":"","meta":{"footnotes":""},"class_list":["post-1286","page","type-page","status-publish","hentry"],"_links":{"self":[{"href":"https:\/\/ojer.pl\/index.php?rest_route=\/wp\/v2\/pages\/1286","targetHints":{"allow":["GET"]}}],"collection":[{"href":"https:\/\/ojer.pl\/index.php?rest_route=\/wp\/v2\/pages"}],"about":[{"href":"https:\/\/ojer.pl\/index.php?rest_route=\/wp\/v2\/types\/page"}],"author":[{"embeddable":true,"href":"https:\/\/ojer.pl\/index.php?rest_route=\/wp\/v2\/users\/1"}],"replies":[{"embeddable":true,"href":"https:\/\/ojer.pl\/index.php?rest_route=%2Fwp%2Fv2%2Fcomments&post=1286"}],"version-history":[{"count":20,"href":"https:\/\/ojer.pl\/index.php?rest_route=\/wp\/v2\/pages\/1286\/revisions"}],"predecessor-version":[{"id":1428,"href":"https:\/\/ojer.pl\/index.php?rest_route=\/wp\/v2\/pages\/1286\/revisions\/1428"}],"wp:attachment":[{"href":"https:\/\/ojer.pl\/index.php?rest_route=%2Fwp%2Fv2%2Fmedia&parent=1286"}],"curies":[{"name":"wp","href":"https:\/\/api.w.org\/{rel}","templated":true}]}}